{"id":50109,"date":"2025-11-18T11:17:46","date_gmt":"2025-11-18T10:17:46","guid":{"rendered":"https:\/\/solgaz.eu\/produkt\/piano-di-cottura-a-gas-futura-pro-slim-41-da-incasso-sotto-vetro\/"},"modified":"2025-12-19T11:29:28","modified_gmt":"2025-12-19T10:29:28","slug":"piano-di-cottura-a-gas-futura-pro-slim-41-da-incasso-sotto-vetro","status":"publish","type":"product","link":"https:\/\/solgaz.eu\/it\/produkt\/piano-di-cottura-a-gas-futura-pro-slim-41-da-incasso-sotto-vetro\/","title":{"rendered":"Piano di cottura a gas Futura Pro SLIM 4+1 da incasso sotto vetro"},"content":{"rendered":"<section class=\"l-section wpb_row height_auto\"><div class=\"l-section-h i-cf\"><div class=\"g-cols vc_row via_grid cols_2 laptops-cols_inherit tablets-cols_inherit mobiles-cols_1 valign_middle type_default stacking_default\" style=\"--columns-gap:0rem;\"><div class=\"wpb_column vc_column_container\"><div class=\"vc_column-inner\"><div class=\"w-image has_ratio align_none\"><div class=\"w-image-h\"><div style=\"padding-bottom:75%\"><\/div><img decoding=\"async\" width=\"1024\" height=\"683\" src=\"https:\/\/solgaz.eu\/wp-content\/uploads\/2025\/11\/slim1-1024x683.jpg\" class=\"attachment-large size-large\" alt=\"\" loading=\"lazy\"><\/div><\/div><\/div><\/div><div class=\"wpb_column vc_column_container us_custom_ff837323\"><div class=\"vc_column-overlay\" style=\"background:var(--color-content-bg-alt)\"><\/div><div class=\"vc_column-inner\"><div class=\"wpb_text_column\"><div class=\"wpb_wrapper\"><h3>SOLGAZ FUTURA PRO &#8211; Una rivoluzione in cucina!<\/h3>\n<p><strong>Il piano cottura a gas senza fiamma pi\u00f9 avanzato al mondo<\/strong> \u00e8 ora disponibile per l&#8217;acquisto.<\/p>\n<p>Questo non \u00e8 un normale piano cottura a gas. \u00c8 <g id=\"gid_0\">un&#8217;innovazione tecnologica<\/g> che ti permetter\u00e0 di cucinare come un vero professionista. Ti presentiamo <strong>SOLGAZ FUTURA PRO 4+1 &#8211; un &#8220;game changer&#8221;<\/strong> nel mercato degli elettrodomestici.<\/p>\n<\/div><\/div><\/div><\/div><\/div><\/div><\/section><section class=\"l-section wpb_row height_auto\"><div class=\"l-section-h i-cf\"><div class=\"g-cols vc_row via_grid cols_2 laptops-cols_inherit tablets-cols_inherit mobiles-cols_1 valign_middle type_default stacking_default\" style=\"--columns-gap:0rem;\"><div class=\"wpb_column vc_column_container us_custom_ff837323\"><div class=\"vc_column-inner\"><div class=\"wpb_text_column\"><div class=\"wpb_wrapper\"><h3>Il minimalismo nella sua forma pi\u00f9 pura: FUTURA PRO SLIM<\/h3>\n<p>Il nuovo piano cottura <strong>SOLGAZ FUTURA PRO<\/strong>, disponibile anche nella versione <strong>FUTURA PRO SLIM<\/strong>. \u00c8 l&#8217;essenza del minimalismo moderno. In questo modello abbiamo eliminato la cornice in alluminio sul retro del piano cottura e l&#8217;intera superficie \u00e8 occupata da vetroceramica di alta qualit\u00e0, in cui sono stati praticati solo eleganti fori. Niente di pi\u00f9. Forma pura, linee pulite e massima semplicit\u00e0, a dimostrazione che in questo caso <strong>meno \u00e8 meglio.<\/strong><\/p>\n<\/div><\/div><\/div><\/div><div class=\"wpb_column vc_column_container\"><div class=\"vc_column-inner\"><div class=\"w-image has_ratio align_none\"><div class=\"w-image-h\"><div style=\"padding-bottom:75%\"><\/div><img decoding=\"async\" width=\"683\" height=\"1024\" src=\"https:\/\/solgaz.eu\/wp-content\/uploads\/2025\/11\/slim2-683x1024.jpg\" class=\"attachment-large size-large\" alt=\"\" loading=\"lazy\"><\/div><\/div><\/div><\/div><\/div><\/div><\/section><section class=\"l-section wpb_row height_auto\"><div class=\"l-section-h i-cf\"><div class=\"g-cols vc_row via_grid cols_2 laptops-cols_inherit tablets-cols_inherit mobiles-cols_1 valign_middle type_default stacking_default\" style=\"--columns-gap:0rem;\"><div class=\"wpb_column vc_column_container\"><div class=\"vc_column-inner\"><div class=\"w-image has_ratio align_none\"><div class=\"w-image-h\"><div style=\"padding-bottom:75%\"><\/div><img decoding=\"async\" width=\"1024\" height=\"683\" src=\"https:\/\/solgaz.eu\/wp-content\/uploads\/2025\/11\/slim3-1024x683.jpg\" class=\"attachment-large size-large\" alt=\"\" loading=\"lazy\"><\/div><\/div><\/div><\/div><div class=\"wpb_column vc_column_container us_custom_ff837323\"><div class=\"vc_column-overlay\" style=\"background:var(--color-content-bg-alt)\"><\/div><div class=\"vc_column-inner\"><div class=\"wpb_text_column\"><div class=\"wpb_wrapper\"><h3>Tecnologia a gas sottovetro &#8211; ora nel nuovo design FUTURA PRO<\/h3>\n<p>Da anni SOLGAZ, leader e pioniere di questa tecnologia, detta la tendenza dei piani cottura a gas senza fiamma. <g id=\"gid_0\">FUTURA PRO<\/g> \u00e8 l&#8217;ultima e pi\u00f9 avanzata generazione dell&#8217;innovazione &#8220;gas-sotto-vetro&#8221;, con bruciatori a scomparsa, combustione catalitica e un elegante pannello in ceramica. <strong>Maggiore economia, totale sicurezza, assenza di fuliggine e precisione nella cottura<\/strong>: tutto ci\u00f2 che ti aspetti dalla cucina del futuro.<\/p>\n<\/div><\/div><\/div><\/div><\/div><\/div><\/section><section class=\"l-section wpb_row height_auto\"><div class=\"l-section-h i-cf\"><div class=\"g-cols vc_row via_grid cols_2 laptops-cols_inherit tablets-cols_inherit mobiles-cols_1 valign_middle type_default stacking_default\" style=\"--columns-gap:0rem;\"><div class=\"wpb_column vc_column_container us_custom_ff837323\"><div class=\"vc_column-inner\"><div class=\"wpb_text_column\"><div class=\"wpb_wrapper\"><h3>Invece del classico &#8220;ciclo&#8221; &#8211; accensione silenziosa al plasma<\/h3>\n<p>Il piano cottura SOLGAZ FUTURA PRO porta una rivoluzione in cucina con la sua <strong>innovativa accensione al plasma.<\/strong> Si tratta di un silenzio assoluto dove finora regnava il rumore delle scintille. Cucinare diventa non solo pi\u00f9 comodo, ma anche pi\u00f9 moderno, come nella cucina del futuro. Sono i dettagli a creare la perfezione e l&#8217;<strong>accensione al plasma \u00e8 uno di quei dettagli che fanno una grande differenza.<\/strong><\/p>\n<\/div><\/div><\/div><\/div><div class=\"wpb_column vc_column_container\"><div class=\"vc_column-inner\"><div class=\"w-image has_ratio align_none\"><div class=\"w-image-h\"><div style=\"padding-bottom:75%\"><\/div><img decoding=\"async\" width=\"1024\" height=\"682\" src=\"https:\/\/solgaz.eu\/wp-content\/uploads\/2025\/10\/futura-4-1024x682.jpg\" class=\"attachment-large size-large\" alt=\"\" loading=\"lazy\"><\/div><\/div><\/div><\/div><\/div><\/div><\/section><section class=\"l-section wpb_row height_auto\"><div class=\"l-section-h i-cf\"><div class=\"g-cols vc_row via_grid cols_2 laptops-cols_inherit tablets-cols_inherit mobiles-cols_1 valign_middle type_default stacking_default\" style=\"--columns-gap:0rem;\"><div class=\"wpb_column vc_column_container\"><div class=\"vc_column-inner\"><div class=\"w-image has_ratio align_none\"><div class=\"w-image-h\"><div style=\"padding-bottom:75%\"><\/div><img decoding=\"async\" width=\"1024\" height=\"576\" src=\"https:\/\/solgaz.eu\/wp-content\/uploads\/2025\/10\/futura-5-1024x576.jpg\" class=\"attachment-large size-large\" alt=\"\" loading=\"lazy\"><\/div><\/div><\/div><\/div><div class=\"wpb_column vc_column_container us_custom_ff837323\"><div class=\"vc_column-overlay\" style=\"background:var(--color-content-bg-alt)\"><\/div><div class=\"vc_column-inner\"><div class=\"wpb_text_column\"><div class=\"wpb_wrapper\"><h3>Invece di tirare a indovinare, controlla completamente la temperatura<\/h3>\n<p>Con SOLGAZ FUTURA PRO <strong>puoi controllare la potenza con precisione in gradi Celsius,<\/strong> da 50 a 250\u00b0C. Si tratta di un&#8217;innovazione nel campo dei piani cottura a gas. Ti permette di cucinare esattamente come richiesto dalla ricetta: sciogliere delicatamente il cioccolato, cuocere perfettamente a fuoco lento o saltare rapidamente &#8211; tutto sotto il tuo controllo.    <strong>Tu lo imposti, la scheda risponde.<\/strong>  Precisione al livello di una cucina professionale a casa tua.<\/p>\n<\/div><\/div><\/div><\/div><\/div><\/div><\/section><section class=\"l-section wpb_row height_auto\"><div class=\"l-section-h i-cf\"><div class=\"g-cols vc_row via_grid cols_2 laptops-cols_inherit tablets-cols_inherit mobiles-cols_1 valign_middle type_default stacking_default\" style=\"--columns-gap:0rem;\"><div class=\"wpb_column vc_column_container us_custom_ff837323\"><div class=\"vc_column-inner\"><div class=\"wpb_text_column\"><div class=\"wpb_wrapper\"><h3>FUTURA PRO \u00e8 una soluzione sicura per la tua casa<\/h3>\n<p>I doppi sistemi di sicurezza incorporati nel piano di cottura danno il massimo senso di sicurezza. I bruciatori catalitici che bruciano il gas convertono il calore ricevuto in raggi infrarossi. Ogni bruciatore \u00e8 dotato di un sistema di combustione del gas individuale, che garantisce <strong>emissioni di CO 10 volte inferiori<\/strong> rispetto agli standard stabiliti. Inoltre, quando qualcosa salta fuori dal piano cottura, l&#8217;apparecchio si spegne automaticamente, emettendo un segnale acustico.   <\/p>\n<p>Sonde specializzate monitorano costantemente il processo di combustione del gas, garantendo un comfort totale e un senso di sicurezza.<\/p>\n<\/div><\/div><\/div><\/div><div class=\"wpb_column vc_column_container\"><div class=\"vc_column-inner\"><div class=\"w-image has_ratio align_none\"><div class=\"w-image-h\"><div style=\"padding-bottom:75%\"><\/div><img decoding=\"async\" width=\"1024\" height=\"768\" src=\"https:\/\/solgaz.eu\/wp-content\/uploads\/2025\/11\/Futura-Slim-_2close-1-1024x768.jpg\" class=\"attachment-large size-large\" alt=\"\" loading=\"lazy\"><\/div><\/div><\/div><\/div><\/div><\/div><\/section><section class=\"l-section wpb_row height_auto\"><div class=\"l-section-h i-cf\"><div class=\"g-cols vc_row via_grid cols_2 laptops-cols_inherit tablets-cols_inherit mobiles-cols_1 valign_middle type_default stacking_default\" style=\"--columns-gap:0rem;\"><div class=\"wpb_column vc_column_container\"><div class=\"vc_column-inner\"><div class=\"w-image has_ratio align_none\"><div class=\"w-image-h\"><div style=\"padding-bottom:75%\"><\/div><img decoding=\"async\" width=\"1024\" height=\"682\" src=\"https:\/\/solgaz.eu\/wp-content\/uploads\/2025\/10\/futura-9-1024x682.jpg\" class=\"attachment-large size-large\" alt=\"\" loading=\"lazy\"><\/div><\/div><\/div><\/div><div class=\"wpb_column vc_column_container us_custom_ff837323\"><div class=\"vc_column-overlay\" style=\"background:var(--color-content-bg-alt)\"><\/div><div class=\"vc_column-inner\"><div class=\"wpb_text_column\"><div class=\"wpb_wrapper\"><h3>Una cucina sicura e accogliente per gli anziani<\/h3>\n<p>I nostri piani cottura a gas garantiscono la massima sicurezza quando si cucina e sono un&#8217;ottima alternativa anche per gli anziani. Se l&#8217;apparecchio rileva qualche anomalia, l&#8217;utente sentir\u00e0 immediatamente un segnale acustico e vedr\u00e0 un messaggio sul display. E se per caso ti dimentichi di spegnere il piano cottura, lo far\u00e0 lui per te. Il pannello di controllo semplice e chiaro rende il funzionamento dell&#8217;apparecchio estremamente facile e intuitivo, senza inutili complicazioni. SOLGAZ \u00e8 una tecnologia che si prende cura di te e della tua cucina in ogni momento.<\/p>\n<\/div><\/div><\/div><\/div><\/div><\/div><\/section><section class=\"l-section wpb_row height_auto\"><div class=\"l-section-h i-cf\"><div class=\"g-cols vc_row via_grid cols_2 laptops-cols_inherit tablets-cols_inherit mobiles-cols_1 valign_middle type_default stacking_default\" style=\"--columns-gap:0rem;\"><div class=\"wpb_column vc_column_container us_custom_ff837323\"><div class=\"vc_column-overlay\" style=\"background:var(--color-content-bg-alt)\"><\/div><div class=\"vc_column-inner\"><div class=\"wpb_text_column\"><div class=\"wpb_wrapper\"><h3>Fino al 50% di risparmio<\/h3>\n<p>La tecnologia del gas sottovetro \u00e8 una soluzione molto conveniente.  <strong>Consuma fino al 50% di gas in meno rispetto a una cucina tradizionale.<\/strong>  Il gas viene bruciato cataliticamente a 800 gradi. I bruciatori funzionano in modo ciclico: spengono l&#8217;aspirazione del gas quando la superficie \u00e8 sufficientemente riscaldata e la riaccendono quando \u00e8 necessario. <\/p>\n<p><strong>SOLGAZ FUTURA PRO<\/strong> \u00e8 una combinazione di design moderno, tecnologia innovativa e massima sicurezza che cambia completamente gli standard della cucina di casa. Non \u00e8 solo economica e conveniente, ma \u00e8 soprattutto il futuro della cucina di oggi.<\/p>\n<\/div><\/div><\/div><\/div><div class=\"wpb_column vc_column_container\"><div class=\"vc_column-inner\"><div class=\"w-image has_ratio align_none\"><div class=\"w-image-h\"><div style=\"padding-bottom:75%\"><\/div><img decoding=\"async\" width=\"1024\" height=\"682\" src=\"https:\/\/solgaz.eu\/wp-content\/uploads\/2025\/10\/futura-3-1024x682.jpg\" class=\"attachment-large size-large\" alt=\"\" loading=\"lazy\"><\/div><\/div><\/div><\/div><\/div><\/div><\/section>\n","protected":false},"excerpt":{"rendered":"<p><strong>NUOVO!<\/strong>  FUTURA PRO 4+1 piano cottura a gas da incasso sotto vetro con accensione silenziosa al plasma e controllo preciso della temperatura ora in versione Slim<\/p>\n<p>Piano cottura a gas senza fiamma largo 60 cm <\/p>\n<p>Accensione silenziosa al plasma, controllo preciso della temperatura da 50 a 250 \u00b0C, consumo di gas ridotto fino al 50%, doppio sistema di sicurezza, campo libero supplementare<\/p>\n<p>Funzionalit\u00e0: Booster, Stop&amp;Go, controllo della potenza in \u00b0C, timer, blocco parentale, pannello di controllo touch, indicatore di calore residuo.<\/p>\n","protected":false},"featured_media":49659,"comment_status":"open","ping_status":"closed","template":"","meta":{"_acf_changed":false},"product_cat":[1053,741],"product_tag":[],"class_list":{"0":"post-50109","1":"product","2":"type-product","3":"status-publish","4":"has-post-thumbnail","6":"product_cat-futura","7":"product_cat-piani-di-cottura-a-gas-senza-fiamma","9":"first","10":"instock","11":"shipping-taxable","12":"purchasable","13":"product-type-variable"},"supplier_id":null,"supplier_sku":"","barcode":null,"atum_controlled":true,"out_stock_date":null,"out_stock_threshold":null,"inheritable":true,"inbound_stock":null,"stock_on_hold":5,"sold_today":0,"sales_last_days":0,"reserved_stock":null,"customer_returns":null,"warehouse_damage":null,"lost_in_post":null,"other_logs":null,"out_stock_days":0,"lost_sales":0,"has_location":false,"update_date":"2026-04-04T00:25:27","atum_locations":[],"atum_stock_status":"instock","restock_status":false,"low_stock_amount":"","sales_update_date":"2026-04-04T00:25:27","calc_backorders":null,"acf":[],"_links":{"self":[{"href":"https:\/\/solgaz.eu\/it\/wp-json\/wp\/v2\/product\/50109","targetHints":{"allow":["GET"]}}],"collection":[{"href":"https:\/\/solgaz.eu\/it\/wp-json\/wp\/v2\/product"}],"about":[{"href":"https:\/\/solgaz.eu\/it\/wp-json\/wp\/v2\/types\/product"}],"replies":[{"embeddable":true,"href":"https:\/\/solgaz.eu\/it\/wp-json\/wp\/v2\/comments?post=50109"}],"wp:featuredmedia":[{"embeddable":true,"href":"https:\/\/solgaz.eu\/it\/wp-json\/wp\/v2\/media\/49659"}],"wp:attachment":[{"href":"https:\/\/solgaz.eu\/it\/wp-json\/wp\/v2\/media?parent=50109"}],"wp:term":[{"taxonomy":"product_cat","embeddable":true,"href":"https:\/\/solgaz.eu\/it\/wp-json\/wp\/v2\/product_cat?post=50109"},{"taxonomy":"product_tag","embeddable":true,"href":"https:\/\/solgaz.eu\/it\/wp-json\/wp\/v2\/product_tag?post=50109"}],"curies":[{"name":"wp","href":"https:\/\/api.w.org\/{rel}","templated":true}]}}