{"id":48397,"date":"2025-04-21T14:51:37","date_gmt":"2025-04-21T14:51:37","guid":{"rendered":"https:\/\/solgaz.eu\/produkt\/forno-a-gas-da-incasso-solgaz-spg-67\/"},"modified":"2025-06-23T20:31:16","modified_gmt":"2025-06-23T18:31:16","slug":"forno-a-gas-da-incasso-solgaz-spg-67","status":"publish","type":"product","link":"https:\/\/solgaz.eu\/it\/produkt\/forno-a-gas-da-incasso-solgaz-spg-67\/","title":{"rendered":"Forno a gas da incasso Solgaz SPG-67"},"content":{"rendered":"<section class=\"l-section wpb_row height_auto\"><div class=\"l-section-h i-cf\"><div class=\"g-cols vc_row via_grid cols_2 laptops-cols_inherit tablets-cols_inherit mobiles-cols_1 valign_middle type_default stacking_default\" style=\"--columns-gap:0rem;\"><div class=\"wpb_column vc_column_container\"><div class=\"vc_column-inner\"><div class=\"w-image has_ratio align_none\"><div class=\"w-image-h\"><div style=\"padding-bottom:75%\"><\/div><img decoding=\"async\" width=\"1024\" height=\"542\" src=\"https:\/\/solgaz.eu\/wp-content\/uploads\/2025\/04\/2022_04_01_solgaz_images_1700x900_sk_v08-1024x542.webp\" class=\"attachment-large size-large\" alt=\"\" loading=\"lazy\"><\/div><\/div><\/div><\/div><div class=\"wpb_column vc_column_container us_custom_ff837323\"><div class=\"vc_column-overlay\" style=\"background:var(--color-content-bg-alt)\"><\/div><div class=\"vc_column-inner\"><div class=\"wpb_text_column\"><div class=\"wpb_wrapper\"><h3>Forno a gas Solgaz SPG-67<\/h3>\n<p>Il forno a gas da incasso SOLGAZ SPG-67 \u00e8 un apparecchio professionale e all \u201cavanguardia che ti permetter\u00e0 di completare facilmente anche le ricette pi\u00f9 difficili. \u00c8 stato progettato per la cottura domestica di tutti i giorni. Combina i vantaggi del gas e un\u201d ampia gamma di funzioni. Insieme alle cappe intelligenti e agli innovativi piani di cottura a gas senza fiamma, forma una squadra unica.   <\/p>\n<p>Il forno a gas a ricircolo termico Solgaz SPG-67 \u00e8 estremamente elegante. Si presenta benissimo sia su un pilastro all&#8217;altezza delle spalle che montato sotto il piano cottura. L&#8217;apparecchiatura si adatta perfettamente sia a stanze grandi che a stanze un po&#8217; pi\u00f9 piccole. Il design minimalista del forno esalter\u00e0 la bellezza di qualsiasi cucina, sia moderna che classica.<\/p>\n<\/div><\/div><\/div><\/div><\/div><\/div><\/section><section class=\"l-section wpb_row height_auto\"><div class=\"l-section-h i-cf\"><div class=\"g-cols vc_row via_grid cols_3 laptops-cols_inherit tablets-cols_inherit mobiles-cols_1 valign_top type_boxes stacking_default\" style=\"--columns-gap:0rem;\"><div class=\"wpb_column vc_column_container\"><div class=\"vc_column-inner\"><div class=\"w-image us_custom_c0223bf0 align_none\"><div class=\"w-image-h\"><img decoding=\"async\" width=\"1024\" height=\"1024\" src=\"https:\/\/solgaz.eu\/wp-content\/uploads\/2025\/04\/ikony__2.svg\" class=\"attachment-large size-large\" alt=\"\" loading=\"lazy\"><\/div><\/div><div class=\"wpb_text_column\"><div class=\"wpb_wrapper\"><p><strong>Design<\/strong><\/p>\n<p>Il forno a gas Solgaz ha una superficie liscia e nera, dotata di comandi eleganti e intuitivi.<\/p>\n<\/div><\/div><\/div><\/div><div class=\"wpb_column vc_column_container\"><div class=\"vc_column-inner\"><div class=\"w-image us_custom_c0223bf0 align_none\"><div class=\"w-image-h\"><img decoding=\"async\" width=\"1024\" height=\"1024\" src=\"https:\/\/solgaz.eu\/wp-content\/uploads\/2025\/04\/ikony__4.svg\" class=\"attachment-large size-large\" alt=\"\" loading=\"lazy\"><\/div><\/div><div class=\"wpb_text_column\"><div class=\"wpb_wrapper\"><p><strong>Attrezzatura completa<\/strong><\/p>\n<p>L&#8217;SPG-67 \u00e8 uno degli apparecchi pi\u00f9 attrezzati sul mercato. \u00c8 dotato di griglia, vassoi per arrostire e uno spiedo rotante.<\/p>\n<\/div><\/div><\/div><\/div><div class=\"wpb_column vc_column_container\"><div class=\"vc_column-inner\"><div class=\"w-image us_custom_c0223bf0 align_none\"><div class=\"w-image-h\"><img decoding=\"async\" width=\"1024\" height=\"1024\" src=\"https:\/\/solgaz.eu\/wp-content\/uploads\/2025\/04\/ikony__2.svg\" class=\"attachment-large size-large\" alt=\"\" loading=\"lazy\"><\/div><\/div><div class=\"wpb_text_column\"><div class=\"wpb_wrapper\"><p><strong>Dimensioni ottimali<\/strong><\/p>\n<p>Il forno \u00e8 stato progettato per stare bene sia in una stanza piccola che in una cucina spaziosa.<\/p>\n<\/div><\/div><\/div><\/div><\/div><\/div><\/section><section class=\"l-section wpb_row height_auto\"><div class=\"l-section-h i-cf\"><div class=\"g-cols vc_row via_grid cols_2 laptops-cols_inherit tablets-cols_inherit mobiles-cols_1 valign_middle type_default stacking_default\" style=\"--columns-gap:0rem;\"><div class=\"wpb_column vc_column_container us_custom_ff837323\"><div class=\"vc_column-inner\"><div class=\"wpb_text_column\"><div class=\"wpb_wrapper\"><h3>Forno a gas da incasso SPG-67 &#8211; design e funzionalit\u00e0<\/h3>\n<p>Il design elegante di questo prodotto \u00e8 stato unito alla sua praticit\u00e0. Le funzioni e le possibilit\u00e0 del forno a gas SPG-67 ti permettono di preparare i piatti pi\u00f9 sofisticati. La ventola integrata nella parte posteriore dell&#8217;apparecchio distribuisce uniformemente la temperatura nella camera di cottura, consentendoti di preparare prodotti da forno perfetti.  <\/p>\n<p>Il forno a gas Solgaz \u00e8 dotato di teglie per arrostire, una piastra e uno spiedo per girarrosto che ti aiuteranno a preparare deliziosi polli, mentre l&#8217;ampia capacit\u00e0 ti permetter\u00e0 di inserire tutti gli alimenti.<\/p>\n<\/div><\/div><\/div><\/div><div class=\"wpb_column vc_column_container\"><div class=\"vc_column-inner\"><div class=\"w-image has_ratio align_none\"><div class=\"w-image-h\"><div style=\"padding-bottom:75%\"><\/div><img decoding=\"async\" width=\"928\" height=\"530\" src=\"https:\/\/solgaz.eu\/wp-content\/uploads\/2025\/04\/gazowy-Solgaz-SPG-67.webp\" class=\"attachment-large size-large\" alt=\"\" loading=\"lazy\"><\/div><\/div><\/div><\/div><\/div><\/div><\/section><section class=\"l-section wpb_row height_auto\"><div class=\"l-section-h i-cf\"><div class=\"g-cols vc_row via_grid cols_3 laptops-cols_inherit tablets-cols_inherit mobiles-cols_1 valign_top type_boxes stacking_default\" style=\"--columns-gap:0rem;\"><div class=\"wpb_column vc_column_container\"><div class=\"vc_column-inner\"><div class=\"w-image us_custom_c0223bf0 align_none\"><div class=\"w-image-h\"><img decoding=\"async\" width=\"1024\" height=\"1024\" src=\"https:\/\/solgaz.eu\/wp-content\/uploads\/2025\/04\/ikony__7.svg\" class=\"attachment-large size-large\" alt=\"\" loading=\"lazy\"><\/div><\/div><div class=\"wpb_text_column\"><div class=\"wpb_wrapper\"><p><strong>Grande capacit\u00e0<\/strong><\/p>\n<p>Il forno a gas SPG ha una capacit\u00e0 interna di 67 litri. Questo ti garantisce che anche piatti come il tacchino possano entrare senza problemi.<\/p>\n<\/div><\/div><\/div><\/div><div class=\"wpb_column vc_column_container\"><div class=\"vc_column-inner\"><div class=\"w-image us_custom_c0223bf0 align_none\"><div class=\"w-image-h\"><img decoding=\"async\" width=\"1024\" height=\"1024\" src=\"https:\/\/solgaz.eu\/wp-content\/uploads\/2025\/04\/ikony__8.svg\" class=\"attachment-large size-large\" alt=\"\" loading=\"lazy\"><\/div><\/div><div class=\"wpb_text_column\"><div class=\"wpb_wrapper\"><p><strong>Girarrosto<\/strong><\/p>\n<p>Una funzione importante per tutti gli amanti del pollo arrosto<\/p>\n<\/div><\/div><\/div><\/div><div class=\"wpb_column vc_column_container\"><div class=\"vc_column-inner\"><div class=\"w-image us_custom_c0223bf0 align_none\"><div class=\"w-image-h\"><img decoding=\"async\" width=\"1024\" height=\"1024\" src=\"https:\/\/solgaz.eu\/wp-content\/uploads\/2025\/04\/ikony__6.svg\" class=\"attachment-large size-large\" alt=\"\" loading=\"lazy\"><\/div><\/div><div class=\"wpb_text_column\"><div class=\"wpb_wrapper\"><p><strong>Termo-circolazione<\/strong><\/p>\n<p>Permette una cottura uniforme<\/p>\n<\/div><\/div><\/div><\/div><\/div><\/div><\/section><section class=\"l-section wpb_row height_auto\"><div class=\"l-section-h i-cf\"><div class=\"g-cols vc_row via_grid cols_2 laptops-cols_inherit tablets-cols_inherit mobiles-cols_1 valign_middle type_default stacking_default\" style=\"--columns-gap:0rem;\"><div class=\"wpb_column vc_column_container\"><div class=\"vc_column-inner\"><div class=\"w-image has_ratio align_none\"><div class=\"w-image-h\"><div style=\"padding-bottom:75%\"><\/div><img decoding=\"async\" width=\"1024\" height=\"640\" src=\"https:\/\/solgaz.eu\/wp-content\/uploads\/2025\/04\/PiecVis_C-1024x640.jpg\" class=\"attachment-large size-large\" alt=\"\" loading=\"lazy\"><\/div><\/div><\/div><\/div><div class=\"wpb_column vc_column_container us_custom_ff837323\"><div class=\"vc_column-overlay\" style=\"background:var(--color-content-bg-alt)\"><\/div><div class=\"vc_column-inner\"><div class=\"wpb_text_column\"><div class=\"wpb_wrapper\"><p>I forni a gas sono facili da pulire. L&#8217;interno della camera di cottura \u00e8 rivestito con uno smalto speciale, che ha una superficie estremamente scivolosa. Grazie alla presenza di questo rivestimento, la pulizia del forno non solo \u00e8 molto veloce, ma anche comoda.  <\/p>\n<p>Il forno a gas Solgaz \u00e8 un elettrodomestico completamente sicuro anche in una casa con bambini piccoli. Lo sportello a triplo vetro protegge dalle scottature delle mani, poich\u00e9 la parte anteriore rimane sempre fresca anche quando si cuoce ad alte temperature. L&#8217;affidabile sistema di sicurezza utilizzato nel forno a gas SPG-67 ti d\u00e0 la massima sensazione di sicurezza.  <\/p>\n<p>Combinare le funzioni necessarie per la cottura al forno con l&#8217;utilizzo del gas, la fonte di energia pi\u00f9 economica disponibile, garantisce un risparmio. \u00c8 la soluzione pi\u00f9 economica in assoluto.<\/p>\n<\/div><\/div><\/div><\/div><\/div><\/div><\/section><section class=\"l-section wpb_row height_auto\"><div class=\"l-section-h i-cf\"><div class=\"g-cols vc_row via_grid cols_3 laptops-cols_inherit tablets-cols_inherit mobiles-cols_1 valign_top type_boxes stacking_default\" style=\"--columns-gap:0rem;\"><div class=\"wpb_column vc_column_container\"><div class=\"vc_column-inner\"><div class=\"w-image us_custom_c0223bf0 align_none\"><div class=\"w-image-h\"><img decoding=\"async\" width=\"1024\" height=\"1024\" src=\"https:\/\/solgaz.eu\/wp-content\/uploads\/2025\/04\/ikony__3.svg\" class=\"attachment-large size-large\" alt=\"\" loading=\"lazy\"><\/div><\/div><div class=\"wpb_text_column\"><div class=\"wpb_wrapper\"><p><strong>Facile da pulire<br \/>\n<\/strong><\/p>\n<p>L&#8217;interno della cavit\u00e0 del forno \u00e8 rivestito con uno smalto speciale, che ha una superficie estremamente scivolosa. Grazie alla presenza di questo rivestimento, la pulizia del forno non solo \u00e8 molto veloce ma anche comoda.<\/p>\n<\/div><\/div><\/div><\/div><div class=\"wpb_column vc_column_container\"><div class=\"vc_column-inner\"><div class=\"w-image us_custom_c0223bf0 align_none\"><div class=\"w-image-h\"><img decoding=\"async\" width=\"1024\" height=\"1024\" src=\"https:\/\/solgaz.eu\/wp-content\/uploads\/2025\/04\/ikony__5-1.svg\" class=\"attachment-large size-large\" alt=\"\" loading=\"lazy\"><\/div><\/div><div class=\"wpb_text_column\"><div class=\"wpb_wrapper\"><p><strong>Risparmio<\/strong><\/p>\n<p>Combinando le funzioni necessarie per la cottura al forno con l&#8217;utilizzo del gas, la fonte di energia pi\u00f9 economica disponibile, il risparmio \u00e8 garantito. \u00c8 la soluzione pi\u00f9 economica in assoluto.<\/p>\n<\/div><\/div><\/div><\/div><div class=\"wpb_column vc_column_container\"><div class=\"vc_column-inner\"><div class=\"w-image us_custom_c0223bf0 align_none\"><div class=\"w-image-h\"><img decoding=\"async\" width=\"1024\" height=\"1024\" src=\"https:\/\/solgaz.eu\/wp-content\/uploads\/2025\/04\/ikony__8.svg\" class=\"attachment-large size-large\" alt=\"\" loading=\"lazy\"><\/div><\/div><div class=\"wpb_text_column\"><div class=\"wpb_wrapper\"><p><strong>Sicurezza<\/strong><\/p>\n<p>L&#8217;affidabile sistema di sicurezza del forno ti garantisce la massima tranquillit\u00e0.<\/p>\n<\/div><\/div><\/div><\/div><\/div><\/div><\/section><section class=\"l-section wpb_row height_auto\"><div class=\"l-section-h i-cf\"><div class=\"g-cols vc_row via_grid cols_2 laptops-cols_inherit tablets-cols_inherit mobiles-cols_1 valign_middle type_default stacking_default\" style=\"--columns-gap:0rem;\"><div class=\"wpb_column vc_column_container us_custom_ff837323\"><div class=\"vc_column-inner\"><div class=\"wpb_text_column\"><div class=\"wpb_wrapper\"><h3>Come funziona un forno a gas?<\/h3>\n<p>Per alimentare il forno viene utilizzato il gas naturale proveniente dalla rete di distribuzione del gas. Il forno \u00e8 dotato di un cosiddetto bordo di fiamma a gas all \u201cinterno della camera, posizionato in alto e in basso. Questo ti permette di scegliere il riscaldamento superiore o inferiore, a seconda delle tue esigenze. La temperatura all\u201d interno della camera di cottura viene distribuita in modo uniforme grazie al termo-circuito, una ventola situata sul retro del forno a gas.<\/p>\n<\/div><\/div><\/div><\/div><div class=\"wpb_column vc_column_container\"><div class=\"vc_column-inner\"><div class=\"w-image has_ratio align_none\"><div class=\"w-image-h\"><div style=\"padding-bottom:75%\"><\/div><img decoding=\"async\" width=\"1024\" height=\"640\" src=\"https:\/\/solgaz.eu\/wp-content\/uploads\/2025\/04\/PiecVis_A-1024x640.jpg\" class=\"attachment-large size-large\" alt=\"\" loading=\"lazy\"><\/div><\/div><\/div><\/div><\/div><\/div><\/section>\n","protected":false},"excerpt":{"rendered":"<p>Forno a gas da 60 cm montato su mobile<\/p>\n<p>Economico e moderno.<\/p>\n<p>Funzionalit\u00e0: 67L, termocircolazione, spiedo rotante, guide telescopiche.<\/p>\n","protected":false},"featured_media":48398,"comment_status":"open","ping_status":"closed","template":"","meta":{"_acf_changed":false},"product_cat":[844,1019],"product_tag":[],"class_list":{"0":"post-48397","1":"product","2":"type-product","3":"status-publish","4":"has-post-thumbnail","6":"product_cat-forni","7":"product_cat-forni-a-gas","9":"first","10":"outofstock","11":"shipping-taxable","12":"purchasable","13":"product-type-simple"},"supplier_id":null,"supplier_sku":"","barcode":null,"atum_controlled":true,"out_stock_date":null,"out_stock_threshold":null,"inheritable":false,"inbound_stock":null,"stock_on_hold":16,"sold_today":0,"sales_last_days":0,"reserved_stock":null,"customer_returns":null,"warehouse_damage":null,"lost_in_post":null,"other_logs":null,"out_stock_days":0,"lost_sales":0,"has_location":false,"update_date":"2026-04-07T00:28:01","atum_locations":[],"atum_stock_status":"outofstock","restock_status":false,"low_stock_amount":"","sales_update_date":"2026-04-07T00:28:01","calc_backorders":null,"acf":[],"_links":{"self":[{"href":"https:\/\/solgaz.eu\/it\/wp-json\/wp\/v2\/product\/48397","targetHints":{"allow":["GET"]}}],"collection":[{"href":"https:\/\/solgaz.eu\/it\/wp-json\/wp\/v2\/product"}],"about":[{"href":"https:\/\/solgaz.eu\/it\/wp-json\/wp\/v2\/types\/product"}],"replies":[{"embeddable":true,"href":"https:\/\/solgaz.eu\/it\/wp-json\/wp\/v2\/comments?post=48397"}],"wp:featuredmedia":[{"embeddable":true,"href":"https:\/\/solgaz.eu\/it\/wp-json\/wp\/v2\/media\/48398"}],"wp:attachment":[{"href":"https:\/\/solgaz.eu\/it\/wp-json\/wp\/v2\/media?parent=48397"}],"wp:term":[{"taxonomy":"product_cat","embeddable":true,"href":"https:\/\/solgaz.eu\/it\/wp-json\/wp\/v2\/product_cat?post=48397"},{"taxonomy":"product_tag","embeddable":true,"href":"https:\/\/solgaz.eu\/it\/wp-json\/wp\/v2\/product_tag?post=48397"}],"curies":[{"name":"wp","href":"https:\/\/api.w.org\/{rel}","templated":true}]}}