{"id":48339,"date":"2025-04-21T14:51:38","date_gmt":"2025-04-21T14:51:38","guid":{"rendered":"https:\/\/solgaz.eu\/produkt\/piano-cottura-a-gas-su-vetro-solgaz-gnc-4-auto\/"},"modified":"2025-07-08T07:59:47","modified_gmt":"2025-07-08T05:59:47","slug":"piano-cottura-a-gas-su-vetro-solgaz-gnc-4-auto","status":"publish","type":"product","link":"https:\/\/solgaz.eu\/it\/produkt\/piano-cottura-a-gas-su-vetro-solgaz-gnc-4-auto\/","title":{"rendered":"Piano cottura a gas su vetro Solgaz GNC 4 Auto"},"content":{"rendered":"<section class=\"l-section wpb_row height_auto\"><div class=\"l-section-h i-cf\"><div class=\"g-cols vc_row via_grid cols_2 laptops-cols_inherit tablets-cols_inherit mobiles-cols_1 valign_middle type_default stacking_default\" style=\"--columns-gap:0rem;\"><div class=\"wpb_column vc_column_container\"><div class=\"vc_column-inner\"><div class=\"w-image has_ratio align_none\"><div class=\"w-image-h\"><div style=\"padding-bottom:75%\"><\/div><img decoding=\"async\" width=\"1024\" height=\"542\" src=\"https:\/\/solgaz.eu\/wp-content\/uploads\/2025\/04\/2022_04_01_solgaz_images_1700x900_sk_v07-1024x542.webp\" class=\"attachment-large size-large\" alt=\"\" loading=\"lazy\"><\/div><\/div><\/div><\/div><div class=\"wpb_column vc_column_container us_custom_ff837323\"><div class=\"vc_column-overlay\" style=\"background:var(--color-content-bg-alt)\"><\/div><div class=\"vc_column-inner\"><div class=\"wpb_text_column\"><div class=\"wpb_wrapper\"><h3>Piano cottura a gas Solgaz GNC 4 Auto<\/h3>\n<p>Il piano cottura a gas Solgaz GNC 4 Auto glass top \u00e8 dotato delle pi\u00f9 recenti funzioni per rendere la cottura pi\u00f9 semplice che mai. Il nostro piano cottura a gas permette di cucinare in modo preciso, veloce ed efficiente, mantenendo il gusto dei tuoi piatti. Grazie ai sensori integrati e all \u201celettronica avanzata, l\u201d apparecchio monitora la temperatura della pentola o del bollitore e si spegne al momento giusto.  <\/p>\n<p>Solgaz GNC 4-AUTO si riveler\u00e0 agli amanti della cucina tradizionale. L&#8217;apparecchio colpisce per il suo design minimalista e semplice che esalter\u00e0 la bellezza delle cucine classiche e moderne.<\/p>\n<\/div><\/div><\/div><\/div><\/div><\/div><\/section><section class=\"l-section wpb_row height_auto\"><div class=\"l-section-h i-cf\"><div class=\"g-cols vc_row via_grid cols_3 laptops-cols_inherit tablets-cols_inherit mobiles-cols_1 valign_top type_boxes stacking_default\" style=\"--columns-gap:0rem;\"><div class=\"wpb_column vc_column_container\"><div class=\"vc_column-inner\"><div class=\"w-image us_custom_c0223bf0 align_none\"><div class=\"w-image-h\"><img decoding=\"async\" width=\"1024\" height=\"1024\" src=\"https:\/\/solgaz.eu\/wp-content\/uploads\/2025\/04\/ikony__7.svg\" class=\"attachment-large size-large\" alt=\"\" loading=\"lazy\"><\/div><\/div><div class=\"wpb_text_column\"><div class=\"wpb_wrapper\"><p><strong>Precisione di cottura<\/strong><\/p>\n<p>La GNC 4 Auto si distingue per i suoi 25 livelli di potenza. Il controllo graduale della fiamma consente di controllare con precisione la situazione: la temperatura pu\u00f2 aumentare o diminuire di un grado.<\/p>\n<\/div><\/div><\/div><\/div><div class=\"wpb_column vc_column_container\"><div class=\"vc_column-inner\"><div class=\"w-image us_custom_c0223bf0 align_none\"><div class=\"w-image-h\"><img decoding=\"async\" width=\"1024\" height=\"1024\" src=\"https:\/\/solgaz.eu\/wp-content\/uploads\/2025\/04\/ikony__2.svg\" class=\"attachment-large size-large\" alt=\"\" loading=\"lazy\"><\/div><\/div><div class=\"wpb_text_column\"><div class=\"wpb_wrapper\"><p><strong>Funzione bollitore elettrico<\/strong><\/p>\n<p>Il piano cottura a gas GNC 4-AUTO fa bollire l&#8217;acqua da solo e spegne il bruciatore. Il funzionamento \u00e8 quindi simile a quello di un bollitore elettrico.<\/p>\n<\/div><\/div><\/div><\/div><div class=\"wpb_column vc_column_container\"><div class=\"vc_column-inner\"><div class=\"w-image us_custom_c0223bf0 align_none\"><div class=\"w-image-h\"><img decoding=\"async\" width=\"1024\" height=\"1024\" src=\"https:\/\/solgaz.eu\/wp-content\/uploads\/2025\/04\/ikony__6.svg\" class=\"attachment-large size-large\" alt=\"\" loading=\"lazy\"><\/div><\/div><div class=\"wpb_text_column\"><div class=\"wpb_wrapper\"><p><strong>Booster<\/strong><\/p>\n<p>Cottura pi\u00f9 rapida grazie all&#8217;aumento della potenza dei bruciatori sui piani di cottura a gas GNC 4 AUTO<\/p>\n<\/div><\/div><\/div><\/div><\/div><\/div><\/section><section class=\"l-section wpb_row height_auto\"><div class=\"l-section-h i-cf\"><div class=\"g-cols vc_row via_grid cols_2 laptops-cols_inherit tablets-cols_inherit mobiles-cols_1 valign_middle type_default stacking_default\" style=\"--columns-gap:0rem;\"><div class=\"wpb_column vc_column_container us_custom_ff837323\"><div class=\"vc_column-inner\"><div class=\"wpb_text_column\"><div class=\"wpb_wrapper\"><h3>Piano cottura a gas su vetro Solgaz GNC 4-AUTO<\/h3>\n<p>\u00e8 il miglior piano cottura a gas con bruciatori in ceramica. \u00c8 dotato di un sensore situato nel design telescopico, che garantisce una corretta aderenza al fondo della pentola. Il sensore monitora la temperatura e ti informa sulla situazione di un particolare bruciatore. Grazie a questa funzione, saprai se \u00e8 stata raggiunta una determinata temperatura all&#8217;interno della pentola. Puoi controllare rapidamente se l&#8217;acqua nel bollitore sta gi\u00e0 bollendo e se l&#8217;olio sta per bruciare. Il sensore intelligente reagisce immediatamente, cos\u00ec saprai esattamente a che punto di cottura si trova il cibo.<\/p>\n<\/div><\/div><\/div><\/div><div class=\"wpb_column vc_column_container\"><div class=\"vc_column-inner\"><div class=\"w-image has_ratio align_none\"><div class=\"w-image-h\"><div style=\"padding-bottom:75%\"><\/div><img decoding=\"async\" width=\"1024\" height=\"640\" src=\"https:\/\/solgaz.eu\/wp-content\/uploads\/2025\/04\/marmur1-scaled-1-1024x640.jpg\" class=\"attachment-large size-large\" alt=\"\" loading=\"lazy\"><\/div><\/div><\/div><\/div><\/div><\/div><\/section><section class=\"l-section wpb_row height_auto\"><div class=\"l-section-h i-cf\"><div class=\"g-cols vc_row via_grid cols_3 laptops-cols_inherit tablets-cols_inherit mobiles-cols_1 valign_top type_boxes stacking_default\" style=\"--columns-gap:0rem;\"><div class=\"wpb_column vc_column_container\"><div class=\"vc_column-inner\"><div class=\"w-image us_custom_c0223bf0 align_none\"><div class=\"w-image-h\"><img decoding=\"async\" width=\"1024\" height=\"1024\" src=\"https:\/\/solgaz.eu\/wp-content\/uploads\/2025\/04\/ikony__10.svg\" class=\"attachment-large size-large\" alt=\"\" loading=\"lazy\"><\/div><\/div><div class=\"wpb_text_column\"><div class=\"wpb_wrapper\"><p><strong>Timer\/minuto<br \/>\n<\/strong><\/p>\n<p> Allo scadere del tempo impostato, il piano cottura si spegne da solo \/ emette un segnale acustico.<\/p>\n<\/div><\/div><\/div><\/div><div class=\"wpb_column vc_column_container\"><div class=\"vc_column-inner\"><div class=\"w-image us_custom_c0223bf0 align_none\"><div class=\"w-image-h\"><img decoding=\"async\" width=\"1024\" height=\"1024\" src=\"https:\/\/solgaz.eu\/wp-content\/uploads\/2025\/04\/ikony__8.svg\" class=\"attachment-large size-large\" alt=\"\" loading=\"lazy\"><\/div><\/div><div class=\"wpb_text_column\"><div class=\"wpb_wrapper\"><p><strong>Controlli parentali<br \/>\n<\/strong><\/p>\n<p>Per motivi di sicurezza, il piano cottura \u00e8 dotato di un pulsante di blocco all \u201caccensione. Questo garantisce che l\u201d apparecchio non si accenda accidentalmente.<\/p>\n<\/div><\/div><\/div><\/div><div class=\"wpb_column vc_column_container\"><div class=\"vc_column-inner\"><div class=\"w-image us_custom_c0223bf0 align_none\"><div class=\"w-image-h\"><img decoding=\"async\" width=\"1024\" height=\"1024\" src=\"https:\/\/solgaz.eu\/wp-content\/uploads\/2025\/04\/ikony__4.svg\" class=\"attachment-large size-large\" alt=\"\" loading=\"lazy\"><\/div><\/div><div class=\"wpb_text_column\"><div class=\"wpb_wrapper\"><p><strong>Stop&amp;Go<br \/>\n<\/strong><\/p>\n<p>Basta un pulsante per mettere in pausa il piano cottura. Hai bisogno di una pausa improvvisa dalla preparazione della cena? Premi pausa e, al tuo ritorno, avvia il piano cottura con le impostazioni precedenti intatte. GNC 4 AUTO ricorder\u00e0 tutti i parametri.<\/p>\n<\/div><\/div><\/div><\/div><\/div><\/div><\/section><section class=\"l-section wpb_row height_auto\"><div class=\"l-section-h i-cf\"><div class=\"g-cols vc_row via_grid cols_2 laptops-cols_inherit tablets-cols_inherit mobiles-cols_1 valign_middle type_default stacking_default\" style=\"--columns-gap:0rem;\"><div class=\"wpb_column vc_column_container\"><div class=\"vc_column-inner\"><div class=\"w-image has_ratio align_none\"><div class=\"w-image-h\"><div style=\"padding-bottom:75%\"><\/div><img decoding=\"async\" width=\"1024\" height=\"640\" src=\"https:\/\/solgaz.eu\/wp-content\/uploads\/2025\/04\/GNC4-scaled-1-1024x640.jpg\" class=\"attachment-large size-large\" alt=\"\" loading=\"lazy\"><\/div><\/div><\/div><\/div><div class=\"wpb_column vc_column_container us_custom_ff837323\"><div class=\"vc_column-overlay\" style=\"background:var(--color-content-bg-alt)\"><\/div><div class=\"vc_column-inner\"><div class=\"wpb_text_column\"><div class=\"wpb_wrapper\"><h3>Piano di cottura a gas Solgaz GNC 4-Auto su vetro &#8211; tante pratiche funzioni<\/h3>\n<p>Il piano cottura a gas Solgaz \u00e8 dotato di funzioni che facilitano la cottura quotidiana. La funzione bollitore elettrico spegne l \u201capparecchio quando l\u201d acqua bolle, l \u201cimpostazione della temperatura consente di cucinare in modo preciso e la funzione di pausa permette all\u201d apparecchio di fermarsi e riprendere dopo un certo tempo con le stesse impostazioni.<\/p>\n<\/div><\/div><\/div><\/div><\/div><\/div><\/section><section class=\"l-section wpb_row height_auto\"><div class=\"l-section-h i-cf\"><div class=\"g-cols vc_row via_grid cols_3 laptops-cols_inherit tablets-cols_inherit mobiles-cols_1 valign_top type_boxes stacking_default\" style=\"--columns-gap:0rem;\"><div class=\"wpb_column vc_column_container\"><div class=\"vc_column-inner\"><div class=\"w-image us_custom_c0223bf0 align_none\"><div class=\"w-image-h\"><img decoding=\"async\" width=\"1024\" height=\"1024\" src=\"https:\/\/solgaz.eu\/wp-content\/uploads\/2025\/04\/ikony__11.svg\" class=\"attachment-large size-large\" alt=\"\" loading=\"lazy\"><\/div><\/div><div class=\"wpb_text_column\"><div class=\"wpb_wrapper\"><p><strong>Cottura automatica<br \/>\n<\/strong><\/p>\n<p>Tutto ci\u00f2 che devi fare \u00e8 selezionare la temperatura che vuoi mantenere all \u201cinterno della pentola. Il piano cottura ridurr\u00e0, aumenter\u00e0 o spegner\u00e0 autonomamente il bruciatore quando l\u201d interno della pentola raggiunger\u00e0 la temperatura ideale.<\/p>\n<\/div><\/div><\/div><\/div><div class=\"wpb_column vc_column_container\"><div class=\"vc_column-inner\"><div class=\"w-image us_custom_c0223bf0 align_none\"><div class=\"w-image-h\"><img decoding=\"async\" width=\"1024\" height=\"1024\" src=\"https:\/\/solgaz.eu\/wp-content\/uploads\/2025\/04\/ikony__3.svg\" class=\"attachment-large size-large\" alt=\"\" loading=\"lazy\"><\/div><\/div><div class=\"wpb_text_column\"><div class=\"wpb_wrapper\"><p><strong>Facile da pulire<br \/>\n<\/strong><\/p>\n<p>Il piano cottura a gas GNC 4 Auto ha una superficie liscia in ceramica con un pannello di controllo touch. In questo modo \u00e8 facile mantenere il piano cottura pulito e garantisce un aspetto estetico gradevole durante l&#8217;uso quotidiano.<\/p>\n<\/div><\/div><\/div><\/div><div class=\"wpb_column vc_column_container\"><div class=\"vc_column-inner\"><div class=\"w-image us_custom_c0223bf0 align_none\"><div class=\"w-image-h\"><img decoding=\"async\" width=\"1024\" height=\"1024\" src=\"https:\/\/solgaz.eu\/wp-content\/uploads\/2025\/04\/ikony__8.svg\" class=\"attachment-large size-large\" alt=\"\" loading=\"lazy\"><\/div><\/div><div class=\"wpb_text_column\"><div class=\"wpb_wrapper\"><p><strong>Sicurezza<\/strong><\/p>\n<p>I doppi sistemi di sicurezza incorporati nel piano cottura danno il massimo senso di sicurezza. I bruciatori catalitici che bruciano il gas convertono il calore ricevuto in raggi infrarossi. Ogni bruciatore \u00e8 dotato di un sistema di combustione del gas individuale. Non c \u201c\u00e8 alcun problema di fuoriuscita incontrollata di gas. Inoltre, quando qualcosa si rovescia sul piano di cottura, l\u201d apparecchio si spegne automaticamente, emettendo un segnale acustico.<\/p>\n<\/div><\/div><\/div><\/div><\/div><\/div><\/section>\n","protected":false},"excerpt":{"rendered":"<p>Il tuo assistente in cucina. Mantiene la giusta temperatura, fa bollire l&#8217;acqua e si spegne al momento giusto. <\/p>\n<p>Per mobili di larghezza: 60 cm.<\/p>\n","protected":false},"featured_media":48342,"comment_status":"open","ping_status":"closed","template":"","meta":{"_acf_changed":false},"product_cat":[1020],"product_tag":[],"class_list":{"0":"post-48339","1":"product","2":"type-product","3":"status-publish","4":"has-post-thumbnail","6":"product_cat-piani-cottura-a-gas-su-vetro","8":"first","9":"instock","10":"shipping-taxable","11":"purchasable","12":"product-type-variable"},"supplier_id":null,"supplier_sku":"","barcode":null,"atum_controlled":true,"out_stock_date":null,"out_stock_threshold":null,"inheritable":false,"inbound_stock":null,"stock_on_hold":2,"sold_today":0,"sales_last_days":0,"reserved_stock":null,"customer_returns":null,"warehouse_damage":null,"lost_in_post":null,"other_logs":null,"out_stock_days":0,"lost_sales":0,"has_location":null,"update_date":"2026-04-12T00:02:40","atum_locations":[],"atum_stock_status":"instock","restock_status":false,"low_stock_amount":"","sales_update_date":"2026-04-12T00:02:40","calc_backorders":null,"acf":[],"_links":{"self":[{"href":"https:\/\/solgaz.eu\/it\/wp-json\/wp\/v2\/product\/48339","targetHints":{"allow":["GET"]}}],"collection":[{"href":"https:\/\/solgaz.eu\/it\/wp-json\/wp\/v2\/product"}],"about":[{"href":"https:\/\/solgaz.eu\/it\/wp-json\/wp\/v2\/types\/product"}],"replies":[{"embeddable":true,"href":"https:\/\/solgaz.eu\/it\/wp-json\/wp\/v2\/comments?post=48339"}],"wp:featuredmedia":[{"embeddable":true,"href":"https:\/\/solgaz.eu\/it\/wp-json\/wp\/v2\/media\/48342"}],"wp:attachment":[{"href":"https:\/\/solgaz.eu\/it\/wp-json\/wp\/v2\/media?parent=48339"}],"wp:term":[{"taxonomy":"product_cat","embeddable":true,"href":"https:\/\/solgaz.eu\/it\/wp-json\/wp\/v2\/product_cat?post=48339"},{"taxonomy":"product_tag","embeddable":true,"href":"https:\/\/solgaz.eu\/it\/wp-json\/wp\/v2\/product_tag?post=48339"}],"curies":[{"name":"wp","href":"https:\/\/api.w.org\/{rel}","templated":true}]}}