{"id":48123,"date":"2025-04-21T14:51:38","date_gmt":"2025-04-21T14:51:38","guid":{"rendered":"https:\/\/solgaz.eu\/produkt\/cappa-ad-armadio-gest-control-con-modulo-hob-to-hood\/"},"modified":"2025-06-15T15:23:48","modified_gmt":"2025-06-15T13:23:48","slug":"cappa-ad-armadio-gest-control-con-modulo-hob-to-hood","status":"publish","type":"product","link":"https:\/\/solgaz.eu\/it\/produkt\/cappa-ad-armadio-gest-control-con-modulo-hob-to-hood\/","title":{"rendered":"Cappa ad armadio GEST CONTROL (con modulo Hob to Hood)"},"content":{"rendered":"<section class=\"l-section wpb_row height_auto\"><div class=\"l-section-h i-cf\"><div class=\"g-cols vc_row via_grid cols_2 laptops-cols_inherit tablets-cols_inherit mobiles-cols_1 valign_middle type_default stacking_default\" style=\"--columns-gap:0rem;\"><div class=\"wpb_column vc_column_container\"><div class=\"vc_column-inner\"><div class=\"w-image has_ratio align_none\"><div class=\"w-image-h\"><div style=\"padding-bottom:75%\"><\/div><img decoding=\"async\" width=\"1024\" height=\"640\" src=\"https:\/\/solgaz.eu\/wp-content\/uploads\/2025\/04\/SolgazOkap0002-1-1024x640.jpg\" class=\"attachment-large size-large\" alt=\"\" loading=\"lazy\"><\/div><\/div><\/div><\/div><div class=\"wpb_column vc_column_container us_custom_472e4389 has_bg_color\"><div class=\"vc_column-inner\"><div class=\"wpb_text_column\"><div class=\"wpb_wrapper\"><h3>Cappa per armadio Solgaz Gest Control<\/h3>\n<p>GEST CONTROL \u00e8 una cappa da incasso per mobili. Il suo design unico e l \u201cinsolito minimalismo metteranno in risalto lo stile unico della tua cucina. Il meccanismo dell\u201d elettrodomestico integrato nel mobile render\u00e0 l \u201capparecchiatura quasi invisibile, in modo che non invada la stanza e svolga abilmente la sua funzione. La cappa Solgaz Gest Control nera \u00e8 l\u201d aggiunta perfetta a una cucina moderna.<\/p>\n<\/div><\/div><\/div><\/div><\/div><\/div><\/section><section class=\"l-section wpb_row height_auto\"><div class=\"l-section-h i-cf\"><div class=\"g-cols vc_row via_grid cols_2 laptops-cols_inherit tablets-cols_inherit mobiles-cols_1 valign_middle type_default stacking_default\" style=\"--columns-gap:0rem;\"><div class=\"wpb_column vc_column_container us_custom_ff837323\"><div class=\"vc_column-inner\"><div class=\"wpb_text_column\"><div class=\"wpb_wrapper\"><h3>Cappa da incasso &#8211; a comando gestuale<\/h3>\n<p>Basta un solo movimento della mano per attivare l&#8217;apparecchio, il che \u00e8 estremamente comodo, soprattutto quando hai le mani occupate. Basta un solo gesto perch\u00e9 la cappa svolga la sua funzione. Inoltre, \u00e8 dotata di un LED che indica la velocit\u00e0 attuale. Il colore del LED corrisponde a uno specifico livello di potenza. Per chi preferisce soluzioni pi\u00f9 tradizionali, abbiamo incluso in ogni cappa un telecomando.<\/p>\n<\/div><\/div><\/div><\/div><div class=\"wpb_column vc_column_container\"><div class=\"vc_column-inner\"><div class=\"w-image has_ratio align_none\"><div class=\"w-image-h\"><div style=\"padding-bottom:75%\"><\/div><img decoding=\"async\" width=\"1024\" height=\"640\" src=\"https:\/\/solgaz.eu\/wp-content\/uploads\/2025\/04\/OkapNew03-1-1024x640.jpg\" class=\"attachment-large size-large\" alt=\"\" loading=\"lazy\"><\/div><\/div><\/div><\/div><\/div><\/div><\/section><section class=\"l-section wpb_row height_auto\"><div class=\"l-section-h i-cf\"><div class=\"g-cols vc_row via_grid cols_2 laptops-cols_inherit tablets-cols_inherit mobiles-cols_1 valign_middle type_default stacking_default\" style=\"--columns-gap:0rem;\"><div class=\"wpb_column vc_column_container\"><div class=\"vc_column-inner\"><div class=\"w-image align_none\"><div class=\"w-image-h\"><img decoding=\"async\" width=\"1024\" height=\"640\" src=\"https:\/\/solgaz.eu\/wp-content\/uploads\/2025\/04\/SolgazOkapWhite0000-2-1024x640.jpg\" class=\"attachment-large size-large\" alt=\"\" loading=\"lazy\" srcset=\"https:\/\/solgaz.eu\/wp-content\/uploads\/2025\/04\/SolgazOkapWhite0000-2-1024x640.jpg 1024w, https:\/\/solgaz.eu\/wp-content\/uploads\/2025\/04\/SolgazOkapWhite0000-2-300x188.jpg 300w, https:\/\/solgaz.eu\/wp-content\/uploads\/2025\/04\/SolgazOkapWhite0000-2-768x480.jpg 768w, https:\/\/solgaz.eu\/wp-content\/uploads\/2025\/04\/SolgazOkapWhite0000-2-1536x960.jpg 1536w, https:\/\/solgaz.eu\/wp-content\/uploads\/2025\/04\/SolgazOkapWhite0000-2-600x375.jpg 600w, https:\/\/solgaz.eu\/wp-content\/uploads\/2025\/04\/SolgazOkapWhite0000-2.jpg 1920w\" sizes=\"auto, (max-width: 1024px) 100vw, 1024px\"><\/div><\/div><\/div><\/div><div class=\"wpb_column vc_column_container us_custom_472e4389 has_bg_color\"><div class=\"vc_column-inner\"><div class=\"wpb_text_column\"><div class=\"wpb_wrapper\"><p>La cappa da incasso Solgaz GEST CONTROL si distingue per la sua elevata efficienza operativa: filtra fino a 700 m3 di aria all \u201cora. Lavorare con questo tipo di apparecchiatura \u00e8 comodo e confortevole: l\u201d intensit\u00e0 sonora massima \u00e8 di soli 68 dB. GEST CONTROL non consuma molta elettricit\u00e0, in quanto ha la classe energetica A, che garantisce un funzionamento economico.  <\/p>\n<p>I nostri apparecchi si distinguono per l \u201calta qualit\u00e0 della lavorazione e la funzionalit\u00e0. L\u201d assorbitore ad armadio GEST CONTROL pu\u00f2 funzionare sia come estrattore che come assorbitore.<\/p>\n<\/div><\/div><\/div><\/div><\/div><\/div><\/section>\n","protected":false},"excerpt":{"rendered":"<p>Cappa da incasso &#8211; con controllo gestuale, progettata per essere installata in un mobile.<\/p>\n<p>Caratteristiche: controllo con sensore, funzionamento silenzioso, alta efficienza, illuminazione a led.<\/p>\n","protected":false},"featured_media":48124,"comment_status":"open","ping_status":"closed","template":"","meta":{"_acf_changed":false},"product_cat":[725],"product_tag":[726],"class_list":{"0":"post-48123","1":"product","2":"type-product","3":"status-publish","4":"has-post-thumbnail","6":"product_cat-cappe","7":"product_tag-hob-to-hood-comunicazione-tra-piano-cottura-e-cappa","9":"first","10":"instock","11":"shipping-taxable","12":"purchasable","13":"product-type-simple"},"supplier_id":null,"supplier_sku":"","barcode":null,"atum_controlled":true,"out_stock_date":null,"out_stock_threshold":null,"inheritable":false,"inbound_stock":null,"stock_on_hold":0,"sold_today":0,"sales_last_days":0,"reserved_stock":null,"customer_returns":null,"warehouse_damage":null,"lost_in_post":null,"other_logs":null,"out_stock_days":0,"lost_sales":0,"has_location":null,"update_date":"2026-04-11T00:03:10","atum_locations":[],"atum_stock_status":"instock","restock_status":false,"low_stock_amount":"","sales_update_date":"2026-04-11T00:03:10","calc_backorders":null,"acf":[],"_links":{"self":[{"href":"https:\/\/solgaz.eu\/it\/wp-json\/wp\/v2\/product\/48123","targetHints":{"allow":["GET"]}}],"collection":[{"href":"https:\/\/solgaz.eu\/it\/wp-json\/wp\/v2\/product"}],"about":[{"href":"https:\/\/solgaz.eu\/it\/wp-json\/wp\/v2\/types\/product"}],"replies":[{"embeddable":true,"href":"https:\/\/solgaz.eu\/it\/wp-json\/wp\/v2\/comments?post=48123"}],"wp:featuredmedia":[{"embeddable":true,"href":"https:\/\/solgaz.eu\/it\/wp-json\/wp\/v2\/media\/48124"}],"wp:attachment":[{"href":"https:\/\/solgaz.eu\/it\/wp-json\/wp\/v2\/media?parent=48123"}],"wp:term":[{"taxonomy":"product_cat","embeddable":true,"href":"https:\/\/solgaz.eu\/it\/wp-json\/wp\/v2\/product_cat?post=48123"},{"taxonomy":"product_tag","embeddable":true,"href":"https:\/\/solgaz.eu\/it\/wp-json\/wp\/v2\/product_tag?post=48123"}],"curies":[{"name":"wp","href":"https:\/\/api.w.org\/{rel}","templated":true}]}}