{"id":48073,"date":"2025-06-02T08:56:55","date_gmt":"2025-06-02T06:56:55","guid":{"rendered":"https:\/\/solgaz.eu\/produkt\/filtro-al-carbone-per-cappe-solgaz-ow-e-ok-nero-originale-da-utilizzare-in-modalita-assorbente\/"},"modified":"2025-06-15T15:23:24","modified_gmt":"2025-06-15T13:23:24","slug":"filtro-al-carbone-per-cappe-solgaz-ow-e-ok-nero-originale-da-utilizzare-in-modalita-assorbente","status":"publish","type":"product","link":"https:\/\/solgaz.eu\/it\/produkt\/filtro-al-carbone-per-cappe-solgaz-ow-e-ok-nero-originale-da-utilizzare-in-modalita-assorbente\/","title":{"rendered":"Filtro al carbone per cappe Solgaz OW e OK &#8211; nero, originale, da utilizzare in modalit\u00e0 assorbente"},"content":{"rendered":"<section class=\"l-section wpb_row height_auto\"><div class=\"l-section-h i-cf\"><div class=\"g-cols vc_row via_grid cols_2 laptops-cols_inherit tablets-cols_inherit mobiles-cols_1 valign_middle type_default stacking_default\" style=\"--columns-gap:0rem;\"><div class=\"wpb_column vc_column_container\"><div class=\"vc_column-inner\"><div class=\"w-image has_ratio align_none\"><div class=\"w-image-h\"><div style=\"padding-bottom:75%\"><\/div><img decoding=\"async\" width=\"1024\" height=\"683\" src=\"https:\/\/solgaz.eu\/wp-content\/uploads\/2025\/05\/dlugi-okapsmart-1024x683.png\" class=\"attachment-large size-large\" alt=\"\" loading=\"lazy\"><\/div><\/div><\/div><\/div><div class=\"wpb_column vc_column_container us_custom_ff837323\"><div class=\"vc_column-overlay\" style=\"background:var(--color-content-bg-alt)\"><\/div><div class=\"vc_column-inner\"><div class=\"wpb_text_column\"><div class=\"wpb_wrapper\"><h3>Filtro a carbone per cappe a tubo nero Solgaz OW e Solgaz OK &#8211; aria pulita e ventilazione efficace in cucina<\/h3>\n<p>Un \u201cadeguata qualit\u00e0 dell\u201d aria in cucina \u00e8 fondamentale per il comfort della cucina quotidiana. Nei locali chiusi, dove non \u00e8 possibile collegare la cappa al condotto di ventilazione, <strong>un filtro a carbone di alta qualit\u00e0<\/strong> \u00e8 essenziale <strong>.<\/strong> Il prodotto qui presentato \u00e8 <strong>un filtro originale per cappe a tubo nero di Solgaz,<\/strong> appositamente progettato per i modelli <a href=\"https:\/\/solgaz.eu\/it\/produkt\/tettuccio-a-isola-tubo-nero-ow-black-hth-con-modulo-hob-to-hood\/\"><strong>Solgaz OW (cappa a isola)<\/strong><\/a> e <a href=\"https:\/\/solgaz.eu\/it\/produkt\/tubo-nero-della-cappa-ok-black-hth-con-modulo-hob-to-hood\/\"><strong>Solgaz OK (cappa a camino).<\/strong><\/a><\/p>\n<\/div><\/div><\/div><\/div><\/div><\/div><\/section><section class=\"l-section wpb_row height_auto\"><div class=\"l-section-h i-cf\"><div class=\"g-cols vc_row via_grid cols_2 laptops-cols_inherit tablets-cols_inherit mobiles-cols_1 valign_middle type_default stacking_default\" style=\"--columns-gap:0rem;\"><div class=\"wpb_column vc_column_container us_custom_ff837323\"><div class=\"vc_column-inner\"><div class=\"wpb_text_column\"><div class=\"wpb_wrapper\"><h3>Purificazione dell&#8217;aria efficace con i filtri al carbone Solgaz<\/h3>\n<p>I filtri a carbone funzionano secondo il principio dell \u201cadsorbimento: il <strong>carbone attivo<\/strong> in essi contenuto assorbe le particelle di odore, il grasso e le altre impurit\u00e0 presenti nell\u201d aria durante la cottura. In questo modo l \u201caria in cucina diventa pi\u00f9 pulita, fresca e piacevole da respirare. Questo filtro \u00e8 particolarmente importante per le cappe che funzionano in modalit\u00e0 <strong>aspirante<\/strong>, che non scaricano l\u201d aria all \u201cesterno, ma la purificano e la restituiscono all\u201d ambiente.  <\/p>\n<p>L&#8217;utilizzo di un filtro adeguato migliora notevolmente la qualit\u00e0 della <strong>ventilazione senza camino,<\/strong> protegge dai depositi di grasso su mobili e pareti e riduce il rischio di umidit\u00e0 e cattivi odori.<\/p>\n<\/div><\/div><\/div><\/div><div class=\"wpb_column vc_column_container\"><div class=\"vc_column-inner\"><div class=\"w-image has_ratio align_none\"><div class=\"w-image-h\"><div style=\"padding-bottom:75%\"><\/div><img decoding=\"async\" width=\"710\" height=\"1024\" src=\"https:\/\/solgaz.eu\/wp-content\/uploads\/2025\/05\/SOLGAZ_OK_BLACK_HTH-710x1024.png\" class=\"attachment-large size-large\" alt=\"\" loading=\"lazy\"><\/div><\/div><\/div><\/div><\/div><\/div><\/section><section class=\"l-section wpb_row height_auto\"><div class=\"l-section-h i-cf\"><div class=\"g-cols vc_row via_grid cols_2 laptops-cols_inherit tablets-cols_inherit mobiles-cols_1 valign_middle type_default stacking_default\" style=\"--columns-gap:0rem;\"><div class=\"wpb_column vc_column_container\"><div class=\"vc_column-inner\"><div class=\"w-image has_ratio align_none\"><div class=\"w-image-h\"><div style=\"padding-bottom:75%\"><\/div><img decoding=\"async\" width=\"1024\" height=\"683\" src=\"https:\/\/solgaz.eu\/wp-content\/uploads\/2025\/05\/ok-hth-1024x683.jpg\" class=\"attachment-large size-large\" alt=\"\" loading=\"lazy\"><\/div><\/div><\/div><\/div><div class=\"wpb_column vc_column_container us_custom_ff837323\"><div class=\"vc_column-overlay\" style=\"background:var(--color-content-bg-alt)\"><\/div><div class=\"vc_column-inner\"><div class=\"wpb_text_column\"><div class=\"wpb_wrapper\"><h3>Quando deve essere sostituito il filtro al carbone?<\/h3>\n<p>Per garantire le massime prestazioni della tettoia e mantenere un livello di filtrazione adeguato, <strong>si consiglia di sostituire il filtro ogni 3 mesi.<\/strong> La sostituzione regolare permette al filtro di mantenere la sua piena capacit\u00e0 di assorbire gli odori e gli agenti inquinanti. Un filtro usurato perde le sue propriet\u00e0, il che pu\u00f2 portare a una riduzione dell \u201cefficacia della cappa e a un peggioramento della qualit\u00e0 dell\u201d aria.<\/p>\n<\/div><\/div><\/div><\/div><\/div><\/div><\/section><section class=\"l-section wpb_row height_auto\"><div class=\"l-section-h i-cf\"><div class=\"g-cols vc_row via_grid cols_2 laptops-cols_inherit tablets-cols_inherit mobiles-cols_1 valign_middle type_default stacking_default\" style=\"--columns-gap:0rem;\"><div class=\"wpb_column vc_column_container us_custom_ff837323\"><div class=\"vc_column-inner\"><div class=\"wpb_text_column\"><div class=\"wpb_wrapper\"><h3>Perch\u00e9 scegliere un filtro al carbone originale Solgaz?<\/h3>\n<p>I filtri originali sono ideali per i modelli Solgaz: garantiscono la tenuta, l \u201cefficienza e la durata della cappa. Il loro utilizzo \u00e8 un investimento in <strong>aria pulita,<\/strong> meno accumuli di grasso e un\u201d atmosfera piacevole in cucina ogni giorno. <\/p>\n<p>Assicurati una ventilazione efficace nella tua cucina senza dover collegare la cappa al condotto di ventilazione. Opta per i filtri a carbone originali Solgaz: una garanzia di aria fresca e di funzionamento affidabile della tua cappa.<\/p>\n<\/div><\/div><\/div><\/div><div class=\"wpb_column vc_column_container\"><div class=\"vc_column-inner\"><div class=\"w-image has_ratio align_none\"><div class=\"w-image-h\"><div style=\"padding-bottom:75%\"><\/div><img decoding=\"async\" width=\"1024\" height=\"684\" src=\"https:\/\/solgaz.eu\/wp-content\/uploads\/2025\/06\/FWK_filtr_Ok_Ow_SOLGAZ_2-1024x684.jpg\" class=\"attachment-large size-large\" alt=\"\" loading=\"lazy\"><\/div><\/div><\/div><\/div><\/div><\/div><\/section>\n","protected":false},"excerpt":{"rendered":"<p>Filtro a carbone originale per cappe Solgaz OW (isola) e OK (camino).<\/p>\n<p>Purifica efficacemente l&#8217;aria in cucina. Sostituzione consigliata ogni 3 mesi. <\/p>\n","protected":false},"featured_media":48074,"comment_status":"open","ping_status":"closed","template":"","meta":{"_acf_changed":false},"product_cat":[707],"product_tag":[],"class_list":{"0":"post-48073","1":"product","2":"type-product","3":"status-publish","4":"has-post-thumbnail","6":"product_cat-accessori","8":"first","9":"instock","10":"shipping-taxable","11":"purchasable","12":"product-type-simple"},"supplier_id":null,"supplier_sku":"","barcode":null,"atum_controlled":true,"out_stock_date":null,"out_stock_threshold":null,"inheritable":false,"inbound_stock":null,"stock_on_hold":6,"sold_today":0,"sales_last_days":0,"reserved_stock":null,"customer_returns":null,"warehouse_damage":null,"lost_in_post":null,"other_logs":null,"out_stock_days":0,"lost_sales":0,"has_location":null,"update_date":"2026-04-11T00:02:37","atum_locations":[],"atum_stock_status":"instock","restock_status":false,"low_stock_amount":"","sales_update_date":"2026-04-11T00:02:37","calc_backorders":null,"acf":[],"_links":{"self":[{"href":"https:\/\/solgaz.eu\/it\/wp-json\/wp\/v2\/product\/48073","targetHints":{"allow":["GET"]}}],"collection":[{"href":"https:\/\/solgaz.eu\/it\/wp-json\/wp\/v2\/product"}],"about":[{"href":"https:\/\/solgaz.eu\/it\/wp-json\/wp\/v2\/types\/product"}],"replies":[{"embeddable":true,"href":"https:\/\/solgaz.eu\/it\/wp-json\/wp\/v2\/comments?post=48073"}],"wp:featuredmedia":[{"embeddable":true,"href":"https:\/\/solgaz.eu\/it\/wp-json\/wp\/v2\/media\/48074"}],"wp:attachment":[{"href":"https:\/\/solgaz.eu\/it\/wp-json\/wp\/v2\/media?parent=48073"}],"wp:term":[{"taxonomy":"product_cat","embeddable":true,"href":"https:\/\/solgaz.eu\/it\/wp-json\/wp\/v2\/product_cat?post=48073"},{"taxonomy":"product_tag","embeddable":true,"href":"https:\/\/solgaz.eu\/it\/wp-json\/wp\/v2\/product_tag?post=48073"}],"curies":[{"name":"wp","href":"https:\/\/api.w.org\/{rel}","templated":true}]}}