{"id":48054,"date":"2025-04-21T14:53:04","date_gmt":"2025-04-21T14:53:04","guid":{"rendered":"https:\/\/solgaz.eu\/produkt\/cappa-touch-control-con-modulo-hob-to-hood\/"},"modified":"2025-12-01T11:19:28","modified_gmt":"2025-12-01T10:19:28","slug":"cappa-touch-control-con-modulo-hob-to-hood","status":"publish","type":"product","link":"https:\/\/solgaz.eu\/it\/produkt\/cappa-touch-control-con-modulo-hob-to-hood\/","title":{"rendered":"Cappa TOUCH CONTROL (con modulo Hob to Hood)"},"content":{"rendered":"<section class=\"l-section wpb_row height_auto\"><div class=\"l-section-h i-cf\"><div class=\"g-cols vc_row via_grid cols_2 laptops-cols_inherit tablets-cols_inherit mobiles-cols_1 valign_middle type_default stacking_default\" style=\"--columns-gap:0rem;\"><div class=\"wpb_column vc_column_container\"><div class=\"vc_column-inner\"><div class=\"w-image has_ratio align_none\"><div class=\"w-image-h\"><div style=\"padding-bottom:75%\"><\/div><img decoding=\"async\" width=\"1024\" height=\"576\" src=\"https:\/\/solgaz.eu\/wp-content\/uploads\/2025\/04\/wiz_okap_touchcontrol_2-scaled-1-1024x576.jpg\" class=\"attachment-large size-large\" alt=\"\" loading=\"lazy\"><\/div><\/div><\/div><\/div><div class=\"wpb_column vc_column_container us_custom_472e4389 has_bg_color\"><div class=\"vc_column-inner\"><div class=\"wpb_text_column\"><div class=\"wpb_wrapper\"><h3>Nuovo! Cappa sottopiano con finitura in vetro Solgaz Touch Control <\/h3>\n<p>Solgaz Touch Control \u00e8 un \u201celegante cappa da incasso che si adatta perfettamente a qualsiasi cucina. Il suo aspetto discreto e il suo design minimalista daranno alla tua cucina un carattere unico. Nascosta discretamente all\u201d interno dei mobili, la cappa rimane quasi invisibile. Grazie alla sua installazione nei mobili della cucina, non domina lo spazio, pur svolgendo efficacemente la sua funzione. La cappa nera Solgaz Touch Control \u00e8 la scelta perfetta per gli interni di una cucina moderna.<\/p>\n<\/div><\/div><\/div><\/div><\/div><\/div><\/section><section class=\"l-section wpb_row height_auto\"><div class=\"l-section-h i-cf\"><div class=\"g-cols vc_row via_grid cols_2 laptops-cols_inherit tablets-cols_inherit mobiles-cols_1 valign_middle type_default stacking_default\" style=\"--columns-gap:0rem;\"><div class=\"wpb_column vc_column_container us_custom_ff837323\"><div class=\"vc_column-inner\"><div class=\"wpb_text_column\"><div class=\"wpb_wrapper\"><h3>Due modalit\u00e0 di funzionamento per soddisfare le tue esigenze &#8211; estrattore e assorbitore<\/h3>\n<p>La cappa SOLGAZ Touch Control ti permette di adattare il suo funzionamento alle tue esigenze. A seconda delle tue esigenze o capacit\u00e0, pu\u00f2 essere utilizzata in due modalit\u00e0: <\/p>\n<ul>\n<li>La modalit\u00e0 di estrazione scarica rapidamente i vapori all&#8217;esterno, garantendo aria fresca in cucina.<\/li>\n<li>La modalit\u00e0 di assorbimento pulisce l&#8217;aria con un filtro a carboni attivi e la restituisce alla stanza, ideale per gli appartamenti che non hanno accesso ai condotti di ventilazione.<\/li>\n<\/ul>\n<p>*Il filtro al carbone \u00e8 un accessorio, non incluso, venduto separatamente.<\/p>\n<\/div><\/div><\/div><\/div><div class=\"wpb_column vc_column_container\"><div class=\"vc_column-inner\"><div class=\"w-image has_ratio align_none\"><div class=\"w-image-h\"><div style=\"padding-bottom:75%\"><\/div><img decoding=\"async\" width=\"1024\" height=\"576\" src=\"https:\/\/solgaz.eu\/wp-content\/uploads\/2025\/04\/wiz_okap_touchcontrol_2_zoom-1-scaled-1-1024x576.jpg\" class=\"attachment-large size-large\" alt=\"\" loading=\"lazy\"><\/div><\/div><\/div><\/div><\/div><\/div><\/section><section class=\"l-section wpb_row height_auto\"><div class=\"l-section-h i-cf\"><div class=\"g-cols vc_row via_grid cols_2 laptops-cols_inherit tablets-cols_inherit mobiles-cols_1 valign_middle type_default stacking_default\" style=\"--columns-gap:0rem;\"><div class=\"wpb_column vc_column_container\"><div class=\"vc_column-inner\"><div class=\"w-image has_ratio align_none\"><div class=\"w-image-h\"><div style=\"padding-bottom:75%\"><\/div><img decoding=\"async\" width=\"1024\" height=\"640\" src=\"https:\/\/solgaz.eu\/wp-content\/uploads\/2025\/04\/przekladki_okap_TC-03-1024x640.jpg\" class=\"attachment-large size-large\" alt=\"\" loading=\"lazy\"><\/div><\/div><\/div><\/div><div class=\"wpb_column vc_column_container us_custom_472e4389 has_bg_color\"><div class=\"vc_column-inner\"><div class=\"wpb_text_column\"><div class=\"wpb_wrapper\"><h3>Efficienza e facilit\u00e0 d&#8217;uso: come funziona la cappa Solgaz Touch Control?<\/h3>\n<p>Una cappa efficiente \u00e8 la chiave per avere aria fresca in casa. Per ottenere i migliori risultati: <\/p>\n<ul>\n<li>Accendi l&#8217;apparecchio 5 minuti prima della cottura e lascialo acceso per altri 15 minuti.<\/li>\n<li>Se l&#8217;aria \u00e8 molto inquinata, accendi la cappa alla massima velocit\u00e0.<\/li>\n<\/ul>\n<p>Questo metodo elimina efficacemente il vapore, gli odori e il grasso.<\/p>\n<\/div><\/div><\/div><\/div><\/div><\/div><\/section><section class=\"l-section wpb_row height_auto\"><div class=\"l-section-h i-cf\"><div class=\"g-cols vc_row via_grid cols_2 laptops-cols_inherit tablets-cols_inherit mobiles-cols_1 valign_middle type_default stacking_default\" style=\"--columns-gap:0rem;\"><div class=\"wpb_column vc_column_container us_custom_ff837323\"><div class=\"vc_column-inner\"><div class=\"wpb_text_column\"><div class=\"wpb_wrapper\"><h3>Funzionamento semplice passo dopo passo<\/h3>\n<ol>\n<li><strong>Accensione o aumento della velocit\u00e0<\/strong>\n<ul>\n<li>Una singola pressione attiva il dispositivo.<\/li>\n<li><span>Le pressioni successive aumentano la velocit\u00e0 (fino a un massimo di livello 4).<\/span><\/li>\n<\/ul>\n<\/li>\n<li><strong>Spegnimento o riduzione della velocit\u00e0<\/strong>\n<ul>\n<li>Tieni premuto il pulsante per spegnere il dispositivo.<\/li>\n<li>Una breve pressione riduce la velocit\u00e0 di un livello.<\/li>\n<\/ul>\n<\/li>\n<li><strong>Display LCD<\/strong>\n<ul>\n<li>Indica la modalit\u00e0 operativa corrente e il regime del motore.<\/li>\n<\/ul>\n<\/li>\n<\/ol>\n<\/div><\/div><\/div><\/div><div class=\"wpb_column vc_column_container\"><div class=\"vc_column-inner\"><div class=\"w-image has_ratio align_none\"><div class=\"w-image-h\"><div style=\"padding-bottom:75%\"><\/div><img decoding=\"async\" width=\"1024\" height=\"683\" src=\"https:\/\/solgaz.eu\/wp-content\/uploads\/2025\/04\/wiz_okap_touchcontrol_1-1-scaled-1-1024x683.jpg\" class=\"attachment-large size-large\" alt=\"\" loading=\"lazy\"><\/div><\/div><\/div><\/div><\/div><\/div><\/section><section class=\"l-section wpb_row height_auto\"><div class=\"l-section-h i-cf\"><div class=\"g-cols vc_row via_grid cols_2 laptops-cols_inherit tablets-cols_inherit mobiles-cols_1 valign_middle type_default stacking_default\" style=\"--columns-gap:0rem;\"><div class=\"wpb_column vc_column_container\"><div class=\"vc_column-inner\"><div class=\"w-image has_ratio align_none\"><div class=\"w-image-h\"><div style=\"padding-bottom:75%\"><\/div><img decoding=\"async\" width=\"1024\" height=\"683\" src=\"https:\/\/solgaz.eu\/wp-content\/uploads\/2025\/04\/wiz_okap_touchcontrol_3_zoom-scaled-1-1024x683.jpg\" class=\"attachment-large size-large\" alt=\"\" loading=\"lazy\"><\/div><\/div><\/div><\/div><div class=\"wpb_column vc_column_container us_custom_472e4389 has_bg_color\"><div class=\"vc_column-inner\"><div class=\"wpb_text_column\"><div class=\"wpb_wrapper\"><h3>Timer: comoda programmazione dello spegnimento<\/h3>\n<p>Il tettuccio consente di programmare lo spegnimento automatico del ventilatore tra 10 e 90 minuti, con incrementi di 10 minuti.<\/p>\n<p><strong>Come si imposta il timer?<\/strong><\/p>\n<ul>\n<li>Accendi il motore e seleziona la velocit\u00e0 di funzionamento.<\/li>\n<li>Premi il pulsante di programmazione dell&#8217;ora.<\/li>\n<li>Conferma la selezione con il tasto \u201cT\u201d.<\/li>\n<\/ul>\n<p>Un LED lampeggiante conferma che la funzione \u00e8 attivata. Se non si agisce per 20 secondi, si ripristina il normale funzionamento. Un&#8217;altra pressione del pulsante &#8220;T&#8221; annulla la misurazione.<\/p>\n<\/div><\/div><\/div><\/div><\/div><\/div><\/section><section class=\"l-section wpb_row height_auto\"><div class=\"l-section-h i-cf\"><div class=\"g-cols vc_row via_grid cols_2 laptops-cols_inherit tablets-cols_inherit mobiles-cols_1 valign_middle type_default stacking_default\" style=\"--columns-gap:0rem;\"><div class=\"wpb_column vc_column_container us_custom_ff837323\"><div class=\"vc_column-inner\"><div class=\"wpb_text_column\"><div class=\"wpb_wrapper\"><h3>Stile e comodit\u00e0 in un unico dispositivo<\/h3>\n<p>Il comando a sfioramento rende il funzionamento della cappa Solgaz Touch Control estremamente semplice e intuitivo. L \u201celegante finitura in vetro si sposa perfettamente con gli interni moderni per creare un insieme armonioso. Programma il timer, regola la velocit\u00e0 e goditi l\u201d aria fresca senza problemi. Grazie alle sue moderne funzioni, la tua cappa diventer\u00e0 un aiuto indispensabile in cucina.   <\/p>\n<p>Investi in una cappa da sottopiano Touch Control che combina efficienza ed estetica: la scelta perfetta per ogni cucina.<\/p>\n<\/div><\/div><\/div><\/div><div class=\"wpb_column vc_column_container\"><div class=\"vc_column-inner\"><div class=\"w-image has_ratio align_none\"><div class=\"w-image-h\"><div style=\"padding-bottom:75%\"><\/div><img decoding=\"async\" width=\"1024\" height=\"681\" src=\"https:\/\/solgaz.eu\/wp-content\/uploads\/2025\/04\/G-BOX-2-scaled-1-1024x681.jpg\" class=\"attachment-large size-large\" alt=\"\" loading=\"lazy\"><\/div><\/div><\/div><\/div><\/div><\/div><\/section>\n","protected":false},"excerpt":{"rendered":"<p>Cappa da incasso &#8211; touch control, progettata per essere inserita in un mobile.<\/p>\n<p>Caratteristiche: pannello di controllo touch, funzionamento silenzioso, alta efficienza, illuminazione a led.<\/p>\n","protected":false},"featured_media":48055,"comment_status":"open","ping_status":"closed","template":"","meta":{"_acf_changed":false},"product_cat":[725],"product_tag":[726],"class_list":{"0":"post-48054","1":"product","2":"type-product","3":"status-publish","4":"has-post-thumbnail","6":"product_cat-cappe","7":"product_tag-hob-to-hood-comunicazione-tra-piano-cottura-e-cappa","9":"first","10":"instock","11":"shipping-taxable","12":"purchasable","13":"product-type-simple"},"supplier_id":null,"supplier_sku":"","barcode":null,"atum_controlled":true,"out_stock_date":null,"out_stock_threshold":null,"inheritable":false,"inbound_stock":null,"stock_on_hold":27,"sold_today":0,"sales_last_days":1,"reserved_stock":null,"customer_returns":null,"warehouse_damage":null,"lost_in_post":null,"other_logs":null,"out_stock_days":0,"lost_sales":0,"has_location":null,"update_date":"2026-04-07T00:28:14","atum_locations":[],"atum_stock_status":"instock","restock_status":false,"low_stock_amount":"","sales_update_date":"2026-04-07T00:28:14","calc_backorders":null,"acf":[],"_links":{"self":[{"href":"https:\/\/solgaz.eu\/it\/wp-json\/wp\/v2\/product\/48054","targetHints":{"allow":["GET"]}}],"collection":[{"href":"https:\/\/solgaz.eu\/it\/wp-json\/wp\/v2\/product"}],"about":[{"href":"https:\/\/solgaz.eu\/it\/wp-json\/wp\/v2\/types\/product"}],"replies":[{"embeddable":true,"href":"https:\/\/solgaz.eu\/it\/wp-json\/wp\/v2\/comments?post=48054"}],"wp:featuredmedia":[{"embeddable":true,"href":"https:\/\/solgaz.eu\/it\/wp-json\/wp\/v2\/media\/48055"}],"wp:attachment":[{"href":"https:\/\/solgaz.eu\/it\/wp-json\/wp\/v2\/media?parent=48054"}],"wp:term":[{"taxonomy":"product_cat","embeddable":true,"href":"https:\/\/solgaz.eu\/it\/wp-json\/wp\/v2\/product_cat?post=48054"},{"taxonomy":"product_tag","embeddable":true,"href":"https:\/\/solgaz.eu\/it\/wp-json\/wp\/v2\/product_tag?post=48054"}],"curies":[{"name":"wp","href":"https:\/\/api.w.org\/{rel}","templated":true}]}}