{"id":48041,"date":"2025-04-21T14:51:38","date_gmt":"2025-04-21T14:51:38","guid":{"rendered":"https:\/\/solgaz.eu\/produkt\/solgaz-optimex-41-piano-cottura-a-gas-da-incasso-sotto-vetro\/"},"modified":"2026-03-24T21:58:56","modified_gmt":"2026-03-24T20:58:56","slug":"solgaz-optimex-41-piano-cottura-a-gas-da-incasso-sotto-vetro","status":"publish","type":"product","link":"https:\/\/solgaz.eu\/it\/produkt\/solgaz-optimex-41-piano-cottura-a-gas-da-incasso-sotto-vetro\/","title":{"rendered":"Solgaz OPTIMEX 4+1 piano cottura a gas da incasso sotto vetro"},"content":{"rendered":"<section class=\"l-section wpb_row height_auto\"><div class=\"l-section-h i-cf\"><div class=\"g-cols vc_row via_grid cols_2 laptops-cols_inherit tablets-cols_inherit mobiles-cols_1 valign_middle type_default stacking_default\" style=\"--columns-gap:0rem;\"><div class=\"wpb_column vc_column_container\"><div class=\"vc_column-inner\"><div class=\"w-image has_ratio align_none\"><div class=\"w-image-h\"><div style=\"padding-bottom:75%\"><\/div><img decoding=\"async\" width=\"1024\" height=\"542\" src=\"https:\/\/solgaz.eu\/wp-content\/uploads\/2025\/04\/2022_04_01_solgaz_images_1700x900_sk_v05-1024x542-1.webp\" class=\"attachment-large size-large\" alt=\"\" loading=\"lazy\"><\/div><\/div><\/div><\/div><div class=\"wpb_column vc_column_container us_custom_ff837323\"><div class=\"vc_column-overlay\" style=\"background:var(--color-content-bg-alt)\"><\/div><div class=\"vc_column-inner\"><div class=\"wpb_text_column\"><div class=\"wpb_wrapper\"><h3>Piano cottura a gas Solgaz Optimex 4+1<\/h3>\n<p>Il piano cottura a gas in ceramica OPTIMEX 4+1 \u00e8 un altro prodotto unico tra i nostri piani cottura a gas senza fiamma. Rispetto al suo predecessore, il piano cottura GPC si distingue per una superficie in ceramica pi\u00f9 ampia, una disposizione dei bruciatori pi\u00f9 ergonomica, \u00e8 anche pi\u00f9 basso di 1,5 cm e dotato di nuove e pi\u00f9 eleganti griglie di scarico.<\/p>\n<\/div><\/div><\/div><\/div><\/div><\/div><\/section><section class=\"l-section wpb_row height_auto\"><div class=\"l-section-h i-cf\"><div class=\"g-cols vc_row via_grid cols_2 laptops-cols_inherit tablets-cols_inherit mobiles-cols_1 valign_middle type_default stacking_default\" style=\"--columns-gap:0rem;\"><div class=\"wpb_column vc_column_container us_custom_ff837323\"><div class=\"vc_column-inner\"><div class=\"wpb_text_column\"><div class=\"wpb_wrapper\"><h3>Piano cottura a gas Solgaz 4+1 &#8211; tecnologia innovativa<\/h3>\n<p>Il piano cottura a gas da incasso Solgaz OPTIMEX 4+1 \u00e8 dotato di quattro bruciatori nascosti sotto una superficie di vetro e di due campi post-raffreddamento che non assorbono gas. I bruciatori catalitici bruciano il gas a una temperatura molto elevata, in modo da utilizzare il gas in modo pi\u00f9 efficiente. Un ulteriore vantaggio della tecnologia utilizzata \u00e8 la ridotta produzione di anidride carbonica e l&#8217;assenza di depositi di grasso su pareti e mobili.<\/p>\n<\/div><\/div><\/div><\/div><div class=\"wpb_column vc_column_container\"><div class=\"vc_column-inner\"><div class=\"w-image has_ratio align_none\"><div class=\"w-image-h\"><div style=\"padding-bottom:75%\"><\/div><img decoding=\"async\" width=\"1024\" height=\"640\" src=\"https:\/\/solgaz.eu\/wp-content\/uploads\/2025\/04\/SolKitch0005-1-1024x640.jpg\" class=\"attachment-large size-large\" alt=\"\" loading=\"lazy\"><\/div><\/div><\/div><\/div><\/div><\/div><\/section><section class=\"l-section wpb_row height_auto\"><div class=\"l-section-h i-cf\"><div class=\"g-cols vc_row via_grid cols_3 laptops-cols_inherit tablets-cols_inherit mobiles-cols_1 valign_top type_boxes stacking_default\" style=\"--columns-gap:0rem;\"><div class=\"wpb_column vc_column_container\"><div class=\"vc_column-inner\"><div class=\"w-image us_custom_c0223bf0 align_none\"><div class=\"w-image-h\"><img decoding=\"async\" width=\"1024\" height=\"1024\" src=\"https:\/\/solgaz.eu\/wp-content\/uploads\/2025\/04\/ikony__5.svg\" class=\"attachment-large size-large\" alt=\"\" loading=\"lazy\"><\/div><\/div><div class=\"wpb_text_column\"><div class=\"wpb_wrapper\"><p><strong>Risparmio<\/strong><\/p>\n<p>Il piano cottura a gas Solgaz 4+1 Optimex consuma fino al 50% di gas in meno rispetto a una cucina tradizionale. Il gas viene bruciato cataliticamente a 800 gradi. I bruciatori funzionano in modo ciclico: interrompono l&#8217;immissione di gas quando la superficie \u00e8 gi\u00e0 sufficientemente riscaldata e si attivano quando \u00e8 necessario.<\/p>\n<\/div><\/div><\/div><\/div><div class=\"wpb_column vc_column_container\"><div class=\"vc_column-inner\"><div class=\"w-image us_custom_c0223bf0 align_none\"><div class=\"w-image-h\"><img decoding=\"async\" width=\"1024\" height=\"1024\" src=\"https:\/\/solgaz.eu\/wp-content\/uploads\/2025\/04\/ikony__3.svg\" class=\"attachment-large size-large\" alt=\"\" loading=\"lazy\"><\/div><\/div><div class=\"wpb_text_column\"><div class=\"wpb_wrapper\"><p><strong>Nessun bruciatore sul piano cottura<\/strong><\/p>\n<p>Il piano cottura a gas Solgaz 4+1 Optimex non ha griglie, bruciatori o griglie sporgenti. I bruciatori sono nascosti sotto la ceramica, rendendo estremamente facile la pulizia del piano cottura. La superficie liscia, priva di angoli e fessure in cui si accumula lo sporco, garantisce un aspetto esteticamente gradevole durante l&#8217;uso quotidiano.<\/p>\n<\/div><\/div><\/div><\/div><div class=\"wpb_column vc_column_container\"><div class=\"vc_column-inner\"><div class=\"w-image us_custom_c0223bf0 align_none\"><div class=\"w-image-h\"><img decoding=\"async\" width=\"1024\" height=\"1024\" src=\"https:\/\/solgaz.eu\/wp-content\/uploads\/2025\/04\/ikony__8.svg\" class=\"attachment-large size-large\" alt=\"\" loading=\"lazy\"><\/div><\/div><div class=\"wpb_text_column\"><div class=\"wpb_wrapper\"><p><strong>Sicurezza<\/strong><\/p>\n<p>I doppi sistemi di sicurezza incorporati nel piano cottura danno il massimo senso di sicurezza. I bruciatori catalitici che bruciano il gas convertono il calore ricevuto in raggi infrarossi. Ogni bruciatore \u00e8 dotato di un sistema di combustione del gas individuale. Non c \u201c\u00e8 alcun problema di fuoriuscita incontrollata di gas. Inoltre, quando qualcosa si rovescia sul piano di cottura, l\u201d apparecchio si spegne automaticamente, emettendo un segnale acustico.<\/p>\n<\/div><\/div><\/div><\/div><\/div><\/div><\/section><section class=\"l-section wpb_row height_auto\"><div class=\"l-section-h i-cf\"><div class=\"g-cols vc_row via_grid cols_2 laptops-cols_inherit tablets-cols_inherit mobiles-cols_1 valign_middle type_default stacking_default\" style=\"--columns-gap:0rem;\"><div class=\"wpb_column vc_column_container\"><div class=\"vc_column-inner\"><div class=\"w-image has_ratio align_none\"><div class=\"w-image-h\"><div style=\"padding-bottom:75%\"><\/div><img decoding=\"async\" width=\"928\" height=\"530\" src=\"https:\/\/solgaz.eu\/wp-content\/uploads\/2025\/04\/image-5-1.webp\" class=\"attachment-large size-large\" alt=\"\" loading=\"lazy\"><\/div><\/div><\/div><\/div><div class=\"wpb_column vc_column_container us_custom_ff837323\"><div class=\"vc_column-overlay\" style=\"background:var(--color-content-bg-alt)\"><\/div><div class=\"vc_column-inner\"><div class=\"wpb_text_column\"><div class=\"wpb_wrapper\"><h3>Piano di cottura a gas sottovetro Solgaz 4+1 &#8211; risparmio e sicurezza<\/h3>\n<p>I piani cottura a gas senza fiamma Optimex 4+1 sono un apparecchio economico per la cucina di tutti i giorni. Il design unico dei bruciatori, il funzionamento ciclico del piano di cottura e i campi liberi del piano di cottura consentono di ridurre il consumo di gas durante la cottura fino al 50%. Il campo libero \u00e8 uno spazio sulla superficie in ceramica che non consuma gas, ma utilizza l&#8217;aria calda proveniente dal bruciatore in funzione per riscaldare gli alimenti.<\/p>\n<\/div><\/div><\/div><\/div><\/div><\/div><\/section><section class=\"l-section wpb_row height_auto\"><div class=\"l-section-h i-cf\"><div class=\"g-cols vc_row via_grid cols_3 laptops-cols_inherit tablets-cols_inherit mobiles-cols_1 valign_top type_boxes stacking_default\" style=\"--columns-gap:0rem;\"><div class=\"wpb_column vc_column_container\"><div class=\"vc_column-inner\"><div class=\"w-image us_custom_c0223bf0 align_none\"><div class=\"w-image-h\"><img decoding=\"async\" width=\"1024\" height=\"1024\" src=\"https:\/\/solgaz.eu\/wp-content\/uploads\/2025\/04\/ikony__2.svg\" class=\"attachment-large size-large\" alt=\"\" loading=\"lazy\"><\/div><\/div><div class=\"wpb_text_column\"><div class=\"wpb_wrapper\"><p><strong>Campo libero<\/strong><\/p>\n<p>Il campo libero aggiuntivo \u00e8 riscaldato da vapori caldi ed \u00e8 ideale per riscaldare gli alimenti.<\/p>\n<\/div><\/div><\/div><\/div><div class=\"wpb_column vc_column_container\"><div class=\"vc_column-inner\"><div class=\"w-image us_custom_c0223bf0 align_none\"><div class=\"w-image-h\"><img decoding=\"async\" width=\"1024\" height=\"1024\" src=\"https:\/\/solgaz.eu\/wp-content\/uploads\/2025\/04\/ikony__6.svg\" class=\"attachment-large size-large\" alt=\"\" loading=\"lazy\"><\/div><\/div><div class=\"wpb_text_column\"><div class=\"wpb_wrapper\"><p><strong>9 livelli di potenza<\/strong><\/p>\n<p>Il cursore a 9 livelli di potenza ti permette di regolare con precisione la potenza dell&#8217;apparecchio in base al cibo che stai cucinando.<\/p>\n<\/div><\/div><\/div><\/div><div class=\"wpb_column vc_column_container\"><div class=\"vc_column-inner\"><div class=\"w-image us_custom_c0223bf0 align_none\"><div class=\"w-image-h\"><img decoding=\"async\" width=\"1024\" height=\"1024\" src=\"https:\/\/solgaz.eu\/wp-content\/uploads\/2025\/04\/ikony__10.svg\" class=\"attachment-large size-large\" alt=\"\" loading=\"lazy\"><\/div><\/div><div class=\"wpb_text_column\"><div class=\"wpb_wrapper\"><p><strong>Controlli parentali<\/strong><\/p>\n<p>Per motivi di sicurezza, il piano cottura \u00e8 dotato di un pulsante di blocco all \u201caccensione. Questo garantisce che l\u201d apparecchio non si accenda accidentalmente.<\/p>\n<\/div><\/div><\/div><\/div><\/div><\/div><\/section><section class=\"l-section wpb_row height_auto\"><div class=\"l-section-h i-cf\"><div class=\"g-cols vc_row via_grid cols_2 laptops-cols_inherit tablets-cols_inherit mobiles-cols_1 valign_middle type_default stacking_default\" style=\"--columns-gap:0rem;\"><div class=\"wpb_column vc_column_container us_custom_ff837323\"><div class=\"vc_column-inner\"><div class=\"wpb_text_column\"><div class=\"wpb_wrapper\"><p>La superficie liscia della ceramica e l&#8217;assenza di griglie, bruciatori e angoli sporgenti rendono i piani cottura a gas sotto vetro facili da pulire. Sono anche sicuri, poich\u00e9 dispongono di una doppia protezione contro le fughe di gas, di un blocco del pannello di controllo e di un indicatore acustico di allagamento del piano cottura. Il pannello di controllo intuitivo rende la cottura sul piano Optimex 4+1 semplice e comoda.  <\/p>\n<p>Il piano cottura a gas sotto vetro Solgaz 4+1 combina l \u201ceconomicit\u00e0 e la comodit\u00e0 del gas con l\u201d aspetto ideale dei piani a induzione. Il piano cottura a gas in vetro \u201cgas sotto vetro\u201d \u00e8 una soluzione brevettata e prodotta solo da SOLGAZ.<\/p>\n<\/div><\/div><\/div><\/div><div class=\"wpb_column vc_column_container\"><div class=\"vc_column-inner\"><div class=\"w-image has_ratio align_none\"><div class=\"w-image-h\"><div style=\"padding-bottom:75%\"><\/div><img decoding=\"async\" width=\"1024\" height=\"640\" src=\"https:\/\/solgaz.eu\/wp-content\/uploads\/2025\/04\/optimex-41-1024x640.jpg\" class=\"attachment-large size-large\" alt=\"\" loading=\"lazy\"><\/div><\/div><\/div><\/div><\/div><\/div><\/section>\n","protected":false},"excerpt":{"rendered":"<p>Piano cottura a gas senza fiamma largo 60 cm <\/p>\n<p>Campo libero aggiuntivo, consumo di gas ridotto fino al 50%, doppio sistema di sicurezza.<\/p>\n<p>Funzionalit\u00e0: timer, blocco parentale, pannello di controllo touch.<\/p>\n","protected":false},"featured_media":48042,"comment_status":"open","ping_status":"closed","template":"","meta":{"_acf_changed":false},"product_cat":[854,741],"product_tag":[],"class_list":{"0":"post-48041","1":"product","2":"type-product","3":"status-publish","4":"has-post-thumbnail","6":"product_cat-optimex-it","7":"product_cat-piani-di-cottura-a-gas-senza-fiamma","9":"first","10":"instock","11":"shipping-taxable","12":"purchasable","13":"product-type-variable"},"supplier_id":null,"supplier_sku":"","barcode":null,"atum_controlled":true,"out_stock_date":null,"out_stock_threshold":null,"inheritable":false,"inbound_stock":null,"stock_on_hold":45,"sold_today":0,"sales_last_days":0,"reserved_stock":null,"customer_returns":null,"warehouse_damage":null,"lost_in_post":null,"other_logs":null,"out_stock_days":0,"lost_sales":0,"has_location":null,"update_date":"2026-04-11T00:03:38","atum_locations":[],"atum_stock_status":"instock","restock_status":false,"low_stock_amount":"","sales_update_date":"2026-04-11T00:03:38","calc_backorders":null,"acf":[],"_links":{"self":[{"href":"https:\/\/solgaz.eu\/it\/wp-json\/wp\/v2\/product\/48041","targetHints":{"allow":["GET"]}}],"collection":[{"href":"https:\/\/solgaz.eu\/it\/wp-json\/wp\/v2\/product"}],"about":[{"href":"https:\/\/solgaz.eu\/it\/wp-json\/wp\/v2\/types\/product"}],"replies":[{"embeddable":true,"href":"https:\/\/solgaz.eu\/it\/wp-json\/wp\/v2\/comments?post=48041"}],"wp:featuredmedia":[{"embeddable":true,"href":"https:\/\/solgaz.eu\/it\/wp-json\/wp\/v2\/media\/48042"}],"wp:attachment":[{"href":"https:\/\/solgaz.eu\/it\/wp-json\/wp\/v2\/media?parent=48041"}],"wp:term":[{"taxonomy":"product_cat","embeddable":true,"href":"https:\/\/solgaz.eu\/it\/wp-json\/wp\/v2\/product_cat?post=48041"},{"taxonomy":"product_tag","embeddable":true,"href":"https:\/\/solgaz.eu\/it\/wp-json\/wp\/v2\/product_tag?post=48041"}],"curies":[{"name":"wp","href":"https:\/\/api.w.org\/{rel}","templated":true}]}}