{"id":47976,"date":"2025-04-21T14:53:04","date_gmt":"2025-04-21T14:53:04","guid":{"rendered":"https:\/\/solgaz.eu\/produkt\/forno-elettrico-solgaz-4-in-1-multifunzionale-sp-50pm-grill-vaporiera-microonde-forno\/"},"modified":"2026-03-18T12:10:26","modified_gmt":"2026-03-18T11:10:26","slug":"forno-elettrico-solgaz-4-in-1-multifunzionale-sp-50pm-grill-vaporiera-microonde-forno","status":"publish","type":"product","link":"https:\/\/solgaz.eu\/it\/produkt\/forno-elettrico-solgaz-4-in-1-multifunzionale-sp-50pm-grill-vaporiera-microonde-forno\/","title":{"rendered":"Forno elettrico Solgaz 4-in-1 MULTIFUNZIONALE SP-50PM (grill, vaporiera, microonde, forno)"},"content":{"rendered":"<section class=\"l-section wpb_row height_auto\"><div class=\"l-section-h i-cf\"><div class=\"g-cols vc_row via_grid cols_2 laptops-cols_inherit tablets-cols_inherit mobiles-cols_1 valign_middle type_default stacking_default\" style=\"--columns-gap:0rem;\"><div class=\"wpb_column vc_column_container\"><div class=\"vc_column-inner\"><div class=\"w-image has_ratio align_none\"><div class=\"w-image-h\"><div style=\"padding-bottom:75%\"><\/div><img decoding=\"async\" width=\"1024\" height=\"585\" src=\"https:\/\/solgaz.eu\/wp-content\/uploads\/2025\/04\/1-1-1024x585.webp\" class=\"attachment-large size-large\" alt=\"\" loading=\"lazy\"><\/div><\/div><\/div><\/div><div class=\"wpb_column vc_column_container us_custom_ff837323\"><div class=\"vc_column-overlay\" style=\"background:var(--color-content-bg-alt)\"><\/div><div class=\"vc_column-inner\"><div class=\"wpb_text_column\"><div class=\"wpb_wrapper\"><h3>Forno MULTIFUNZIONALE 4 in 1 SP-50PM<\/h3>\n<p>Il nostro nuovo forno della famiglia SP \u00e8 un prodotto innovativo progettato per la cottura domestica di tutti i giorni. Grazie alle sue diverse modalit\u00e0, i piatti preparati saranno perfetti. Puoi utilizzare una serie di funzioni a seconda delle esigenze, come lo scongelamento, la tostatura, la termo-circolazione, l&#8217;asciugatura, la cottura a vapore e la modalit\u00e0 microonde. Tutto ci\u00f2 di cui hai bisogno in cucina \u00e8 contenuto in questo elettrodomestico unico.<\/p>\n<\/div><\/div><\/div><\/div><\/div><\/div><\/section><section class=\"l-section wpb_row height_auto\"><div class=\"l-section-h i-cf\"><div class=\"g-cols vc_row via_grid cols_2 laptops-cols_inherit tablets-cols_inherit mobiles-cols_1 valign_middle type_default stacking_default\" style=\"--columns-gap:0rem;\"><div class=\"wpb_column vc_column_container us_custom_ff837323\"><div class=\"vc_column-inner\"><div class=\"wpb_text_column\"><div class=\"wpb_wrapper\"><h3>Forno ben progettato<\/h3>\n<p>Il forno SP-50 PM \u00e8 stato progettato con attenzione ai minimi dettagli. Dalle dimensioni compatte, all&#8217;intuitivo pannello di controllo touch, fino al suo design unico, perfetto sia per le cucine pi\u00f9 piccole che per quelle pi\u00f9 grandi.<\/p>\n<\/div><\/div><\/div><\/div><div class=\"wpb_column vc_column_container\"><div class=\"vc_column-inner\"><div class=\"w-image has_ratio align_none\"><div class=\"w-image-h\"><div style=\"padding-bottom:75%\"><\/div><img decoding=\"async\" width=\"1024\" height=\"1024\" src=\"https:\/\/solgaz.eu\/wp-content\/uploads\/2025\/04\/S_4w1_6-1024x1024.png\" class=\"attachment-large size-large\" alt=\"\" loading=\"lazy\"><\/div><\/div><\/div><\/div><\/div><\/div><\/section><section class=\"l-section wpb_row height_auto\"><div class=\"l-section-h i-cf\"><div class=\"g-cols vc_row via_grid cols_2 laptops-cols_inherit tablets-cols_inherit mobiles-cols_1 valign_middle type_default stacking_default\" style=\"--columns-gap:0rem;\"><div class=\"wpb_column vc_column_container\"><div class=\"vc_column-inner\"><div class=\"w-image has_ratio align_none\"><div class=\"w-image-h\"><div style=\"padding-bottom:75%\"><\/div><img decoding=\"async\" width=\"1024\" height=\"585\" src=\"https:\/\/solgaz.eu\/wp-content\/uploads\/2025\/04\/4-1024x585.webp\" class=\"attachment-large size-large\" alt=\"\" loading=\"lazy\"><\/div><\/div><\/div><\/div><div class=\"wpb_column vc_column_container us_custom_ff837323\"><div class=\"vc_column-overlay\" style=\"background:var(--color-content-bg-alt)\"><\/div><div class=\"vc_column-inner\"><div class=\"wpb_text_column\"><div class=\"wpb_wrapper\"><h3>21 programmi automatici<\/h3>\n<p>Il nostro innovativo forno ha fino a 21 programmi automatici. \u00c8 il tuo pratico ricettario, che rende la preparazione di 21 piatti un gioco da ragazzi. Seleziona un programma, inserisci il peso del piatto e il gioco \u00e8 fatto. Non dovrai preoccuparti del resto.<\/p>\n<\/div><\/div><\/div><\/div><\/div><\/div><\/section><section class=\"l-section wpb_row height_auto\"><div class=\"l-section-h i-cf\"><div class=\"g-cols vc_row via_grid cols_2 laptops-cols_inherit tablets-cols_inherit mobiles-cols_1 valign_middle type_default stacking_default\" style=\"--columns-gap:0rem;\"><div class=\"wpb_column vc_column_container us_custom_ff837323\"><div class=\"vc_column-inner\"><div class=\"wpb_text_column\"><div class=\"wpb_wrapper\"><h2>Griglia, vaporiera, forno a microonde e forno 4 in 1<\/h2>\n<p>Solgaz SP-50 PM \u00e8 il massimo delle possibilit\u00e0 che abbiamo racchiuso in un unico apparecchio. Puoi scegliere una singola funzione o combinare diverse modalit\u00e0 dell&#8217;apparecchio. Il tutto per rendere i tuoi piatti assolutamente deliziosi.<\/p>\n<\/div><\/div><\/div><\/div><div class=\"wpb_column vc_column_container\"><div class=\"vc_column-inner\"><div class=\"w-image has_ratio align_none\"><div class=\"w-image-h\"><div style=\"padding-bottom:75%\"><\/div><img decoding=\"async\" width=\"976\" height=\"976\" src=\"https:\/\/solgaz.eu\/wp-content\/uploads\/2025\/04\/S_4w1_7.png\" class=\"attachment-large size-large\" alt=\"\" loading=\"lazy\"><\/div><\/div><\/div><\/div><\/div><\/div><\/section><section class=\"l-section wpb_row height_auto\"><div class=\"l-section-h i-cf\"><div class=\"g-cols vc_row via_grid cols_2 laptops-cols_inherit tablets-cols_inherit mobiles-cols_1 valign_middle type_default stacking_default\" style=\"--columns-gap:0rem;\"><div class=\"wpb_column vc_column_container\"><div class=\"vc_column-inner\"><div class=\"w-image has_ratio align_none\"><div class=\"w-image-h\"><div style=\"padding-bottom:75%\"><\/div><img decoding=\"async\" width=\"1024\" height=\"894\" src=\"https:\/\/solgaz.eu\/wp-content\/uploads\/2025\/04\/S_4w1_3-1-1024x894.png\" class=\"attachment-large size-large\" alt=\"\" loading=\"lazy\"><\/div><\/div><\/div><\/div><div class=\"wpb_column vc_column_container us_custom_ff837323\"><div class=\"vc_column-overlay\" style=\"background:var(--color-content-bg-alt)\"><\/div><div class=\"vc_column-inner\"><div class=\"wpb_text_column\"><div class=\"wpb_wrapper\"><h3>Funzione di riscaldamento rapido per le persone pi\u00f9 impegnate<\/h3>\n<p>Il nostro forno Solgaz SP-50 PM ha una serie di funzioni adatte alla vita sempre pi\u00f9 frenetica di molti di noi. Se hai poco tempo e non vuoi perdere tempo ad aspettare, attiva la funzione di riscaldamento rapido. Il forno aumenter\u00e0 automaticamente la potenza e ti far\u00e0 risparmiare il tempo necessario per raggiungere la temperatura desiderata. Una volta raggiunta la temperatura desiderata, la manterr\u00e0 automaticamente per un periodo di 2 ore.<\/p>\n<\/div><\/div><\/div><\/div><\/div><\/div><\/section>\n","protected":false},"excerpt":{"rendered":"<p>Forno elettrico da incasso da 60 cm in un mobile<\/p>\n<p>Minimo ingombro, massima ergonomia.<\/p>\n<p>Funzionalit\u00e0: 50 L, 4in1, pulizia a vapore, termoflusso, pannello di controllo touch.<\/p>\n","protected":false},"featured_media":47977,"comment_status":"open","ping_status":"closed","template":"","meta":{"_acf_changed":false},"product_cat":[844,845],"product_tag":[],"class_list":{"0":"post-47976","1":"product","2":"type-product","3":"status-publish","4":"has-post-thumbnail","6":"product_cat-forni","7":"product_cat-forni-elettrici","9":"first","10":"instock","11":"featured","12":"shipping-taxable","13":"purchasable","14":"product-type-simple"},"acf":[],"_links":{"self":[{"href":"https:\/\/solgaz.eu\/it\/wp-json\/wp\/v2\/product\/47976","targetHints":{"allow":["GET"]}}],"collection":[{"href":"https:\/\/solgaz.eu\/it\/wp-json\/wp\/v2\/product"}],"about":[{"href":"https:\/\/solgaz.eu\/it\/wp-json\/wp\/v2\/types\/product"}],"replies":[{"embeddable":true,"href":"https:\/\/solgaz.eu\/it\/wp-json\/wp\/v2\/comments?post=47976"}],"wp:featuredmedia":[{"embeddable":true,"href":"https:\/\/solgaz.eu\/it\/wp-json\/wp\/v2\/media\/47977"}],"wp:attachment":[{"href":"https:\/\/solgaz.eu\/it\/wp-json\/wp\/v2\/media?parent=47976"}],"wp:term":[{"taxonomy":"product_cat","embeddable":true,"href":"https:\/\/solgaz.eu\/it\/wp-json\/wp\/v2\/product_cat?post=47976"},{"taxonomy":"product_tag","embeddable":true,"href":"https:\/\/solgaz.eu\/it\/wp-json\/wp\/v2\/product_tag?post=47976"}],"curies":[{"name":"wp","href":"https:\/\/api.w.org\/{rel}","templated":true}]}}