{"id":47883,"date":"2025-04-21T14:53:49","date_gmt":"2025-04-21T14:53:49","guid":{"rendered":"https:\/\/solgaz.eu\/produkt\/piano-cottura-a-induzione-intelligente-si-hth-con-modulo-hob-to-hood\/"},"modified":"2026-02-23T04:56:49","modified_gmt":"2026-02-23T03:56:49","slug":"piano-cottura-a-induzione-intelligente-si-hth-con-modulo-hob-to-hood","status":"publish","type":"product","link":"https:\/\/solgaz.eu\/it\/produkt\/piano-cottura-a-induzione-intelligente-si-hth-con-modulo-hob-to-hood\/","title":{"rendered":"Piano cottura a induzione intelligente SI HTH (con modulo Hob to Hood)"},"content":{"rendered":"<section class=\"l-section wpb_row height_auto\"><div class=\"l-section-h i-cf\"><div class=\"g-cols vc_row via_grid cols_2 laptops-cols_inherit tablets-cols_inherit mobiles-cols_1 valign_middle type_default stacking_default\" style=\"--columns-gap:0rem;\"><div class=\"wpb_column vc_column_container\"><div class=\"vc_column-inner\"><div class=\"w-image has_ratio align_none\"><div class=\"w-image-h\"><div style=\"padding-bottom:75%\"><\/div><img decoding=\"async\" width=\"1024\" height=\"640\" src=\"https:\/\/solgaz.eu\/wp-content\/uploads\/2025\/04\/Obszar-kompozycji-4-1024x640.jpg\" class=\"attachment-large size-large\" alt=\"\" loading=\"lazy\"><\/div><\/div><\/div><\/div><div class=\"wpb_column vc_column_container us_custom_ff837323\"><div class=\"vc_column-overlay\" style=\"background:var(--color-content-bg-alt)\"><\/div><div class=\"vc_column-inner\"><div class=\"wpb_text_column\"><div class=\"wpb_wrapper\"><h3>Nuovo! Piano cottura a induzione intelligente Solgaz SI HTH (con modulo Hob to Hood) <\/h3>\n<p>Il Solgaz SI HTH \u00e8 un piano cottura a induzione che comunica automaticamente con la cappa per garantire condizioni di cottura ideali. Il design moderno, le soluzioni innovative e le 4 zone di riscaldamento rendono la cottura ancora pi\u00f9 facile e confortevole. Scegli la tecnologia pi\u00f9 adatta alle tue esigenze!<\/p>\n<\/div><\/div><\/div><\/div><\/div><\/div><\/section><section class=\"l-section wpb_row height_auto\"><div class=\"l-section-h i-cf\"><div class=\"g-cols vc_row via_grid cols_2 laptops-cols_inherit tablets-cols_inherit mobiles-cols_1 valign_middle type_default stacking_default\" style=\"--columns-gap:0rem;\"><div class=\"wpb_column vc_column_container us_custom_ff837323\"><div class=\"vc_column-inner\"><div class=\"wpb_text_column\"><div class=\"wpb_wrapper\"><h3>Cucinare sul piano a induzione Solgaz SI HTH: veloce, facile e piacevole<\/h3>\n<p>La cottura a induzione \u00e8 una tecnologia di cottura sicura, avanzata, efficiente ed economica. Funziona secondo il principio delle vibrazioni elettromagnetiche che generano calore direttamente nelle pentole, anzich\u00e9 indirettamente riscaldando la superficie del vetro. Il vetro si riscalda solo perch\u00e9 viene riscaldato dal calore della pentola.<\/p>\n<\/div><\/div><\/div><\/div><div class=\"wpb_column vc_column_container\"><div class=\"vc_column-inner\"><div class=\"w-image has_ratio align_none\"><div class=\"w-image-h\"><div style=\"padding-bottom:75%\"><\/div><img decoding=\"async\" width=\"1024\" height=\"640\" src=\"https:\/\/solgaz.eu\/wp-content\/uploads\/2025\/04\/Obszar-kompozycji-9-1024x640.jpg\" class=\"attachment-large size-large\" alt=\"\" loading=\"lazy\"><\/div><\/div><\/div><\/div><\/div><\/div><\/section><section class=\"l-section wpb_row height_auto\"><div class=\"l-section-h i-cf\"><div class=\"g-cols vc_row via_grid cols_3 laptops-cols_inherit tablets-cols_inherit mobiles-cols_1 valign_top type_boxes stacking_default\" style=\"--columns-gap:0rem;\"><div class=\"wpb_column vc_column_container\"><div class=\"vc_column-inner\"><div class=\"w-image us_custom_c0223bf0 align_none\"><div class=\"w-image-h\"><img decoding=\"async\" width=\"1024\" height=\"1024\" src=\"https:\/\/solgaz.eu\/wp-content\/uploads\/2025\/04\/ikony__10.svg\" class=\"attachment-large size-large\" alt=\"\" loading=\"lazy\"><\/div><\/div><div class=\"wpb_text_column\"><div class=\"wpb_wrapper\"><p><strong>Timer<\/strong><\/p>\n<p>Allo scadere del tempo impostato, il piano cottura si spegne da solo \/ emette un segnale acustico.<\/p>\n<\/div><\/div><\/div><\/div><div class=\"wpb_column vc_column_container\"><div class=\"vc_column-inner\"><div class=\"w-image us_custom_c0223bf0 align_none\"><div class=\"w-image-h\"><img decoding=\"async\" width=\"1024\" height=\"1024\" src=\"https:\/\/solgaz.eu\/wp-content\/uploads\/2025\/04\/ikony__2.svg\" class=\"attachment-large size-large\" alt=\"\" loading=\"lazy\"><\/div><\/div><div class=\"wpb_text_column\"><div class=\"wpb_wrapper\"><p><strong>Stop&amp;Go<\/strong><\/p>\n<p>Basta un pulsante per mettere in pausa il piano cottura. Hai bisogno di una pausa improvvisa dalla preparazione della cena? Premi pausa e al tuo ritorno avvia il piano cottura con le impostazioni precedenti intatte. Il piano cottura SI HTH ricorda tutti i parametri.<\/p>\n<\/div><\/div><\/div><\/div><div class=\"wpb_column vc_column_container\"><div class=\"vc_column-inner\"><div class=\"w-image us_custom_c0223bf0 align_none\"><div class=\"w-image-h\"><img decoding=\"async\" width=\"1024\" height=\"1024\" src=\"https:\/\/solgaz.eu\/wp-content\/uploads\/2025\/04\/ikony__6.svg\" class=\"attachment-large size-large\" alt=\"\" loading=\"lazy\"><\/div><\/div><div class=\"wpb_text_column\"><div class=\"wpb_wrapper\"><p><strong>Funzione Power Booster<\/strong><\/p>\n<p>Cottura pi\u00f9 veloce grazie alla maggiore potenza dei bruciatori dei piani a induzione SI HTH.<\/p>\n<\/div><\/div><\/div><\/div><\/div><\/div><\/section><section class=\"l-section wpb_row height_auto\"><div class=\"l-section-h i-cf\"><div class=\"g-cols vc_row via_grid cols_2 laptops-cols_inherit tablets-cols_inherit mobiles-cols_1 valign_middle type_default stacking_default\" style=\"--columns-gap:0rem;\"><div class=\"wpb_column vc_column_container\"><div class=\"vc_column-inner\"><div class=\"w-image has_ratio align_none\"><div class=\"w-image-h\"><div style=\"padding-bottom:75%\"><\/div><img decoding=\"async\" width=\"1024\" height=\"640\" src=\"https:\/\/solgaz.eu\/wp-content\/uploads\/2025\/04\/Obszar-kompozycji-13-1-1024x640.webp\" class=\"attachment-large size-large\" alt=\"\" loading=\"lazy\"><\/div><\/div><\/div><\/div><div class=\"wpb_column vc_column_container us_custom_ff837323\"><div class=\"vc_column-overlay\" style=\"background:var(--color-content-bg-alt)\"><\/div><div class=\"vc_column-inner\"><div class=\"wpb_text_column\"><div class=\"wpb_wrapper\"><h3>Hob to Hood &#8211; Collaborazione intelligente tra piano cottura e cappa<\/h3>\n<p>Grazie alla tecnologia <strong>Hob to Hood<\/strong>, cucinare diventa ancora pi\u00f9 comodo. Il nostro piano cottura a induzione comunica automaticamente con qualsiasi cappa Solgaz, regolando la sua potenza in base all \u201cintensit\u00e0 della cottura. Non dovrai pi\u00f9 regolare manualmente la ventilazione: il sistema si occuper\u00e0 da solo dell\u201d aria fresca in cucina, permettendoti di concentrarti sulla preparazione dei tuoi piatti.    <strong>Si tratta di una soluzione moderna che combina comfort, efficienza ed estetica in un unico sistema intelligente.<\/strong><\/p>\n<\/div><\/div><\/div><\/div><\/div><\/div><\/section><section class=\"l-section wpb_row height_auto\"><div class=\"l-section-h i-cf\"><div class=\"g-cols vc_row via_grid cols_2 laptops-cols_inherit tablets-cols_inherit mobiles-cols_1 valign_middle type_default stacking_default\" style=\"--columns-gap:0rem;\"><div class=\"wpb_column vc_column_container us_custom_ff837323\"><div class=\"vc_column-inner\"><div class=\"wpb_text_column\"><div class=\"wpb_wrapper\"><h3>Funzione Power Booster e Bridge<\/h3>\n<p>Tutte le zone di cottura del piano a induzione Solgaz SI HTH sono dotate della funzione <strong>Power Booster.<\/strong> Questa funzione ti permette di massimizzare la potenza del campo di riscaldamento selezionato, accelerando il processo di riscaldamento e cottura e facendoti risparmiare tempo prezioso. L&#8217;innovativa combinazione di queste funzioni consente una <strong>preparazione dei cibi efficiente ed efficace,<\/strong> elevando gli standard della cucina moderna. <\/p>\n<p><strong>La funzione Bridge<\/strong> \u00e8 una soluzione all \u201cavanguardia che permette di combinare due zone di riscaldamento adiacenti (posizionate verticalmente) in una sola. Questo ti permette di controllare entrambe le zone con un solo cursore, il che \u00e8 estremamente comodo e ti fa risparmiare tempo. Quando attivi la funzione Bridge, uno speciale LED inizia a lampeggiare e il cursore si illumina di conseguenza. Si tratta di una funzione pratica che facilita l\u201d uso quotidiano e rende pi\u00f9 conveniente cucinare.<\/p>\n<\/div><\/div><\/div><\/div><div class=\"wpb_column vc_column_container\"><div class=\"vc_column-inner\"><div class=\"w-image has_ratio align_none\"><div class=\"w-image-h\"><div style=\"padding-bottom:75%\"><\/div><img decoding=\"async\" width=\"1024\" height=\"640\" src=\"https:\/\/solgaz.eu\/wp-content\/uploads\/2025\/04\/19.02.2025_przekadki_indukcja_6-1024x640.webp\" class=\"attachment-large size-large\" alt=\"\" loading=\"lazy\"><\/div><\/div><\/div><\/div><\/div><\/div><\/section><section class=\"l-section wpb_row height_auto\"><div class=\"l-section-h i-cf\"><div class=\"g-cols vc_row via_grid cols_3 laptops-cols_inherit tablets-cols_inherit mobiles-cols_1 valign_top type_boxes stacking_default\" style=\"--columns-gap:0rem;\"><div class=\"wpb_column vc_column_container\"><div class=\"vc_column-inner\"><div class=\"w-image us_custom_c0223bf0 align_none\"><div class=\"w-image-h\"><img decoding=\"async\" width=\"1024\" height=\"1024\" src=\"https:\/\/solgaz.eu\/wp-content\/uploads\/2025\/04\/ikony__11.svg\" class=\"attachment-large size-large\" alt=\"\" loading=\"lazy\"><\/div><\/div><div class=\"wpb_text_column\"><div class=\"wpb_wrapper\"><p><strong>Mantenimento della temperatura<br \/>\n<\/strong><\/p>\n<p> Questo garantisce che il cibo preparato rimanga alla giusta temperatura fino al momento in cui viene servito.<\/p>\n<\/div><\/div><\/div><\/div><div class=\"wpb_column vc_column_container\"><div class=\"vc_column-inner\"><div class=\"w-image us_custom_c0223bf0 align_none\"><div class=\"w-image-h\"><img decoding=\"async\" width=\"1024\" height=\"1024\" src=\"https:\/\/solgaz.eu\/wp-content\/uploads\/2025\/04\/ikony__8-1.svg\" class=\"attachment-large size-large\" alt=\"\" loading=\"lazy\"><\/div><\/div><div class=\"wpb_text_column\"><div class=\"wpb_wrapper\"><p><strong>Controlli parentali<br \/>\n<\/strong><\/p>\n<p>Per motivi di sicurezza, il piano cottura \u00e8 dotato di un pulsante di blocco all \u201caccensione. Questo garantisce che l\u201d apparecchio non si accenda accidentalmente.<\/p>\n<\/div><\/div><\/div><\/div><div class=\"wpb_column vc_column_container\"><div class=\"vc_column-inner\"><div class=\"w-image us_custom_c0223bf0 align_none\"><div class=\"w-image-h\"><img decoding=\"async\" width=\"1024\" height=\"1024\" src=\"https:\/\/solgaz.eu\/wp-content\/uploads\/2025\/04\/ikony__7.svg\" class=\"attachment-large size-large\" alt=\"\" loading=\"lazy\"><\/div><\/div><div class=\"wpb_text_column\"><div class=\"wpb_wrapper\"><p><strong>Cottura rapida<br \/>\n<\/strong><\/p>\n<p> La tecnologia del piano cottura a induzione riduce al minimo i tempi di cottura, permettendoti di far bollire l&#8217;acqua in meno di 2 minuti.<\/p>\n<\/div><\/div><\/div><\/div><\/div><\/div><\/section><section class=\"l-section wpb_row height_auto\"><div class=\"l-section-h i-cf\"><div class=\"g-cols vc_row via_grid cols_2 laptops-cols_inherit tablets-cols_inherit mobiles-cols_1 valign_middle type_default stacking_default\" style=\"--columns-gap:0rem;\"><div class=\"wpb_column vc_column_container\"><div class=\"vc_column-inner\"><div class=\"w-image has_ratio align_none\"><div class=\"w-image-h\"><div style=\"padding-bottom:75%\"><\/div><img decoding=\"async\" width=\"1024\" height=\"640\" src=\"https:\/\/solgaz.eu\/wp-content\/uploads\/2025\/04\/19.02.2025_przekadki_indukcja_5-1024x640.webp\" class=\"attachment-large size-large\" alt=\"\" loading=\"lazy\"><\/div><\/div><\/div><\/div><div class=\"wpb_column vc_column_container us_custom_ff837323\"><div class=\"vc_column-overlay\" style=\"background:var(--color-content-bg-alt)\"><\/div><div class=\"vc_column-inner\"><div class=\"wpb_text_column\"><div class=\"wpb_wrapper\"><h3>Scegliere le pentole giuste per cucinare su un piano a induzione<\/h3>\n<p>Utilizza solo pentole con un fondo adatto alla cottura a induzione. Cerca il simbolo dell&#8217;induzione sulla confezione o sul fondo della pentola. Puoi verificare se le tue pentole sono adatte effettuando un test con una calamita. Sposta il magnete verso la base della pentola. Se viene attratta, la pentola \u00e8 adatta a cucinare su un piano di cottura a induzione.    <\/p>\n<p>Se non hai un magnete:<br \/>\n1. Versa dell \u201cacqua nella pentola che vuoi testare.<br \/>\n2. Accendi e aspetta 3 minuti per vedere se l\u201d acqua si riscalda.<\/p>\n<\/div><\/div><\/div><\/div><\/div><\/div><\/section><section class=\"l-section wpb_row height_auto\"><div class=\"l-section-h i-cf\"><div class=\"g-cols vc_row via_grid cols_2 laptops-cols_inherit tablets-cols_inherit mobiles-cols_1 valign_middle type_default stacking_default\" style=\"--columns-gap:0rem;\"><div class=\"wpb_column vc_column_container us_custom_ff837323\"><div class=\"vc_column-inner\"><div class=\"wpb_text_column\"><div class=\"wpb_wrapper\"><h3>Solgaz SI HTH &#8211; modernit\u00e0, convenienza, intelligenza!<\/h3>\n<p>Scegli un piano cottura a induzione di nuova generazione! Solgaz SI HTH. \u00c8 la combinazione perfetta di tecnologie innovative e design elegante. Comunicazione intelligente con la cappa, funzione Bridge, cottura veloce con Power Booster: tutto per rendere la cucina un piacere. Risparmia tempo, goditi il comfort e scegli una soluzione che migliorer\u00e0 gli standard della tua cucina!<\/p>\n<\/div><\/div><\/div><\/div><div class=\"wpb_column vc_column_container\"><div class=\"vc_column-inner\"><div class=\"w-image has_ratio align_none\"><div class=\"w-image-h\"><div style=\"padding-bottom:75%\"><\/div><img decoding=\"async\" width=\"1024\" height=\"640\" src=\"https:\/\/solgaz.eu\/wp-content\/uploads\/2025\/04\/19.02.2025_przekadki_indukcja_3-1024x640.jpg\" class=\"attachment-large size-large\" alt=\"\" loading=\"lazy\"><\/div><\/div><\/div><\/div><\/div><\/div><\/section>\n","protected":false},"excerpt":{"rendered":"<p>Piano cottura a induzione largo 60 cm. <\/p>\n<p>Cottura rapida ed efficiente di ultima generazione.<\/p>\n<p>Funzionalit\u00e0: Hop to Hood (comunicazione tra piano cottura e cappa Solgaz), booster, bridge (combina i campi di cottura) stop &amp; go, blocco parentale, timer, timer, pannello di controllo touch.<\/p>\n","protected":false},"featured_media":47884,"comment_status":"open","ping_status":"closed","template":"","meta":{"_acf_changed":false},"product_cat":[813],"product_tag":[726],"class_list":{"0":"post-47883","1":"product","2":"type-product","3":"status-publish","4":"has-post-thumbnail","6":"product_cat-piani-di-cottura-a-induzione","7":"product_tag-hob-to-hood-comunicazione-tra-piano-cottura-e-cappa","9":"first","10":"instock","11":"shipping-taxable","12":"purchasable","13":"product-type-simple"},"acf":[],"_links":{"self":[{"href":"https:\/\/solgaz.eu\/it\/wp-json\/wp\/v2\/product\/47883","targetHints":{"allow":["GET"]}}],"collection":[{"href":"https:\/\/solgaz.eu\/it\/wp-json\/wp\/v2\/product"}],"about":[{"href":"https:\/\/solgaz.eu\/it\/wp-json\/wp\/v2\/types\/product"}],"replies":[{"embeddable":true,"href":"https:\/\/solgaz.eu\/it\/wp-json\/wp\/v2\/comments?post=47883"}],"wp:featuredmedia":[{"embeddable":true,"href":"https:\/\/solgaz.eu\/it\/wp-json\/wp\/v2\/media\/47884"}],"wp:attachment":[{"href":"https:\/\/solgaz.eu\/it\/wp-json\/wp\/v2\/media?parent=47883"}],"wp:term":[{"taxonomy":"product_cat","embeddable":true,"href":"https:\/\/solgaz.eu\/it\/wp-json\/wp\/v2\/product_cat?post=47883"},{"taxonomy":"product_tag","embeddable":true,"href":"https:\/\/solgaz.eu\/it\/wp-json\/wp\/v2\/product_tag?post=47883"}],"curies":[{"name":"wp","href":"https:\/\/api.w.org\/{rel}","templated":true}]}}