{"id":47867,"date":"2025-04-21T14:53:49","date_gmt":"2025-04-21T14:53:49","guid":{"rendered":"https:\/\/solgaz.eu\/produkt\/set-di-pentole-brava-8-pezzi\/"},"modified":"2025-06-15T15:22:27","modified_gmt":"2025-06-15T13:22:27","slug":"set-di-pentole-brava-8-pezzi","status":"publish","type":"product","link":"https:\/\/solgaz.eu\/it\/produkt\/set-di-pentole-brava-8-pezzi\/","title":{"rendered":"Set di pentole BRAVA &#8211; 8 pezzi"},"content":{"rendered":"<section class=\"l-section wpb_row height_auto width_custom\" style=\"--site-content-width:800px;\"><div class=\"l-section-h i-cf\"><div class=\"g-cols vc_row via_grid cols_1 laptops-cols_inherit tablets-cols_inherit mobiles-cols_1 valign_top type_default stacking_default\"><div class=\"wpb_column vc_column_container\"><div class=\"vc_column-inner\"><div class=\"w-video align_none ratio_16x9 has_iframe\"><div class=\"w-video-h\"><iframe title=\"Youtube video player\" src=\"\/\/www.youtube.com\/embed\/126peqcIlzk?autoplay=0&controls=1&origin=https:\/\/solgaz.eu\/it\/&loop=0&mute=0\" allowfullscreen=\"1\" loading=\"lazy\"><\/iframe><\/div><\/div><div class=\"w-separator size_medium\"><\/div><div class=\"wpb_text_column\"><div class=\"wpb_wrapper\"><h3><strong>Il set di pentole BRAVA: durata, funzionalit\u00e0 e praticit\u00e0 in cucina!<\/strong><\/h3>\n<p>Scegliere le pentole giuste \u00e8 una decisione cruciale per ogni appassionato di cucina. Investendo in un set di alta qualit\u00e0, non solo ottieni la comodit\u00e0, ma anche la certezza che durer\u00e0 per anni. Pertanto, se stai cercando delle pentole funzionali che soddisfino le tue aspettative e che, inoltre, siano affidabili su qualsiasi piano di cottura, il set di pentole BRAVA (8 pezzi) \u00e8 la scelta perfetta per te e per tutti gli appassionati di cucina!<\/p>\n<\/div><\/div><div class=\"w-separator size_medium\"><\/div><div class=\"wpb_text_column\"><div class=\"wpb_wrapper\"><h3><strong>Cosa contiene il set BRAVA da 8 pezzi?<\/strong><\/h3>\n<ul>\n<li>Pentola BRAVA con coperchio &#8211; \u00d8 20 cm, 4,0 l<\/li>\n<li>Pentola BRAVA con coperchio &#8211; \u00d8 18 cm, 2,0 l<\/li>\n<li>Pentola BRAVA con coperchio &#8211; \u00d8 20 cm, 3,0 l<\/li>\n<li>Casseruola BRAVA con beccuccio bifacciale e coperchio &#8211; \u00d8 16 cm, 1,25 l<\/li>\n<\/ul>\n<\/div><\/div><div class=\"w-separator size_medium\"><\/div><div class=\"wpb_text_column\"><div class=\"wpb_wrapper\"><h3><strong>Versatilit\u00e0 e compatibilit\u00e0<\/strong><\/h3>\n<p>Il set BRAVA funziona perfettamente su tutti i tipi di fornelli:<\/p>\n<ul>\n<li>Piano cottura a gas senza fiamma (Solgaz)<\/li>\n<li>Piano cottura a gas<\/li>\n<li>Piano cottura a induzione<\/li>\n<li>Piastra in vetroceramica<\/li>\n<li>Piano cottura elettrico<\/li>\n<\/ul>\n<p>Scegli la qualit\u00e0, la funzionalit\u00e0 e lo stile nella tua cucina. Il set di pentole BRAVA \u00e8 ideale per la cucina di tutti i giorni e per i cuochi pi\u00f9 esigenti! Ordina oggi stesso e goditi la comodit\u00e0 di utilizzo per gli anni a venire.<\/p>\n<\/div><\/div><div class=\"w-separator size_medium\"><\/div><div class=\"wpb_text_column\"><div class=\"wpb_wrapper\"><h3><strong>Perch\u00e9 il set di pentole BRAVA da 8 pezzi \u00e8 cos\u00ec speciale?<\/strong><\/h3>\n<p>Il set BRAVA, realizzato in acciaio inox di alta qualit\u00e0, \u00e8 una pentola da cucina pensata per un uso intensivo e quotidiano. Le pentole sono dotate di un fondo sandwich extra-spesso e sono adatte a essere utilizzate su tutti i tipi di fornelli, compresi quelli a induzione. La speciale struttura multistrato del fondo garantisce una distribuzione uniforme del calore. Questo non solo riduce i tempi di cottura, ma evita anche che gli alimenti si brucino.   <\/p>\n<p>I manici ergonomici in plastica resistente sono comodi e sicuri e non si scottano durante la cottura. I robusti coperchi in vetro temperato e acciaio inox ti permettono di controllare facilmente il processo di cottura senza doverli sollevare. Un ulteriore sfiato per il vapore evita l&#8217;eccessiva condensa e la fuoriuscita di liquidi.<\/p>\n<\/div><\/div><div class=\"w-separator size_medium\"><\/div><div class=\"wpb_text_column\"><div class=\"wpb_wrapper\"><h3><strong>Facile da pulire &#8211; comodit\u00e0 quotidiana<\/strong><\/h3>\n<p>Ti piace risparmiare tempo? Le pentole BRAVA possono essere lavate in lavastoviglie senza temere di danneggiarle o di perdere le loro qualit\u00e0 estetiche. In questo modo la pulizia dopo la cottura \u00e8 pi\u00f9 veloce e comoda.<\/p>\n<\/div><\/div><div class=\"w-separator size_medium\"><\/div><div class=\"wpb_text_column\"><div class=\"wpb_wrapper\"><h3><strong>5 anni di garanzia &#8211; garanzia di qualit\u00e0<\/strong><\/h3>\n<p>Il set di 8 pezzi BRAVA \u00e8 una scelta per molti anni. Grazie alla garanzia di 5 anni ti assicuri la durata, l&#8217;affidabilit\u00e0 e la sicurezza d&#8217;uso.<br \/>\nSe cerchi pentole che uniscano soluzioni moderne alla durata e alla praticit\u00e0 d&#8217;uso, il nostro set \u00e8 quello che fa per te. Cucinare non \u00e8 mai stato cos\u00ec piacevole!<\/p>\n<\/div><\/div><\/div><\/div><\/div><\/div><\/section>\n","protected":false},"excerpt":{"rendered":"<p>Un pratico set da 8 pezzi, ideale per l&#8217;uso quotidiano.<\/p>\n<p>Adatto a tutti i tipi di fornelli.<\/p>\n","protected":false},"featured_media":47870,"comment_status":"open","ping_status":"closed","template":"","meta":{"_acf_changed":false},"product_cat":[707],"product_tag":[],"class_list":{"0":"post-47867","1":"product","2":"type-product","3":"status-publish","4":"has-post-thumbnail","6":"product_cat-accessori","8":"first","9":"instock","10":"shipping-taxable","11":"purchasable","12":"product-type-simple"},"supplier_id":null,"supplier_sku":"","barcode":null,"atum_controlled":true,"out_stock_date":null,"out_stock_threshold":null,"inheritable":false,"inbound_stock":null,"stock_on_hold":0,"sold_today":0,"sales_last_days":0,"reserved_stock":null,"customer_returns":null,"warehouse_damage":null,"lost_in_post":null,"other_logs":null,"out_stock_days":0,"lost_sales":0,"has_location":null,"update_date":"2026-04-07T00:27:24","atum_locations":[],"atum_stock_status":"instock","restock_status":false,"low_stock_amount":"","sales_update_date":"2026-04-07T00:27:24","calc_backorders":null,"acf":[],"_links":{"self":[{"href":"https:\/\/solgaz.eu\/it\/wp-json\/wp\/v2\/product\/47867","targetHints":{"allow":["GET"]}}],"collection":[{"href":"https:\/\/solgaz.eu\/it\/wp-json\/wp\/v2\/product"}],"about":[{"href":"https:\/\/solgaz.eu\/it\/wp-json\/wp\/v2\/types\/product"}],"replies":[{"embeddable":true,"href":"https:\/\/solgaz.eu\/it\/wp-json\/wp\/v2\/comments?post=47867"}],"wp:featuredmedia":[{"embeddable":true,"href":"https:\/\/solgaz.eu\/it\/wp-json\/wp\/v2\/media\/47870"}],"wp:attachment":[{"href":"https:\/\/solgaz.eu\/it\/wp-json\/wp\/v2\/media?parent=47867"}],"wp:term":[{"taxonomy":"product_cat","embeddable":true,"href":"https:\/\/solgaz.eu\/it\/wp-json\/wp\/v2\/product_cat?post=47867"},{"taxonomy":"product_tag","embeddable":true,"href":"https:\/\/solgaz.eu\/it\/wp-json\/wp\/v2\/product_tag?post=47867"}],"curies":[{"name":"wp","href":"https:\/\/api.w.org\/{rel}","templated":true}]}}