{"id":47712,"date":"2025-05-22T19:08:58","date_gmt":"2025-05-22T17:08:58","guid":{"rendered":"https:\/\/solgaz.eu\/produkt\/tettuccio-a-isola-tubo-nero-ow-black-hth-con-modulo-hob-to-hood\/"},"modified":"2025-06-15T15:21:57","modified_gmt":"2025-06-15T13:21:57","slug":"tettuccio-a-isola-tubo-nero-ow-black-hth-con-modulo-hob-to-hood","status":"publish","type":"product","link":"https:\/\/solgaz.eu\/it\/produkt\/tettuccio-a-isola-tubo-nero-ow-black-hth-con-modulo-hob-to-hood\/","title":{"rendered":"Tettuccio a isola tubo nero OW BLACK HTH (con modulo Hob to Hood)"},"content":{"rendered":"<section class=\"l-section wpb_row height_auto\"><div class=\"l-section-h i-cf\"><div class=\"g-cols vc_row via_grid cols_2 laptops-cols_inherit tablets-cols_inherit mobiles-cols_1 valign_middle type_default stacking_default\" style=\"--columns-gap:0rem;\"><div class=\"wpb_column vc_column_container\"><div class=\"vc_column-inner\"><div class=\"w-image has_ratio align_none\"><div class=\"w-image-h\"><div style=\"padding-bottom:75%\"><\/div><img decoding=\"async\" width=\"1024\" height=\"768\" src=\"https:\/\/solgaz.eu\/wp-content\/uploads\/2025\/05\/ow-1024x768.jpg\" class=\"attachment-large size-large\" alt=\"\" loading=\"lazy\"><\/div><\/div><\/div><\/div><div class=\"wpb_column vc_column_container us_custom_ff837323\"><div class=\"vc_column-overlay\" style=\"background:var(--color-content-bg-alt)\"><\/div><div class=\"vc_column-inner\"><div class=\"wpb_text_column\"><div class=\"wpb_wrapper\"><h3>Nuovo! Cappa camino tubo nero OK BLACK HTH &#8211; design moderno e funzioni intelligenti <\/h3>\n<p>L \u201cOK BLACK HTH \u00e8 un\u201d elegante cappa a tubo che combina un design minimalista con una tecnologia avanzata. La finitura nera opaca e la forma cilindrica si adattano perfettamente agli interni delle cucine moderne, aggiungendo stile e leggerezza. La sua forma compatta la rende ideale anche in spazi ridotti.<\/p>\n<\/div><\/div><\/div><\/div><\/div><\/div><\/section><section class=\"l-section wpb_row height_auto\"><div class=\"l-section-h i-cf\"><div class=\"g-cols vc_row via_grid cols_2 laptops-cols_inherit tablets-cols_inherit mobiles-cols_1 valign_middle type_default stacking_default\" style=\"--columns-gap:0rem;\"><div class=\"wpb_column vc_column_container us_custom_ff837323\"><div class=\"vc_column-inner\"><div class=\"wpb_text_column\"><div class=\"wpb_wrapper\"><h3>Controllo intelligente grazie alla tecnologia Hob to Hood<\/h3>\n<p>Questa cappa a camino \u00e8 dotata della funzione Hob to Hood, che consente il funzionamento wireless con i piani cottura Solgaz compatibili: il piano cottura SMART HOME 4+1 HTH e il piano a induzione SI HTH. Questo permette alla cappa di regolare automaticamente la sua potenza in base all \u201cintensit\u00e0 di cottura. Non dovrai pi\u00f9 ricordarti di accendere la ventilazione: sar\u00e0 l\u201d elettrodomestico a farlo per te, garantendo aria fresca in cucina e il massimo comfort di cottura.<\/p>\n<\/div><\/div><\/div><\/div><div class=\"wpb_column vc_column_container\"><div class=\"vc_column-inner\"><div class=\"w-image has_ratio align_none\"><div class=\"w-image-h\"><div style=\"padding-bottom:75%\"><\/div><img decoding=\"async\" width=\"710\" height=\"1024\" src=\"https:\/\/solgaz.eu\/wp-content\/uploads\/2025\/05\/SOLGAZ_OK_BLACK_HTH-710x1024.png\" class=\"attachment-large size-large\" alt=\"\" loading=\"lazy\"><\/div><\/div><\/div><\/div><\/div><\/div><\/section><section class=\"l-section wpb_row height_auto\"><div class=\"l-section-h i-cf\"><div class=\"g-cols vc_row via_grid cols_2 laptops-cols_inherit tablets-cols_inherit mobiles-cols_1 valign_middle type_default stacking_default\" style=\"--columns-gap:0rem;\"><div class=\"wpb_column vc_column_container\"><div class=\"vc_column-inner\"><div class=\"w-image has_ratio align_none\"><div class=\"w-image-h\"><div style=\"padding-bottom:75%\"><\/div><img decoding=\"async\" width=\"1024\" height=\"737\" src=\"https:\/\/solgaz.eu\/wp-content\/uploads\/2025\/05\/ow3-1024x737.png\" class=\"attachment-large size-large\" alt=\"\" loading=\"lazy\"><\/div><\/div><\/div><\/div><div class=\"wpb_column vc_column_container us_custom_ff837323\"><div class=\"vc_column-overlay\" style=\"background:var(--color-content-bg-alt)\"><\/div><div class=\"vc_column-inner\"><div class=\"wpb_text_column\"><div class=\"wpb_wrapper\"><h3>Controllo del colore e dell&#8217;intensit\u00e0 della luce LED<\/h3>\n<p>L \u201cilluminazione LED all\u201d avanguardia della cappa OK BLACK HTH non offre solo estetica, ma anche funzioni pratiche. L \u201cutente pu\u00f2 regolare sia l\u201d intensit\u00e0 che la temperatura del colore della luce, adattandola all \u201cumore e al momento della giornata. Ci sono tre livelli di luminosit\u00e0 e una variazione omogenea del colore della luce da toni freddi a caldi, che migliora la visibilit\u00e0 durante la cottura e crea un\u201d atmosfera piacevole in cucina.<\/p>\n<\/div><\/div><\/div><\/div><\/div><\/div><\/section><section class=\"l-section wpb_row height_auto\"><div class=\"l-section-h i-cf\"><div class=\"g-cols vc_row via_grid cols_2 laptops-cols_inherit tablets-cols_inherit mobiles-cols_1 valign_middle type_default stacking_default\" style=\"--columns-gap:0rem;\"><div class=\"wpb_column vc_column_container us_custom_ff837323\"><div class=\"vc_column-inner\"><div class=\"wpb_text_column\"><div class=\"wpb_wrapper\"><h3>Due modalit\u00e0 di funzionamento: estrattore o assorbitore<\/h3>\n<p>L&#8217;OK BLACK HTH pu\u00f2 funzionare sia in modalit\u00e0 di estrazione che di assorbimento, permettendoti di adattare l&#8217;apparecchio alle possibilit\u00e0 tecniche della tua cucina. In modalit\u00e0 di estrazione, i vapori vengono scaricati all&#8217;esterno tramite un tubo di ventilazione (da acquistare separatamente), mentre in modalit\u00e0 di assorbimento vengono filtrati e reimmessi nella stanza dopo essere stati puliti da filtri al carbone (non inclusi). Questa soluzione \u00e8 ideale per le cucine dei condomini o per i luoghi senza accesso alla ventilazione.<\/p>\n<\/div><\/div><\/div><\/div><div class=\"wpb_column vc_column_container\"><div class=\"vc_column-inner\"><div class=\"w-image has_ratio align_none\"><div class=\"w-image-h\"><div style=\"padding-bottom:75%\"><\/div><img decoding=\"async\" width=\"1024\" height=\"683\" src=\"https:\/\/solgaz.eu\/wp-content\/uploads\/2025\/05\/nowy_okap_wizualizacja_dlugi_wyspa_h2h-1-1024x683.png\" class=\"attachment-large size-large\" alt=\"\" loading=\"lazy\"><\/div><\/div><\/div><\/div><\/div><\/div><\/section><section class=\"l-section wpb_row height_auto\"><div class=\"l-section-h i-cf\"><div class=\"g-cols vc_row via_grid cols_2 laptops-cols_inherit tablets-cols_inherit mobiles-cols_1 valign_middle type_default stacking_default\" style=\"--columns-gap:0rem;\"><div class=\"wpb_column vc_column_container\"><div class=\"vc_column-inner\"><div class=\"w-image has_ratio align_none\"><div class=\"w-image-h\"><div style=\"padding-bottom:75%\"><\/div><img decoding=\"async\" width=\"819\" height=\"1024\" src=\"https:\/\/solgaz.eu\/wp-content\/uploads\/2025\/05\/Render3_3_shadows-1-819x1024.png\" class=\"attachment-large size-large\" alt=\"\" loading=\"lazy\"><\/div><\/div><\/div><\/div><div class=\"wpb_column vc_column_container us_custom_ff837323\"><div class=\"vc_column-overlay\" style=\"background:var(--color-content-bg-alt)\"><\/div><div class=\"vc_column-inner\"><div class=\"wpb_text_column\"><div class=\"wpb_wrapper\"><h3>Design minimalista del tubo<\/h3>\n<p>La cappa colpisce per la sua forma semplice e cilindrica, che si adatta perfettamente ad ambienti di cucina moderni e minimalisti. L&#8217;assenza di dettagli superflui e la finitura nera opaca rendono questo modello estremamente elegante e discreto allo stesso tempo. <\/p>\n<p>La cappa a camino OK BLACK HTH combina un design minimalista con la pi\u00f9 moderna tecnologia Hob to Hood, che regola automaticamente il suo funzionamento in base alla tua cucina. Grazie alla possibilit\u00e0 di funzionare come cappa aspirante o aspirante e all&#8217;illuminazione a LED regolabile, offre praticit\u00e0 e adattabilit\u00e0 a qualsiasi cucina. \u00c8 una cappa elegante, funzionale e silenziosa, creata pensando agli utenti pi\u00f9 esigenti.<\/p>\n<\/div><\/div><\/div><\/div><\/div><\/div><\/section>\n","protected":false},"excerpt":{"rendered":"<p>Cappa a isola &#8211; con controllo touch, con tecnologia HTH (Hob to HOOD).<\/p>\n<p>Caratteristiche: pannello di controllo touch, funzionamento silenzioso, alta efficienza, illuminazione a led.<\/p>\n","protected":false},"featured_media":47726,"comment_status":"open","ping_status":"closed","template":"","meta":{"_acf_changed":false},"product_cat":[725],"product_tag":[726],"class_list":{"0":"post-47712","1":"product","2":"type-product","3":"status-publish","4":"has-post-thumbnail","6":"product_cat-cappe","7":"product_tag-hob-to-hood-comunicazione-tra-piano-cottura-e-cappa","9":"first","10":"instock","11":"sale","12":"shipping-taxable","13":"purchasable","14":"product-type-simple"},"supplier_id":null,"supplier_sku":"","barcode":null,"atum_controlled":true,"out_stock_date":null,"out_stock_threshold":null,"inheritable":false,"inbound_stock":null,"stock_on_hold":2,"sold_today":0,"sales_last_days":0,"reserved_stock":null,"customer_returns":null,"warehouse_damage":null,"lost_in_post":null,"other_logs":null,"out_stock_days":0,"lost_sales":0,"has_location":false,"update_date":"2026-04-09T00:01:30","atum_locations":[],"atum_stock_status":"instock","restock_status":false,"low_stock_amount":"","sales_update_date":"2026-04-09T00:01:30","calc_backorders":null,"acf":[],"_links":{"self":[{"href":"https:\/\/solgaz.eu\/it\/wp-json\/wp\/v2\/product\/47712","targetHints":{"allow":["GET"]}}],"collection":[{"href":"https:\/\/solgaz.eu\/it\/wp-json\/wp\/v2\/product"}],"about":[{"href":"https:\/\/solgaz.eu\/it\/wp-json\/wp\/v2\/types\/product"}],"replies":[{"embeddable":true,"href":"https:\/\/solgaz.eu\/it\/wp-json\/wp\/v2\/comments?post=47712"}],"wp:featuredmedia":[{"embeddable":true,"href":"https:\/\/solgaz.eu\/it\/wp-json\/wp\/v2\/media\/47726"}],"wp:attachment":[{"href":"https:\/\/solgaz.eu\/it\/wp-json\/wp\/v2\/media?parent=47712"}],"wp:term":[{"taxonomy":"product_cat","embeddable":true,"href":"https:\/\/solgaz.eu\/it\/wp-json\/wp\/v2\/product_cat?post=47712"},{"taxonomy":"product_tag","embeddable":true,"href":"https:\/\/solgaz.eu\/it\/wp-json\/wp\/v2\/product_tag?post=47712"}],"curies":[{"name":"wp","href":"https:\/\/api.w.org\/{rel}","templated":true}]}}