{"id":51085,"date":"2026-04-03T08:43:28","date_gmt":"2026-04-03T06:43:28","guid":{"rendered":"https:\/\/solgaz.eu\/?post_type=product&#038;p=51085"},"modified":"2026-04-03T08:59:04","modified_gmt":"2026-04-03T06:59:04","slug":"eingebautes-classic-black-41-gaskochfeld-unter-glas-mit-hob-to-hood-modul-kopia","status":"publish","type":"product","link":"https:\/\/solgaz.eu\/de\/produkt\/eingebautes-classic-black-41-gaskochfeld-unter-glas-mit-hob-to-hood-modul-kopia\/","title":{"rendered":"Eingebautes Classic Black 4+1 Gaskochfeld unter Glas (mit Hob to Hood Modul) (Kopia)"},"content":{"rendered":"<section class=\"l-section wpb_row height_auto\"><div class=\"l-section-h i-cf\"><div class=\"g-cols vc_row via_grid cols_2 laptops-cols_inherit tablets-cols_inherit mobiles-cols_1 valign_middle type_default stacking_default\" style=\"--columns-gap:0rem;\"><div class=\"wpb_column vc_column_container\"><div class=\"vc_column-inner\"><div class=\"w-image has_ratio align_none\"><div class=\"w-image-h\"><div style=\"padding-bottom:75%\"><\/div><img decoding=\"async\" width=\"1024\" height=\"676\" src=\"https:\/\/solgaz.eu\/wp-content\/uploads\/2025\/08\/Solgaz-1063514-1024x676.jpg\" class=\"attachment-large size-large\" alt=\"\" loading=\"lazy\"><\/div><\/div><\/div><\/div><div class=\"wpb_column vc_column_container us_custom_ff837323\"><div class=\"vc_column-overlay\" style=\"background:var(--color-content-bg-alt)\"><\/div><div class=\"vc_column-inner\"><div class=\"wpb_text_column\"><div class=\"wpb_wrapper\"><h3>Neu! Classic Black 4+1 Einbau-Gaskochfeld unter Glas <\/h3>\n<p>Die K\u00fcche wird noch smarter &#8211; mit dem neuen Solgaz Classic Black 4+1 Kochfeld, das nicht nur durch sein minimalistisches Design besticht, sondern auch automatisch mit Solgaz-Hauben funktioniert.<\/p>\n<\/div><\/div><\/div><\/div><\/div><\/div><\/section><section class=\"l-section wpb_row height_auto\"><div class=\"l-section-h i-cf\"><div class=\"g-cols vc_row via_grid cols_2 laptops-cols_inherit tablets-cols_inherit mobiles-cols_1 valign_middle type_default stacking_default\" style=\"--columns-gap:0rem;\"><div class=\"wpb_column vc_column_container us_custom_ff837323\"><div class=\"vc_column-inner\"><div class=\"wpb_text_column\"><div class=\"wpb_wrapper\"><h3>Minimalismus mit Technik im Hintergrund<br \/>\nClassic Black 4+1 ist eine moderne Interpretation von<\/h3>\n<p>klassische L\u00f6sungen &#8211; die glatte Glasoberfl\u00e4che, das Fehlen von Kn\u00f6pfen und das klare Design passen perfekt zur \u00c4sthetik moderner Innenr\u00e4ume. Dank des eingebauten Moduls passt das Kochfeld den Betrieb der Dunstabzugshaube selbst an die Intensit\u00e4t des Kochens an und schafft so einen koh\u00e4renten, bequemen und intelligenten K\u00fcchenraum.<\/p>\n<\/div><\/div><\/div><\/div><div class=\"wpb_column vc_column_container\"><div class=\"vc_column-inner\"><div class=\"w-image has_ratio align_none\"><div class=\"w-image-h\"><div style=\"padding-bottom:75%\"><\/div><img decoding=\"async\" width=\"1024\" height=\"576\" src=\"https:\/\/solgaz.eu\/wp-content\/uploads\/2025\/08\/Clasic-Black-HTH-41-4-1024x576.jpg\" class=\"attachment-large size-large\" alt=\"\" loading=\"lazy\"><\/div><\/div><\/div><\/div><\/div><\/div><\/section><section class=\"l-section wpb_row height_auto\"><div class=\"l-section-h i-cf\"><div class=\"g-cols vc_row via_grid cols_2 laptops-cols_inherit tablets-cols_inherit mobiles-cols_1 valign_middle type_default stacking_default\" style=\"--columns-gap:0rem;\"><div class=\"wpb_column vc_column_container\"><div class=\"vc_column-inner\"><div class=\"w-image has_ratio align_none\"><div class=\"w-image-h\"><div style=\"padding-bottom:75%\"><\/div><img decoding=\"async\" width=\"1024\" height=\"683\" src=\"https:\/\/solgaz.eu\/wp-content\/uploads\/2025\/08\/Solgaz-1063508-1024x683.jpg\" class=\"attachment-large size-large\" alt=\"\" loading=\"lazy\"><\/div><\/div><\/div><\/div><div class=\"wpb_column vc_column_container us_custom_ff837323\"><div class=\"vc_column-overlay\" style=\"background:var(--color-content-bg-alt)\"><\/div><div class=\"vc_column-inner\"><div class=\"wpb_text_column\"><div class=\"wpb_wrapper\"><h3>Intelligenz und Minimalismus in Ihrer K\u00fcche<\/h3>\n<p>Das <strong>Solgaz Classic Black 4+1<\/strong> kombiniert bew\u00e4hrte Gas-unter-Glas-Technologie mit modernen intelligenten L\u00f6sungen. Das Kochfeld ist mit einem intelligenten Modul ausgestattet, das seinen Betrieb automatisch mit Solgaz-Hauben synchronisiert &#8211; ohne Ihr Zutun. Ein Komfort, den Sie schon beim ersten Kochen sp\u00fcren k\u00f6nnen.<\/p>\n<\/div><\/div><\/div><\/div><\/div><\/div><\/section><section class=\"l-section wpb_row height_auto\"><div class=\"l-section-h i-cf\"><div class=\"g-cols vc_row via_grid cols_2 laptops-cols_inherit tablets-cols_inherit mobiles-cols_1 valign_middle type_default stacking_default\" style=\"--columns-gap:0rem;\"><div class=\"wpb_column vc_column_container us_custom_ff837323\"><div class=\"vc_column-inner\"><div class=\"wpb_text_column\"><div class=\"wpb_wrapper\"><h3>Einfache Wartung und Bedienung<\/h3>\n<p>Die glatte Keramikoberfl\u00e4che ohne Roste, Brenner und Kn\u00f6pfe sieht nicht nur modern aus, sondern erleichtert auch die Reinigung erheblich. Ohne Ecken und Kanten, in denen sich Schmutz ansammeln kann, bleibt die K\u00fcche \u00e4sthetisch ansprechend und t\u00e4glich hygienisch. <\/p>\n<p>Mit der intuitiven Touch-Bedienung und den 9 Leistungsstufen k\u00f6nnen Sie die Heizintensit\u00e4t an jedes Gericht anpassen &#8211; vom sanften Schmoren bis zum intensiven Braten.<\/p>\n<\/div><\/div><\/div><\/div><div class=\"wpb_column vc_column_container\"><div class=\"vc_column-inner\"><div class=\"w-image has_ratio align_none\"><div class=\"w-image-h\"><div style=\"padding-bottom:75%\"><\/div><img decoding=\"async\" width=\"683\" height=\"1024\" src=\"https:\/\/solgaz.eu\/wp-content\/uploads\/2025\/08\/Solgaz-1063502-683x1024.jpg\" class=\"attachment-large size-large\" alt=\"\" loading=\"lazy\"><\/div><\/div><\/div><\/div><\/div><\/div><\/section><section class=\"l-section wpb_row height_auto\"><div class=\"l-section-h i-cf\"><div class=\"g-cols vc_row via_grid cols_2 laptops-cols_inherit tablets-cols_inherit mobiles-cols_1 valign_middle type_default stacking_default\" style=\"--columns-gap:0rem;\"><div class=\"wpb_column vc_column_container\"><div class=\"vc_column-inner\"><div class=\"w-image has_ratio align_none\"><div class=\"w-image-h\"><div style=\"padding-bottom:75%\"><\/div><img decoding=\"async\" width=\"1024\" height=\"576\" src=\"https:\/\/solgaz.eu\/wp-content\/uploads\/2025\/08\/Clasic-Black-HTH-41-3-1024x576.jpg\" class=\"attachment-large size-large\" alt=\"\" loading=\"lazy\"><\/div><\/div><\/div><\/div><div class=\"wpb_column vc_column_container us_custom_ff837323\"><div class=\"vc_column-overlay\" style=\"background:var(--color-content-bg-alt)\"><\/div><div class=\"vc_column-inner\"><div class=\"wpb_text_column\"><div class=\"wpb_wrapper\"><h3>Mit Gas kochen, ohne Kompromisse<\/h3>\n<p>Die Solgaz Classic Black 4+1-Kochfelder verf\u00fcgen \u00fcber eine flammenlose Technologie &#8211; die patentierten Brenner, die unter der Keramikplatte verborgen sind, verbrennen das Gas katalytisch bei einer Temperatur von ca. 800\u00b0C. So erhalten Sie saubere Luft in der K\u00fcche, ohne fettige R\u00fcckst\u00e4nde auf M\u00f6beln oder Fliesen. <\/p>\n<p>Au\u00dferdem k\u00f6nnen Sie alle T\u00f6pfe verwenden, die Sie m\u00f6chten &#8211; Sie m\u00fcssen nicht wie bei Induktionskochfeldern Ihr vorhandenes Kochgeschirr ersetzen.<\/p>\n<\/div><\/div><\/div><\/div><\/div><\/div><\/section><section class=\"l-section wpb_row height_auto\"><div class=\"l-section-h i-cf\"><div class=\"g-cols vc_row via_grid cols_2 laptops-cols_inherit tablets-cols_inherit mobiles-cols_1 valign_middle type_default stacking_default\" style=\"--columns-gap:0rem;\"><div class=\"wpb_column vc_column_container us_custom_ff837323\"><div class=\"vc_column-inner\"><div class=\"wpb_text_column\"><div class=\"wpb_wrapper\"><h3>Einsparungen von bis zu 50%<\/h3>\n<p>Innovative zyklische Verbrennungstechnologie und ein spezieller &#8222;Freifeld&#8220;-Raum &#8211; Raum, der durch die Energie der Rauchgase beheizt wird &#8211; spart bis zur H\u00e4lfte des Gasverbrauchs. Ideal f\u00fcr die Aufrechterhaltung der Temperatur von zubereiteten Speisen ohne zus\u00e4tzlichen Gasverbrauch.<\/p>\n<\/div><\/div><\/div><\/div><div class=\"wpb_column vc_column_container\"><div class=\"vc_column-inner\"><div class=\"w-image has_ratio align_none\"><div class=\"w-image-h\"><div style=\"padding-bottom:75%\"><\/div><img decoding=\"async\" width=\"1024\" height=\"819\" src=\"https:\/\/solgaz.eu\/wp-content\/uploads\/2025\/08\/Solgaz-1063491-2-1024x819.jpg\" class=\"attachment-large size-large\" alt=\"\" loading=\"lazy\"><\/div><\/div><\/div><\/div><\/div><\/div><\/section><section class=\"l-section wpb_row height_auto\"><div class=\"l-section-h i-cf\"><div class=\"g-cols vc_row via_grid cols_2 laptops-cols_inherit tablets-cols_inherit mobiles-cols_1 valign_middle type_default stacking_default\" style=\"--columns-gap:0rem;\"><div class=\"wpb_column vc_column_container\"><div class=\"vc_column-inner\"><div class=\"w-image us_custom_6a4d3d6c align_none\"><div class=\"w-image-h\"><img decoding=\"async\" width=\"1024\" height=\"681\" src=\"https:\/\/solgaz.eu\/wp-content\/uploads\/2025\/08\/classicblack-1024x681.png\" class=\"attachment-large size-large\" alt=\"\" loading=\"lazy\" srcset=\"https:\/\/solgaz.eu\/wp-content\/uploads\/2025\/08\/classicblack-1024x681.png 1024w, https:\/\/solgaz.eu\/wp-content\/uploads\/2025\/08\/classicblack-300x199.png 300w, https:\/\/solgaz.eu\/wp-content\/uploads\/2025\/08\/classicblack-842x560.png 842w, https:\/\/solgaz.eu\/wp-content\/uploads\/2025\/08\/classicblack.png 1166w\" sizes=\"auto, (max-width: 1024px) 100vw, 1024px\"><\/div><\/div><\/div><\/div><div class=\"wpb_column vc_column_container us_custom_ff837323\"><div class=\"vc_column-overlay\" style=\"background:var(--color-content-bg-alt)\"><\/div><div class=\"vc_column-inner\"><div class=\"wpb_text_column\"><div class=\"wpb_wrapper\"><h3>Hob-to-Hood (HTH) Unterst\u00fctzung<\/h3>\n<p>Die <strong>Hob-to-Hood-Funktion<\/strong> ist ein intelligentes System der drahtlosen Kommunikation zwischen dem Gaskochfeld und der Dunstabzugshaube. Wenn sie aktiviert ist, passt die Dunstabzugshaube ihre Leistung automatisch an die aktuellen Einstellungen des Kochfelds an und sorgt so f\u00fcr eine optimale Dampf- und Geruchsabsaugung &#8211; ohne dass eine manuelle Einstellung erforderlich ist. <\/p>\n<p>Dank dieser Eigenschaft schaffen die Ger\u00e4te der Serie <strong>Solgaz Smart<\/strong> einen koh\u00e4renten und harmonischen K\u00fcchenraum, der von sich aus auf Ihre Kochbed\u00fcrfnisse eingeht.<\/p>\n<\/div><\/div><\/div><\/div><\/div><\/div><\/section>\n","protected":false},"excerpt":{"rendered":"<p>Flammenloses Gas-Kochfeld 60 cm breit <\/p>\n<p>HTH &#8211; drahtlose Kommunikation zwischen Kochfeld und Dunstabzugshaube, zus\u00e4tzliches Freifeld, bis zu 50% geringerer Gasverbrauch, doppelte Sicherheitssysteme.<\/p>\n<p>Funktionen: Kochfeld zu Dunstabzugshaube (Kommunikation zwischen Kochfeld und Solgaz-Haube), Timer, Kindersicherung, Touch-Bedienfeld, Restw\u00e4rmeanzeige.<\/p>\n","protected":false},"featured_media":45278,"comment_status":"open","ping_status":"closed","template":"","meta":{"_acf_changed":false},"product_cat":[484,968],"product_tag":[538],"class_list":{"0":"post-51085","1":"product","2":"type-product","3":"status-publish","4":"has-post-thumbnail","6":"product_cat-gaskochfelder-ohne-offene-flamme","7":"product_cat-smart-de","8":"product_tag-hob-to-hood-kommunikation-zwischen-kochfeld-und-dunstabzugshaube","10":"first","11":"instock","12":"sale","13":"shipping-taxable","14":"purchasable","15":"product-type-variable"},"supplier_id":null,"supplier_sku":"","barcode":null,"atum_controlled":true,"out_stock_date":null,"out_stock_threshold":null,"inheritable":true,"inbound_stock":null,"stock_on_hold":null,"sold_today":null,"sales_last_days":null,"reserved_stock":null,"customer_returns":null,"warehouse_damage":null,"lost_in_post":null,"other_logs":null,"out_stock_days":null,"lost_sales":null,"has_location":false,"update_date":"2026-04-03T08:30:23","atum_locations":[],"atum_stock_status":"instock","restock_status":false,"low_stock_amount":"","sales_update_date":"2026-04-02T22:25:51","calc_backorders":null,"acf":[],"_links":{"self":[{"href":"https:\/\/solgaz.eu\/de\/wp-json\/wp\/v2\/product\/51085","targetHints":{"allow":["GET"]}}],"collection":[{"href":"https:\/\/solgaz.eu\/de\/wp-json\/wp\/v2\/product"}],"about":[{"href":"https:\/\/solgaz.eu\/de\/wp-json\/wp\/v2\/types\/product"}],"replies":[{"embeddable":true,"href":"https:\/\/solgaz.eu\/de\/wp-json\/wp\/v2\/comments?post=51085"}],"wp:featuredmedia":[{"embeddable":true,"href":"https:\/\/solgaz.eu\/de\/wp-json\/wp\/v2\/media\/45278"}],"wp:attachment":[{"href":"https:\/\/solgaz.eu\/de\/wp-json\/wp\/v2\/media?parent=51085"}],"wp:term":[{"taxonomy":"product_cat","embeddable":true,"href":"https:\/\/solgaz.eu\/de\/wp-json\/wp\/v2\/product_cat?post=51085"},{"taxonomy":"product_tag","embeddable":true,"href":"https:\/\/solgaz.eu\/de\/wp-json\/wp\/v2\/product_tag?post=51085"}],"curies":[{"name":"wp","href":"https:\/\/api.w.org\/{rel}","templated":true}]}}