{"id":50072,"date":"2025-11-18T18:39:48","date_gmt":"2025-11-18T17:39:48","guid":{"rendered":"https:\/\/solgaz.eu\/produkt\/eingebautes-futura-pro-slim-mat-41-gas-kochfeld-unter-glas\/"},"modified":"2025-12-19T11:29:41","modified_gmt":"2025-12-19T10:29:41","slug":"eingebautes-futura-pro-slim-mat-41-gas-kochfeld-unter-glas","status":"publish","type":"product","link":"https:\/\/solgaz.eu\/de\/produkt\/eingebautes-futura-pro-slim-mat-41-gas-kochfeld-unter-glas\/","title":{"rendered":"Eingebautes Futura Pro SLIM MAT 4+1 Gas-Kochfeld unter Glas"},"content":{"rendered":"<section class=\"l-section wpb_row height_auto\"><div class=\"l-section-h i-cf\"><div class=\"g-cols vc_row via_grid cols_2 laptops-cols_inherit tablets-cols_inherit mobiles-cols_1 valign_middle type_default stacking_default\" style=\"--columns-gap:0rem;\"><div class=\"wpb_column vc_column_container\"><div class=\"vc_column-inner\"><div class=\"w-image has_ratio align_none\"><div class=\"w-image-h\"><div style=\"padding-bottom:75%\"><\/div><img decoding=\"async\" width=\"1024\" height=\"683\" src=\"https:\/\/solgaz.eu\/wp-content\/uploads\/2025\/11\/Solgaz-1063552-1024x683.jpg\" class=\"attachment-large size-large\" alt=\"\" loading=\"lazy\"><\/div><\/div><\/div><\/div><div class=\"wpb_column vc_column_container us_custom_ff837323\"><div class=\"vc_column-overlay\" style=\"background:var(--color-content-bg-alt)\"><\/div><div class=\"vc_column-inner\"><div class=\"wpb_text_column\"><div class=\"wpb_wrapper\"><h3>SOLGAZ FUTURA PRO &#8211; Eine Revolution in Ihrer K\u00fcche!<\/h3>\n<p><strong>Das fortschrittlichste flammenlose Gaskochfeld der Welt<\/strong> ist jetzt erh\u00e4ltlich.<\/p>\n<p>Dies ist kein gew\u00f6hnliches Gas-Kochfeld. Es ist <strong>ein technologischer Durchbruch<\/strong>, der es Ihnen erm\u00f6glicht, wie ein echter Profi zu kochen. Lernen Sie <strong>SOLGAZ FUTURA PRO 4+1<\/strong> kennen <strong>&#8211; ein &#8222;game changer&#8220;<\/strong> auf dem Markt der Haushaltsger\u00e4te.<\/p>\n<\/div><\/div><\/div><\/div><\/div><\/div><\/section><section class=\"l-section wpb_row height_auto\"><div class=\"l-section-h i-cf\"><div class=\"g-cols vc_row via_grid cols_2 laptops-cols_inherit tablets-cols_inherit mobiles-cols_1 valign_middle type_default stacking_default\" style=\"--columns-gap:0rem;\"><div class=\"wpb_column vc_column_container us_custom_ff837323\"><div class=\"vc_column-inner\"><div class=\"wpb_text_column\"><div class=\"wpb_wrapper\"><h3>Minimalismus in seiner reinsten Form &#8211; FUTURA PRO SLIM MAT<\/h3>\n<p>Das neue Kochfeld <strong>SOLGAZ FUTURA PRO<\/strong>, auch in der Version <strong>FUTURA PRO SLIM<\/strong> erh\u00e4ltlich. Es ist die Essenz des modernen Minimalismus. Bei diesem Modell haben wir auf den Vollaluminiumrahmen auf der R\u00fcckseite des Kochfeldes verzichtet und die gesamte Oberfl\u00e4che wird von hochwertigem Glaskeramikglas eingenommen, in das nur elegante L\u00f6cher pr\u00e4zise geschnitten wurden. Mehr nicht. Reine Form, klare Linien und maximale Einfachheit, die beweist, dass in diesem Fall <strong>weniger mehr ist.<\/strong><\/p>\n<\/div><\/div><\/div><\/div><div class=\"wpb_column vc_column_container\"><div class=\"vc_column-inner\"><div class=\"w-image has_ratio align_none\"><div class=\"w-image-h\"><div style=\"padding-bottom:75%\"><\/div><img decoding=\"async\" width=\"1024\" height=\"683\" src=\"https:\/\/solgaz.eu\/wp-content\/uploads\/2025\/11\/Solgaz-1063560-1024x683.jpg\" class=\"attachment-large size-large\" alt=\"\" loading=\"lazy\"><\/div><\/div><\/div><\/div><\/div><\/div><\/section><section class=\"l-section wpb_row height_auto\"><div class=\"l-section-h i-cf\"><div class=\"g-cols vc_row via_grid cols_2 laptops-cols_inherit tablets-cols_inherit mobiles-cols_1 valign_middle type_default stacking_default\" style=\"--columns-gap:0rem;\"><div class=\"wpb_column vc_column_container\"><div class=\"vc_column-inner\"><div class=\"w-image has_ratio align_none\"><div class=\"w-image-h\"><div style=\"padding-bottom:75%\"><\/div><img decoding=\"async\" width=\"683\" height=\"1024\" src=\"https:\/\/solgaz.eu\/wp-content\/uploads\/2025\/11\/Solgaz-1063547-683x1024.jpg\" class=\"attachment-large size-large\" alt=\"\" loading=\"lazy\"><\/div><\/div><\/div><\/div><div class=\"wpb_column vc_column_container us_custom_ff837323\"><div class=\"vc_column-overlay\" style=\"background:var(--color-content-bg-alt)\"><\/div><div class=\"vc_column-inner\"><div class=\"wpb_text_column\"><div class=\"wpb_wrapper\"><h3>Matte Keramik &#8211; Funktionalit\u00e4t trifft auf modernes Design<\/h3>\n<p>Die matte Oberfl\u00e4che der neuen Keramik l\u00e4sst FUTURA PRO SLIM MAT nicht nur \u00e4u\u00dferst modern aussehen, sondern ist auch <strong>\u00e4u\u00dferst praktisch.<\/strong> Sie ist frei von Fingerabdr\u00fccken, \u00e4u\u00dferst kratzfest und verleiht der K\u00fcche mit ihrer eleganten, satinierten Oberfl\u00e4che eine luxuri\u00f6se Ausstrahlung. So ein Gaskochfeld hat es noch nie gegeben &#8211; <strong>ein v\u00f6llig neuer Standard f\u00fcr \u00c4sthetik und Haltbarkeit in der Welt der K\u00fcchenger\u00e4te.<\/strong><\/p>\n<\/div><\/div><\/div><\/div><\/div><\/div><\/section><section class=\"l-section wpb_row height_auto\"><div class=\"l-section-h i-cf\"><div class=\"g-cols vc_row via_grid cols_2 laptops-cols_inherit tablets-cols_inherit mobiles-cols_1 valign_middle type_default stacking_default\" style=\"--columns-gap:0rem;\"><div class=\"wpb_column vc_column_container us_custom_ff837323\"><div class=\"vc_column-inner\"><div class=\"wpb_text_column\"><div class=\"wpb_wrapper\"><h3>Gas-unter-Glas-Technik &#8211; jetzt im neuen FUTURA PRO-Design<\/h3>\n<p>SOLGAZ, der Vorreiter und Pionier dieser Technologie, setzt seit Jahren den Trend f\u00fcr flammenlose Gaskochfelder. <strong>FUTURA PRO<\/strong> ist die neueste und fortschrittlichste Generation der &#8222;Gas-unter-Glas&#8220;-Innovation &#8211; mit verdeckten Brennern, katalytischer Verbrennung und einer eleganten Keramikplatte. <strong>Mehr Wirtschaftlichkeit, absolute Sicherheit, ru\u00dffreies und pr\u00e4zises Kochen<\/strong> &#8211; alles, was Sie von der K\u00fcche der Zukunft erwarten.<\/p>\n<\/div><\/div><\/div><\/div><div class=\"wpb_column vc_column_container\"><div class=\"vc_column-inner\"><div class=\"w-image has_ratio align_none\"><div class=\"w-image-h\"><div style=\"padding-bottom:75%\"><\/div><img decoding=\"async\" width=\"1024\" height=\"683\" src=\"https:\/\/solgaz.eu\/wp-content\/uploads\/2025\/11\/Solgaz-1063561-1024x683.jpg\" class=\"attachment-large size-large\" alt=\"\" loading=\"lazy\"><\/div><\/div><\/div><\/div><\/div><\/div><\/section><section class=\"l-section wpb_row height_auto\"><div class=\"l-section-h i-cf\"><div class=\"g-cols vc_row via_grid cols_2 laptops-cols_inherit tablets-cols_inherit mobiles-cols_1 valign_middle type_default stacking_default\" style=\"--columns-gap:0rem;\"><div class=\"wpb_column vc_column_container\"><div class=\"vc_column-inner\"><div class=\"w-image has_ratio align_none\"><div class=\"w-image-h\"><div style=\"padding-bottom:75%\"><\/div><img decoding=\"async\" width=\"1024\" height=\"682\" src=\"https:\/\/solgaz.eu\/wp-content\/uploads\/2025\/10\/futura-4-1024x682.jpg\" class=\"attachment-large size-large\" alt=\"\" loading=\"lazy\"><\/div><\/div><\/div><\/div><div class=\"wpb_column vc_column_container us_custom_ff837323\"><div class=\"vc_column-overlay\" style=\"background:var(--color-content-bg-alt)\"><\/div><div class=\"vc_column-inner\"><div class=\"wpb_text_column\"><div class=\"wpb_wrapper\"><h3>Anstelle des klassischen &#8222;Radfahrens&#8220; &#8211; stille Plasmaz\u00fcndung<\/h3>\n<p>Das SOLGAZ FUTURA PRO Kochfeld bringt mit seiner <strong>innovativen Plasmaz\u00fcndung<\/strong> eine Revolution in die K\u00fcche <strong>.<\/strong> Wo bisher das Ger\u00e4usch von Funken herrschte, ist nun absolute Stille. Das Kochen wird nicht nur komfortabler, sondern auch moderner &#8211; wie in der K\u00fcche der Zukunft. Es sind die Details, die Perfektion schaffen, und die <strong>Plasmaz\u00fcndung ist eines dieser Details, die den gro\u00dfen Unterschied ausmachen.<\/strong><\/p>\n<\/div><\/div><\/div><\/div><\/div><\/div><\/section><section class=\"l-section wpb_row height_auto\"><div class=\"l-section-h i-cf\"><div class=\"g-cols vc_row via_grid cols_2 laptops-cols_inherit tablets-cols_inherit mobiles-cols_1 valign_middle type_default stacking_default\" style=\"--columns-gap:0rem;\"><div class=\"wpb_column vc_column_container us_custom_ff837323\"><div class=\"vc_column-inner\"><div class=\"wpb_text_column\"><div class=\"wpb_wrapper\"><h3>Statt R\u00e4tselraten &#8211; volle Kontrolle \u00fcber die Temperatur<\/h3>\n<p>Mit SOLGAZ FUTURA PRO <strong>steuern Sie die Leistung pr\u00e4zise in Grad Celsius,<\/strong> von 50 bis 250\u00b0C. Das ist ein Durchbruch bei Gaskochfeldern. Damit k\u00f6nnen Sie genau so kochen, wie es das Rezept verlangt: sanft schmelzende Schokolade, perfektes K\u00f6cheln oder schnelles Anbraten &#8211; alles unter Ihrer Kontrolle.    <strong>Sie stellen sie ein, die Tafel reagiert.<\/strong>  Pr\u00e4zision auf dem Niveau einer Profik\u00fcche bei Ihnen zu Hause.<\/p>\n<\/div><\/div><\/div><\/div><div class=\"wpb_column vc_column_container\"><div class=\"vc_column-inner\"><div class=\"w-image has_ratio align_none\"><div class=\"w-image-h\"><div style=\"padding-bottom:75%\"><\/div><img decoding=\"async\" width=\"1024\" height=\"768\" src=\"https:\/\/solgaz.eu\/wp-content\/uploads\/2025\/11\/Futura-Slim-_2close-1-1024x768.jpg\" class=\"attachment-large size-large\" alt=\"\" loading=\"lazy\"><\/div><\/div><\/div><\/div><\/div><\/div><\/section><section class=\"l-section wpb_row height_auto\"><div class=\"l-section-h i-cf\"><div class=\"g-cols vc_row via_grid cols_2 laptops-cols_inherit tablets-cols_inherit mobiles-cols_1 valign_middle type_default stacking_default\" style=\"--columns-gap:0rem;\"><div class=\"wpb_column vc_column_container\"><div class=\"vc_column-inner\"><div class=\"w-image has_ratio align_none\"><div class=\"w-image-h\"><div style=\"padding-bottom:75%\"><\/div><img decoding=\"async\" width=\"682\" height=\"1024\" src=\"https:\/\/solgaz.eu\/wp-content\/uploads\/2025\/11\/slimmatclose-682x1024.jpg\" class=\"attachment-large size-large\" alt=\"\" loading=\"lazy\"><\/div><\/div><\/div><\/div><div class=\"wpb_column vc_column_container us_custom_ff837323\"><div class=\"vc_column-overlay\" style=\"background:var(--color-content-bg-alt)\"><\/div><div class=\"vc_column-inner\"><div class=\"wpb_text_column\"><div class=\"wpb_wrapper\"><h3>FUTURA PRO ist eine sichere L\u00f6sung f\u00fcr Ihr Zuhause<\/h3>\n<p>Die in das Kochfeld eingebauten doppelten Sicherheitssysteme geben ein maximales Sicherheitsgef\u00fchl. Die katalytischen Brenner, die das Gas verbrennen, wandeln die aufgenommene W\u00e4rme in Infrarotstrahlung um. Jeder Brenner ist mit einem individuellen Gasverbrennungssystem ausgestattet, das eine <strong>10-fache Reduzierung der CO-Emissionen<\/strong> im Vergleich zu den geltenden Normen garantiert. Au\u00dferdem schaltet sich das Ger\u00e4t automatisch ab, wenn etwas auf dem Kochfeld auftaucht, und gibt ein akustisches Signal.   <\/p>\n<p>Spezielle Sonden \u00fcberwachen st\u00e4ndig den Verbrennungsprozess des Gases und sorgen so f\u00fcr ein Gef\u00fchl von Komfort und Sicherheit.<\/p>\n<\/div><\/div><\/div><\/div><\/div><\/div><\/section><section class=\"l-section wpb_row height_auto\"><div class=\"l-section-h i-cf\"><div class=\"g-cols vc_row via_grid cols_2 laptops-cols_inherit tablets-cols_inherit mobiles-cols_1 valign_middle type_default stacking_default\" style=\"--columns-gap:0rem;\"><div class=\"wpb_column vc_column_container us_custom_ff837323\"><div class=\"vc_column-inner\"><div class=\"wpb_text_column\"><div class=\"wpb_wrapper\"><h3>Sichere und freundliche K\u00fcche f\u00fcr Senioren<\/h3>\n<p>Unsere Gaskochfelder gew\u00e4hrleisten absolute Sicherheit beim Kochen und sind auch f\u00fcr Senioren eine gute Alternative. Wenn das Ger\u00e4t Anomalien feststellt, ert\u00f6nt sofort ein Signalton und es erscheint eine Meldung auf dem Display. Und sollten Sie einmal vergessen haben, das Kochfeld auszuschalten, \u00fcbernimmt das Ger\u00e4t diese Aufgabe f\u00fcr Sie. Das einfache und \u00fcbersichtliche Bedienfeld macht die Bedienung des Ger\u00e4ts extrem einfach und intuitiv &#8211; ohne unn\u00f6tige Komplikationen. SOLGAZ ist eine Technologie, die sich um Sie und Ihre K\u00fcche k\u00fcmmert &#8211; bei jedem Schritt.<\/p>\n<\/div><\/div><\/div><\/div><div class=\"wpb_column vc_column_container\"><div class=\"vc_column-inner\"><div class=\"w-image has_ratio align_none\"><div class=\"w-image-h\"><div style=\"padding-bottom:75%\"><\/div><img decoding=\"async\" width=\"1024\" height=\"682\" src=\"https:\/\/solgaz.eu\/wp-content\/uploads\/2025\/10\/futura-9-1024x682.jpg\" class=\"attachment-large size-large\" alt=\"\" loading=\"lazy\"><\/div><\/div><\/div><\/div><\/div><\/div><\/section><section class=\"l-section wpb_row height_auto\"><div class=\"l-section-h i-cf\"><div class=\"g-cols vc_row via_grid cols_2 laptops-cols_inherit tablets-cols_inherit mobiles-cols_1 valign_middle type_default stacking_default\" style=\"--columns-gap:0rem;\"><div class=\"wpb_column vc_column_container\"><div class=\"vc_column-inner\"><div class=\"w-image has_ratio align_none\"><div class=\"w-image-h\"><div style=\"padding-bottom:75%\"><\/div><img decoding=\"async\" width=\"1024\" height=\"833\" src=\"https:\/\/solgaz.eu\/wp-content\/uploads\/2025\/11\/Solgaz-1063554-1024x833.jpg\" class=\"attachment-large size-large\" alt=\"\" loading=\"lazy\"><\/div><\/div><\/div><\/div><div class=\"wpb_column vc_column_container us_custom_ff837323\"><div class=\"vc_column-overlay\" style=\"background:var(--color-content-bg-alt)\"><\/div><div class=\"vc_column-inner\"><div class=\"wpb_text_column\"><div class=\"wpb_wrapper\"><h3>Bis zu 50% Ersparnis<\/h3>\n<p>Die Gas-unter-Glas-Technologie ist eine sehr kosteng\u00fcnstige L\u00f6sung.  <strong>Er verbraucht bis zu 50 % weniger Gas als ein herk\u00f6mmlicher Herd.<\/strong>  Das Gas wird bei 800 Grad katalytisch verbrannt. Die Brenner arbeiten zyklisch &#8211; sie schalten die Gaszufuhr ab, wenn die Oberfl\u00e4che ausreichend erhitzt ist, und schalten sich ein, wenn sie ben\u00f6tigt wird. <\/p>\n<p><strong>SOLGAZ FUTURA PRO<\/strong> ist eine Kombination aus modernem Design, innovativer Technologie und maximaler Sicherheit, die den Standard des Kochens zu Hause v\u00f6llig ver\u00e4ndert. Sie ist nicht nur wirtschaftlich und bequem, sondern vor allem die Zukunft der K\u00fcche von heute.<\/p>\n<\/div><\/div><\/div><\/div><\/div><\/div><\/section>\n","protected":false},"excerpt":{"rendered":"<p><strong>NEU!<\/strong>  FUTURA PRO 4+1 Gas-Einbaukochfeld unter Glas mit ger\u00e4uschloser Plasmaz\u00fcndung und pr\u00e4ziser Temperaturregelung jetzt in der Version SLIM MAT<\/p>\n<p>Flammenloses Gas-Kochfeld W. 60 cm<\/p>\n<p>Ger\u00e4uschlose Plasmaz\u00fcndung, pr\u00e4zise Temperaturregelung von 50-250 \u00b0C, bis zu 50% geringerer Gasverbrauch, doppelte Sicherheitssysteme, zus\u00e4tzliches Freifeld<\/p>\n<p>Funktionen: Booster, Stop&amp;Go, Leistungsregelung in \u00b0C, Timer, Kindersicherung, Touch-Bedienfeld, Restw\u00e4rmeanzeige.<\/p>\n","protected":false},"featured_media":49658,"comment_status":"open","ping_status":"closed","template":"","meta":{"_acf_changed":false},"product_cat":[1047,484],"product_tag":[],"class_list":{"0":"post-50072","1":"product","2":"type-product","3":"status-publish","4":"has-post-thumbnail","6":"product_cat-futura","7":"product_cat-gaskochfelder-ohne-offene-flamme","9":"first","10":"instock","11":"shipping-taxable","12":"purchasable","13":"product-type-variable"},"supplier_id":null,"supplier_sku":"","barcode":null,"atum_controlled":true,"out_stock_date":null,"out_stock_threshold":null,"inheritable":true,"inbound_stock":null,"stock_on_hold":18,"sold_today":0,"sales_last_days":3,"reserved_stock":null,"customer_returns":null,"warehouse_damage":null,"lost_in_post":null,"other_logs":null,"out_stock_days":0,"lost_sales":0,"has_location":false,"update_date":"2026-04-07T00:28:12","atum_locations":[],"atum_stock_status":"instock","restock_status":false,"low_stock_amount":"","sales_update_date":"2026-04-07T00:28:12","calc_backorders":null,"acf":[],"_links":{"self":[{"href":"https:\/\/solgaz.eu\/de\/wp-json\/wp\/v2\/product\/50072","targetHints":{"allow":["GET"]}}],"collection":[{"href":"https:\/\/solgaz.eu\/de\/wp-json\/wp\/v2\/product"}],"about":[{"href":"https:\/\/solgaz.eu\/de\/wp-json\/wp\/v2\/types\/product"}],"replies":[{"embeddable":true,"href":"https:\/\/solgaz.eu\/de\/wp-json\/wp\/v2\/comments?post=50072"}],"wp:featuredmedia":[{"embeddable":true,"href":"https:\/\/solgaz.eu\/de\/wp-json\/wp\/v2\/media\/49658"}],"wp:attachment":[{"href":"https:\/\/solgaz.eu\/de\/wp-json\/wp\/v2\/media?parent=50072"}],"wp:term":[{"taxonomy":"product_cat","embeddable":true,"href":"https:\/\/solgaz.eu\/de\/wp-json\/wp\/v2\/product_cat?post=50072"},{"taxonomy":"product_tag","embeddable":true,"href":"https:\/\/solgaz.eu\/de\/wp-json\/wp\/v2\/product_tag?post=50072"}],"curies":[{"name":"wp","href":"https:\/\/api.w.org\/{rel}","templated":true}]}}