{"id":48340,"date":"2025-04-21T14:51:38","date_gmt":"2025-04-21T14:51:38","guid":{"rendered":"https:\/\/solgaz.eu\/produkt\/gas-kochfeld-auf-glas-solgaz-gnc-4-auto\/"},"modified":"2025-11-30T23:09:34","modified_gmt":"2025-11-30T22:09:34","slug":"gas-kochfeld-auf-glas-solgaz-gnc-4-auto","status":"publish","type":"product","link":"https:\/\/solgaz.eu\/de\/produkt\/gas-kochfeld-auf-glas-solgaz-gnc-4-auto\/","title":{"rendered":"Gas-Kochfeld auf Glas Solgaz GNC 4 Auto"},"content":{"rendered":"<section class=\"l-section wpb_row height_auto\"><div class=\"l-section-h i-cf\"><div class=\"g-cols vc_row via_grid cols_2 laptops-cols_inherit tablets-cols_inherit mobiles-cols_1 valign_middle type_default stacking_default\" style=\"--columns-gap:0rem;\"><div class=\"wpb_column vc_column_container\"><div class=\"vc_column-inner\"><div class=\"w-image has_ratio align_none\"><div class=\"w-image-h\"><div style=\"padding-bottom:75%\"><\/div><img decoding=\"async\" width=\"1024\" height=\"542\" src=\"https:\/\/solgaz.eu\/wp-content\/uploads\/2025\/04\/2022_04_01_solgaz_images_1700x900_sk_v07-1024x542.webp\" class=\"attachment-large size-large\" alt=\"\" loading=\"lazy\"><\/div><\/div><\/div><\/div><div class=\"wpb_column vc_column_container us_custom_ff837323\"><div class=\"vc_column-overlay\" style=\"background:var(--color-content-bg-alt)\"><\/div><div class=\"vc_column-inner\"><div class=\"wpb_text_column\"><div class=\"wpb_wrapper\"><h3>Solgaz GNC 4 Auto-Gaskochfeld<\/h3>\n<p>Das Solgaz GNC 4 Auto-Gas-Kochfeld mit Glasplatte ist mit den neuesten Funktionen ausgestattet, die das Kochen einfacher denn je machen. Unser Gaskochfeld macht es Ihnen leicht, pr\u00e4zise, schnell und effizient zu kochen und dabei den besten Geschmack Ihrer Speisen zu erhalten. Dank der eingebauten Sensoren und der fortschrittlichen Elektronik \u00fcberwacht das Ger\u00e4t die Temperatur des Topfes oder des Wasserkochers und schaltet sich im richtigen Moment ab.  <\/p>\n<p>Solgaz GNC 4-AUTO wird sich bei den Liebhabern der traditionellen K\u00fcche bew\u00e4hren. Das Ger\u00e4t besticht durch sein minimalistisches, schlichtes Design, das sowohl klassische als auch moderne K\u00fcchen versch\u00f6nert.<\/p>\n<\/div><\/div><\/div><\/div><\/div><\/div><\/section><section class=\"l-section wpb_row height_auto\"><div class=\"l-section-h i-cf\"><div class=\"g-cols vc_row via_grid cols_3 laptops-cols_inherit tablets-cols_inherit mobiles-cols_1 valign_top type_boxes stacking_default\" style=\"--columns-gap:0rem;\"><div class=\"wpb_column vc_column_container\"><div class=\"vc_column-inner\"><div class=\"w-image us_custom_c0223bf0 align_none\"><div class=\"w-image-h\"><img decoding=\"async\" width=\"1024\" height=\"1024\" src=\"https:\/\/solgaz.eu\/wp-content\/uploads\/2025\/04\/ikony__7.svg\" class=\"attachment-large size-large\" alt=\"\" loading=\"lazy\"><\/div><\/div><div class=\"wpb_text_column\"><div class=\"wpb_wrapper\"><p><strong>Pr\u00e4zision beim Kochen<\/strong><\/p>\n<p>Der GNC 4 Auto zeichnet sich durch seine 25 Leistungsstufen aus. Die stufenweise Flammensteuerung erm\u00f6glicht eine pr\u00e4zise Kontrolle der Situation &#8211; sie l\u00e4sst die Temperatur um ein Grad steigen oder fallen.<\/p>\n<\/div><\/div><\/div><\/div><div class=\"wpb_column vc_column_container\"><div class=\"vc_column-inner\"><div class=\"w-image us_custom_c0223bf0 align_none\"><div class=\"w-image-h\"><img decoding=\"async\" width=\"1024\" height=\"1024\" src=\"https:\/\/solgaz.eu\/wp-content\/uploads\/2025\/04\/ikony__2.svg\" class=\"attachment-large size-large\" alt=\"\" loading=\"lazy\"><\/div><\/div><div class=\"wpb_text_column\"><div class=\"wpb_wrapper\"><p><strong>Funktion des Wasserkochers<\/strong><\/p>\n<p>Der GNC 4-AUTO Gaskocher kocht das Wasser selbst\u00e4ndig und schaltet den Brenner ab. Er funktioniert also \u00e4hnlich wie ein elektrischer Wasserkocher.<\/p>\n<\/div><\/div><\/div><\/div><div class=\"wpb_column vc_column_container\"><div class=\"vc_column-inner\"><div class=\"w-image us_custom_c0223bf0 align_none\"><div class=\"w-image-h\"><img decoding=\"async\" width=\"1024\" height=\"1024\" src=\"https:\/\/solgaz.eu\/wp-content\/uploads\/2025\/04\/ikony__6.svg\" class=\"attachment-large size-large\" alt=\"\" loading=\"lazy\"><\/div><\/div><div class=\"wpb_text_column\"><div class=\"wpb_wrapper\"><p><strong>Booster<\/strong><\/p>\n<p>Schnelleres Kochen dank erh\u00f6hter Brennerleistung bei GNC 4 AUTO Gaskochfeldern<\/p>\n<\/div><\/div><\/div><\/div><\/div><\/div><\/section><section class=\"l-section wpb_row height_auto\"><div class=\"l-section-h i-cf\"><div class=\"g-cols vc_row via_grid cols_2 laptops-cols_inherit tablets-cols_inherit mobiles-cols_1 valign_middle type_default stacking_default\" style=\"--columns-gap:0rem;\"><div class=\"wpb_column vc_column_container us_custom_ff837323\"><div class=\"vc_column-inner\"><div class=\"wpb_text_column\"><div class=\"wpb_wrapper\"><h3>Gas-Kochfeld auf Glas Solgaz GNC 4-AUTO<\/h3>\n<p>ist das beste Gas-Kochfeld mit Brennern auf Keramik. Es ist mit einem Sensor ausgestattet, der sich in der Teleskopkonstruktion befindet, die eine gute Haftung am Topfboden gew\u00e4hrleistet. Der Sensor \u00fcberwacht die Temperatur und informiert Sie \u00fcber die Situation an einem bestimmten Brenner. Dank dieser Funktion wissen Sie, ob eine bestimmte Temperatur im Inneren des Topfes erreicht worden ist. Sie k\u00f6nnen schnell \u00fcberpr\u00fcfen, ob das Wasser im Kessel bereits kocht und ob das \u00d6l zu brennen droht. Der intelligente Sensor reagiert sofort, so dass Sie genau wissen, in welchem Stadium des Kochens sich das Essen befindet.<\/p>\n<\/div><\/div><\/div><\/div><div class=\"wpb_column vc_column_container\"><div class=\"vc_column-inner\"><div class=\"w-image has_ratio align_none\"><div class=\"w-image-h\"><div style=\"padding-bottom:75%\"><\/div><img decoding=\"async\" width=\"1024\" height=\"640\" src=\"https:\/\/solgaz.eu\/wp-content\/uploads\/2025\/04\/marmur1-scaled-1-1024x640.jpg\" class=\"attachment-large size-large\" alt=\"\" loading=\"lazy\"><\/div><\/div><\/div><\/div><\/div><\/div><\/section><section class=\"l-section wpb_row height_auto\"><div class=\"l-section-h i-cf\"><div class=\"g-cols vc_row via_grid cols_3 laptops-cols_inherit tablets-cols_inherit mobiles-cols_1 valign_top type_boxes stacking_default\" style=\"--columns-gap:0rem;\"><div class=\"wpb_column vc_column_container\"><div class=\"vc_column-inner\"><div class=\"w-image us_custom_c0223bf0 align_none\"><div class=\"w-image-h\"><img decoding=\"async\" width=\"1024\" height=\"1024\" src=\"https:\/\/solgaz.eu\/wp-content\/uploads\/2025\/04\/ikony__10.svg\" class=\"attachment-large size-large\" alt=\"\" loading=\"lazy\"><\/div><\/div><div class=\"wpb_text_column\"><div class=\"wpb_wrapper\"><p><strong>Timer\/Minuter<br \/>\n<\/strong><\/p>\n<p> Nach Ablauf der eingestellten Zeit schaltet sich das Kochfeld aus \/ gibt ein akustisches Signal.<\/p>\n<\/div><\/div><\/div><\/div><div class=\"wpb_column vc_column_container\"><div class=\"vc_column-inner\"><div class=\"w-image us_custom_c0223bf0 align_none\"><div class=\"w-image-h\"><img decoding=\"async\" width=\"1024\" height=\"1024\" src=\"https:\/\/solgaz.eu\/wp-content\/uploads\/2025\/04\/ikony__8.svg\" class=\"attachment-large size-large\" alt=\"\" loading=\"lazy\"><\/div><\/div><div class=\"wpb_text_column\"><div class=\"wpb_wrapper\"><p><strong>Elterliche Kontrolle<br \/>\n<\/strong><\/p>\n<p>Aus Sicherheitsgr\u00fcnden ist das Kochfeld mit einer Einschaltsperrtaste ausgestattet. Dadurch wird sichergestellt, dass das Ger\u00e4t nicht versehentlich eingeschaltet wird.<\/p>\n<\/div><\/div><\/div><\/div><div class=\"wpb_column vc_column_container\"><div class=\"vc_column-inner\"><div class=\"w-image us_custom_c0223bf0 align_none\"><div class=\"w-image-h\"><img decoding=\"async\" width=\"1024\" height=\"1024\" src=\"https:\/\/solgaz.eu\/wp-content\/uploads\/2025\/04\/ikony__4.svg\" class=\"attachment-large size-large\" alt=\"\" loading=\"lazy\"><\/div><\/div><div class=\"wpb_text_column\"><div class=\"wpb_wrapper\"><p><strong>Stop&amp;Go<br \/>\n<\/strong><\/p>\n<p>Eine Taste gen\u00fcgt, um das Kochfeld zu unterbrechen. Sie m\u00fcssen pl\u00f6tzlich eine Pause von der Zubereitung des Abendessens einlegen? Dr\u00fccken Sie die Pausentaste, und wenn Sie zur\u00fcckkommen, starten Sie das Kochfeld mit Ihren vorherigen Einstellungen. Der GNC 4 AUTO merkt sich alle Parameter.<\/p>\n<\/div><\/div><\/div><\/div><\/div><\/div><\/section><section class=\"l-section wpb_row height_auto\"><div class=\"l-section-h i-cf\"><div class=\"g-cols vc_row via_grid cols_2 laptops-cols_inherit tablets-cols_inherit mobiles-cols_1 valign_middle type_default stacking_default\" style=\"--columns-gap:0rem;\"><div class=\"wpb_column vc_column_container\"><div class=\"vc_column-inner\"><div class=\"w-image has_ratio align_none\"><div class=\"w-image-h\"><div style=\"padding-bottom:75%\"><\/div><img decoding=\"async\" width=\"1024\" height=\"640\" src=\"https:\/\/solgaz.eu\/wp-content\/uploads\/2025\/04\/GNC4-scaled-1-1024x640.jpg\" class=\"attachment-large size-large\" alt=\"\" loading=\"lazy\"><\/div><\/div><\/div><\/div><div class=\"wpb_column vc_column_container us_custom_ff837323\"><div class=\"vc_column-overlay\" style=\"background:var(--color-content-bg-alt)\"><\/div><div class=\"vc_column-inner\"><div class=\"wpb_text_column\"><div class=\"wpb_wrapper\"><h3>Solgaz GNC 4-Auto-Gaskochfeld auf Glas &#8211; viele praktische Funktionen<\/h3>\n<p>Das Solgaz-Gaskochfeld ist mit Funktionen ausgestattet, die das t\u00e4gliche Kochen erleichtern. Die Wasserkocherfunktion schaltet das Ger\u00e4t ab, wenn das Wasser kocht, die Temperatureinstellung erm\u00f6glicht pr\u00e4zises Kochen und die Pausenfunktion erlaubt es, das Ger\u00e4t zu stoppen und nach einer bestimmten Zeit mit den gleichen Einstellungen wieder fortzusetzen.<\/p>\n<\/div><\/div><\/div><\/div><\/div><\/div><\/section><section class=\"l-section wpb_row height_auto\"><div class=\"l-section-h i-cf\"><div class=\"g-cols vc_row via_grid cols_3 laptops-cols_inherit tablets-cols_inherit mobiles-cols_1 valign_top type_boxes stacking_default\" style=\"--columns-gap:0rem;\"><div class=\"wpb_column vc_column_container\"><div class=\"vc_column-inner\"><div class=\"w-image us_custom_c0223bf0 align_none\"><div class=\"w-image-h\"><img decoding=\"async\" width=\"1024\" height=\"1024\" src=\"https:\/\/solgaz.eu\/wp-content\/uploads\/2025\/04\/ikony__11.svg\" class=\"attachment-large size-large\" alt=\"\" loading=\"lazy\"><\/div><\/div><div class=\"wpb_text_column\"><div class=\"wpb_wrapper\"><p><strong>Automatisches Kochen<br \/>\n<\/strong><\/p>\n<p>Sie m\u00fcssen lediglich die Temperatur ausw\u00e4hlen, die das Innere des Topfes halten soll. Das Kochfeld reduziert, erh\u00f6ht oder schaltet den Brenner selbstst\u00e4ndig ab, wenn das Innere des Topfes die ideale Temperatur erreicht hat.<\/p>\n<\/div><\/div><\/div><\/div><div class=\"wpb_column vc_column_container\"><div class=\"vc_column-inner\"><div class=\"w-image us_custom_c0223bf0 align_none\"><div class=\"w-image-h\"><img decoding=\"async\" width=\"1024\" height=\"1024\" src=\"https:\/\/solgaz.eu\/wp-content\/uploads\/2025\/04\/ikony__3.svg\" class=\"attachment-large size-large\" alt=\"\" loading=\"lazy\"><\/div><\/div><div class=\"wpb_text_column\"><div class=\"wpb_wrapper\"><p><strong>Leichte Reinigung<br \/>\n<\/strong><\/p>\n<p>Das GNC 4 Auto Gaskochfeld hat eine glatte Keramikoberfl\u00e4che mit einem Touch-Bedienfeld. Dies erleichtert die Reinigung des Kochfeldes und garantiert ein \u00e4sthetisches Erscheinungsbild im t\u00e4glichen Gebrauch.<\/p>\n<\/div><\/div><\/div><\/div><div class=\"wpb_column vc_column_container\"><div class=\"vc_column-inner\"><div class=\"w-image us_custom_c0223bf0 align_none\"><div class=\"w-image-h\"><img decoding=\"async\" width=\"1024\" height=\"1024\" src=\"https:\/\/solgaz.eu\/wp-content\/uploads\/2025\/04\/ikony__8.svg\" class=\"attachment-large size-large\" alt=\"\" loading=\"lazy\"><\/div><\/div><div class=\"wpb_text_column\"><div class=\"wpb_wrapper\"><p><strong>Sicherheit<\/strong><\/p>\n<p>Die in das Kochfeld integrierten doppelten Sicherheitssysteme geben ein maximales Sicherheitsgef\u00fchl. Die katalytischen Brenner, die das Gas verbrennen, wandeln die aufgenommene W\u00e4rme in Infrarotstrahlung um. Jeder Brenner ist mit einem eigenen Gasverbrennungssystem ausgestattet. Ein unkontrollierter Gasaustritt ist ausgeschlossen. Au\u00dferdem schaltet sich das Ger\u00e4t automatisch ab, wenn etwas auf dem Kochfeld versch\u00fcttet wird, und gibt ein akustisches Signal.<\/p>\n<\/div><\/div><\/div><\/div><\/div><\/div><\/section>\n","protected":false},"excerpt":{"rendered":"<p>Ihr Assistent in der K\u00fcche. Er h\u00e4lt die richtige Temperatur, kocht Wasser und schaltet im richtigen Moment ab. <\/p>\n<p>F\u00fcr Schrankbreite: 60cm.<\/p>\n","protected":false},"featured_media":45120,"comment_status":"open","ping_status":"closed","template":"","meta":{"_acf_changed":false},"product_cat":[993],"product_tag":[],"class_list":{"0":"post-48340","1":"product","2":"type-product","3":"status-publish","4":"has-post-thumbnail","6":"product_cat-gaskochfelder-auf-glas","8":"first","9":"instock","10":"shipping-taxable","11":"purchasable","12":"product-type-variable"},"supplier_id":null,"supplier_sku":"","barcode":null,"atum_controlled":true,"out_stock_date":null,"out_stock_threshold":null,"inheritable":false,"inbound_stock":null,"stock_on_hold":2,"sold_today":0,"sales_last_days":0,"reserved_stock":null,"customer_returns":null,"warehouse_damage":null,"lost_in_post":null,"other_logs":null,"out_stock_days":0,"lost_sales":0,"has_location":null,"update_date":"2026-04-12T00:02:40","atum_locations":[],"atum_stock_status":"instock","restock_status":false,"low_stock_amount":"","sales_update_date":"2026-04-12T00:02:40","calc_backorders":null,"acf":[],"_links":{"self":[{"href":"https:\/\/solgaz.eu\/de\/wp-json\/wp\/v2\/product\/48340","targetHints":{"allow":["GET"]}}],"collection":[{"href":"https:\/\/solgaz.eu\/de\/wp-json\/wp\/v2\/product"}],"about":[{"href":"https:\/\/solgaz.eu\/de\/wp-json\/wp\/v2\/types\/product"}],"replies":[{"embeddable":true,"href":"https:\/\/solgaz.eu\/de\/wp-json\/wp\/v2\/comments?post=48340"}],"wp:featuredmedia":[{"embeddable":true,"href":"https:\/\/solgaz.eu\/de\/wp-json\/wp\/v2\/media\/45120"}],"wp:attachment":[{"href":"https:\/\/solgaz.eu\/de\/wp-json\/wp\/v2\/media?parent=48340"}],"wp:term":[{"taxonomy":"product_cat","embeddable":true,"href":"https:\/\/solgaz.eu\/de\/wp-json\/wp\/v2\/product_cat?post=48340"},{"taxonomy":"product_tag","embeddable":true,"href":"https:\/\/solgaz.eu\/de\/wp-json\/wp\/v2\/product_tag?post=48340"}],"curies":[{"name":"wp","href":"https:\/\/api.w.org\/{rel}","templated":true}]}}