{"id":48335,"date":"2025-04-21T14:53:04","date_gmt":"2025-04-21T14:53:04","guid":{"rendered":"https:\/\/solgaz.eu\/produkt\/solgaz-4-in-1-multifunktional-elektrobackofen-sp-50pm-grill-dampfgarer-mikrowelle-backofen\/"},"modified":"2026-03-18T12:10:27","modified_gmt":"2026-03-18T11:10:27","slug":"solgaz-4-in-1-multifunktional-elektrobackofen-sp-50pm-grill-dampfgarer-mikrowelle-backofen","status":"publish","type":"product","link":"https:\/\/solgaz.eu\/de\/produkt\/solgaz-4-in-1-multifunktional-elektrobackofen-sp-50pm-grill-dampfgarer-mikrowelle-backofen\/","title":{"rendered":"Solgaz 4-in-1 MULTIFUNKTIONAL Elektrobackofen SP-50PM (Grill, Dampfgarer, Mikrowelle, Backofen)"},"content":{"rendered":"<section class=\"l-section wpb_row height_auto\"><div class=\"l-section-h i-cf\"><div class=\"g-cols vc_row via_grid cols_2 laptops-cols_inherit tablets-cols_inherit mobiles-cols_1 valign_middle type_default stacking_default\" style=\"--columns-gap:0rem;\"><div class=\"wpb_column vc_column_container\"><div class=\"vc_column-inner\"><div class=\"w-image has_ratio align_none\"><div class=\"w-image-h\"><div style=\"padding-bottom:75%\"><\/div><img decoding=\"async\" width=\"1024\" height=\"585\" src=\"https:\/\/solgaz.eu\/wp-content\/uploads\/2025\/04\/1-1-1024x585.webp\" class=\"attachment-large size-large\" alt=\"\" loading=\"lazy\"><\/div><\/div><\/div><\/div><div class=\"wpb_column vc_column_container us_custom_ff837323\"><div class=\"vc_column-overlay\" style=\"background:var(--color-content-bg-alt)\"><\/div><div class=\"vc_column-inner\"><div class=\"wpb_text_column\"><div class=\"wpb_wrapper\"><h3>MULTIFUNKTIONALER 4-in-1-Backofen SP-50PM<\/h3>\n<p>Unser neuer Backofen aus der SP-Familie ist ein innovatives Produkt, das f\u00fcr das t\u00e4gliche Backen zu Hause entwickelt wurde. Dank seiner verschiedenen Modi werden die darin zubereiteten Gerichte perfekt. Je nach Bedarf k\u00f6nnen Sie eine Reihe von Funktionen nutzen, wie Auftauen, Toasten, Umluft, Trocknen, D\u00e4mpfen und Mikrowellenbetrieb. Alles, was Sie in der K\u00fcche brauchen, ist in diesem einzigartigen Ger\u00e4t enthalten.<\/p>\n<\/div><\/div><\/div><\/div><\/div><\/div><\/section><section class=\"l-section wpb_row height_auto\"><div class=\"l-section-h i-cf\"><div class=\"g-cols vc_row via_grid cols_2 laptops-cols_inherit tablets-cols_inherit mobiles-cols_1 valign_middle type_default stacking_default\" style=\"--columns-gap:0rem;\"><div class=\"wpb_column vc_column_container us_custom_ff837323\"><div class=\"vc_column-inner\"><div class=\"wpb_text_column\"><div class=\"wpb_wrapper\"><h3>Backofen gut konzipiert<\/h3>\n<p>Der Backofen SP-50 PM wurde mit Liebe zum kleinsten Detail entwickelt. Von seinen kompakten Ma\u00dfen \u00fcber sein intuitives Touch-Bedienfeld bis hin zu seinem einzigartigen Design, das sich sowohl f\u00fcr kleinere als auch f\u00fcr gr\u00f6\u00dfere K\u00fcchen eignet.<\/p>\n<\/div><\/div><\/div><\/div><div class=\"wpb_column vc_column_container\"><div class=\"vc_column-inner\"><div class=\"w-image has_ratio align_none\"><div class=\"w-image-h\"><div style=\"padding-bottom:75%\"><\/div><img decoding=\"async\" width=\"1024\" height=\"1024\" src=\"https:\/\/solgaz.eu\/wp-content\/uploads\/2025\/04\/S_4w1_6-1024x1024.png\" class=\"attachment-large size-large\" alt=\"\" loading=\"lazy\"><\/div><\/div><\/div><\/div><\/div><\/div><\/section><section class=\"l-section wpb_row height_auto\"><div class=\"l-section-h i-cf\"><div class=\"g-cols vc_row via_grid cols_2 laptops-cols_inherit tablets-cols_inherit mobiles-cols_1 valign_middle type_default stacking_default\" style=\"--columns-gap:0rem;\"><div class=\"wpb_column vc_column_container\"><div class=\"vc_column-inner\"><div class=\"w-image has_ratio align_none\"><div class=\"w-image-h\"><div style=\"padding-bottom:75%\"><\/div><img decoding=\"async\" width=\"1024\" height=\"585\" src=\"https:\/\/solgaz.eu\/wp-content\/uploads\/2025\/04\/4-1024x585.webp\" class=\"attachment-large size-large\" alt=\"\" loading=\"lazy\"><\/div><\/div><\/div><\/div><div class=\"wpb_column vc_column_container us_custom_ff837323\"><div class=\"vc_column-overlay\" style=\"background:var(--color-content-bg-alt)\"><\/div><div class=\"vc_column-inner\"><div class=\"wpb_text_column\"><div class=\"wpb_wrapper\"><h3>21 automatische Programme<\/h3>\n<p>Unser innovativer Backofen verf\u00fcgt \u00fcber bis zu 21 Automatikprogramme. Er ist Ihr praktisches Kochbuch, mit dem die Zubereitung von bis zu 21 Gerichten zum Kinderspiel wird. W\u00e4hlen Sie ein Programm, geben Sie das Gewicht Ihres Gerichts ein und fertig. Um den Rest brauchen Sie sich nicht zu k\u00fcmmern.<\/p>\n<\/div><\/div><\/div><\/div><\/div><\/div><\/section><section class=\"l-section wpb_row height_auto\"><div class=\"l-section-h i-cf\"><div class=\"g-cols vc_row via_grid cols_2 laptops-cols_inherit tablets-cols_inherit mobiles-cols_1 valign_middle type_default stacking_default\" style=\"--columns-gap:0rem;\"><div class=\"wpb_column vc_column_container us_custom_ff837323\"><div class=\"vc_column-inner\"><div class=\"wpb_text_column\"><div class=\"wpb_wrapper\"><h2>4-in-1-Grill, Dampfgarer, Mikrowelle und Backofen<\/h2>\n<p>Solgaz SP-50 PM, ist das Maximum an M\u00f6glichkeiten, die wir in ein Ger\u00e4t gepackt haben. Sie k\u00f6nnen eine einzelne Funktion w\u00e4hlen oder verschiedene Modi des Ger\u00e4ts kombinieren. Alles, um Ihre Gerichte absolut k\u00f6stlich zu machen.<\/p>\n<\/div><\/div><\/div><\/div><div class=\"wpb_column vc_column_container\"><div class=\"vc_column-inner\"><div class=\"w-image has_ratio align_none\"><div class=\"w-image-h\"><div style=\"padding-bottom:75%\"><\/div><img decoding=\"async\" width=\"976\" height=\"976\" src=\"https:\/\/solgaz.eu\/wp-content\/uploads\/2025\/04\/S_4w1_7.png\" class=\"attachment-large size-large\" alt=\"\" loading=\"lazy\"><\/div><\/div><\/div><\/div><\/div><\/div><\/section><section class=\"l-section wpb_row height_auto\"><div class=\"l-section-h i-cf\"><div class=\"g-cols vc_row via_grid cols_2 laptops-cols_inherit tablets-cols_inherit mobiles-cols_1 valign_middle type_default stacking_default\" style=\"--columns-gap:0rem;\"><div class=\"wpb_column vc_column_container\"><div class=\"vc_column-inner\"><div class=\"w-image has_ratio align_none\"><div class=\"w-image-h\"><div style=\"padding-bottom:75%\"><\/div><img decoding=\"async\" width=\"1024\" height=\"894\" src=\"https:\/\/solgaz.eu\/wp-content\/uploads\/2025\/04\/S_4w1_3-1-1024x894.png\" class=\"attachment-large size-large\" alt=\"\" loading=\"lazy\"><\/div><\/div><\/div><\/div><div class=\"wpb_column vc_column_container us_custom_ff837323\"><div class=\"vc_column-overlay\" style=\"background:var(--color-content-bg-alt)\"><\/div><div class=\"vc_column-inner\"><div class=\"wpb_text_column\"><div class=\"wpb_wrapper\"><h3>Schnellaufheizfunktion f\u00fcr vielbesch\u00e4ftigte Menschen<\/h3>\n<p>Unser Backofen Solgaz SP-50 PM verf\u00fcgt \u00fcber eine Reihe von Funktionen, die auf das zunehmend schnelllebige Leben vieler von uns zugeschnitten sind. Wenn Sie unter Zeitdruck stehen und diese nicht mit Warten verschwenden wollen, schalten Sie die Schnellaufheizfunktion ein. Der Backofen erh\u00f6ht dann automatisch die Leistung und spart Ihnen die Zeit, die Sie ben\u00f6tigen, um die gew\u00fcnschte Temperatur zu erreichen. Sobald die gew\u00fcnschte Temperatur erreicht ist, h\u00e4lt er sie automatisch f\u00fcr 2 Stunden.<\/p>\n<\/div><\/div><\/div><\/div><\/div><\/div><\/section>\n","protected":false},"excerpt":{"rendered":"<p>Einbau-Elektrobackofen 60 cm in einem Schrank<\/p>\n<p>Minimale Abmessungen, maximale Ergonomie.<\/p>\n<p>Funktionalit\u00e4t: 50 L, 4in1, Dampfreinigung, Thermo-Flow, Touch-Bedienfeld.<\/p>\n","protected":false},"featured_media":45178,"comment_status":"open","ping_status":"closed","template":"","meta":{"_acf_changed":false},"product_cat":[515,981],"product_tag":[],"class_list":{"0":"post-48335","1":"product","2":"type-product","3":"status-publish","4":"has-post-thumbnail","6":"product_cat-einbaubackofen","7":"product_cat-elektrische-ofen","9":"first","10":"instock","11":"featured","12":"shipping-taxable","13":"purchasable","14":"product-type-simple"},"acf":[],"_links":{"self":[{"href":"https:\/\/solgaz.eu\/de\/wp-json\/wp\/v2\/product\/48335","targetHints":{"allow":["GET"]}}],"collection":[{"href":"https:\/\/solgaz.eu\/de\/wp-json\/wp\/v2\/product"}],"about":[{"href":"https:\/\/solgaz.eu\/de\/wp-json\/wp\/v2\/types\/product"}],"replies":[{"embeddable":true,"href":"https:\/\/solgaz.eu\/de\/wp-json\/wp\/v2\/comments?post=48335"}],"wp:featuredmedia":[{"embeddable":true,"href":"https:\/\/solgaz.eu\/de\/wp-json\/wp\/v2\/media\/45178"}],"wp:attachment":[{"href":"https:\/\/solgaz.eu\/de\/wp-json\/wp\/v2\/media?parent=48335"}],"wp:term":[{"taxonomy":"product_cat","embeddable":true,"href":"https:\/\/solgaz.eu\/de\/wp-json\/wp\/v2\/product_cat?post=48335"},{"taxonomy":"product_tag","embeddable":true,"href":"https:\/\/solgaz.eu\/de\/wp-json\/wp\/v2\/product_tag?post=48335"}],"curies":[{"name":"wp","href":"https:\/\/api.w.org\/{rel}","templated":true}]}}