{"id":47147,"date":"2025-04-21T14:51:38","date_gmt":"2025-04-21T14:51:38","guid":{"rendered":"https:\/\/dev.solgaz.eu\/produkt\/solgaz-gest-control-schrank-dunstabzugshaube\/"},"modified":"2025-05-12T18:08:20","modified_gmt":"2025-05-12T16:08:20","slug":"solgaz-gest-control-schrank-dunstabzugshaube","status":"publish","type":"product","link":"https:\/\/solgaz.eu\/de\/produkt\/solgaz-gest-control-schrank-dunstabzugshaube\/","title":{"rendered":"Solgaz Gest Control Schrank-Dunstabzugshaube"},"content":{"rendered":"<section class=\"l-section wpb_row height_auto\"><div class=\"l-section-h i-cf\"><div class=\"g-cols vc_row via_grid cols_2 laptops-cols_inherit tablets-cols_inherit mobiles-cols_1 valign_middle type_default stacking_default\" style=\"--columns-gap:0rem;\"><div class=\"wpb_column vc_column_container\"><div class=\"vc_column-inner\"><div class=\"w-image has_ratio align_none\"><div class=\"w-image-h\"><div style=\"padding-bottom:75%\"><\/div><img decoding=\"async\" width=\"1024\" height=\"640\" src=\"https:\/\/solgaz.eu\/wp-content\/uploads\/2025\/04\/SolgazOkap0002-1-1024x640.jpg\" class=\"attachment-large size-large\" alt=\"\" loading=\"lazy\"><\/div><\/div><\/div><\/div><div class=\"wpb_column vc_column_container us_custom_472e4389 has_bg_color\"><div class=\"vc_column-inner\"><div class=\"wpb_text_column\"><div class=\"wpb_wrapper\"><h3>Solgaz Gest Control Schrank-Dunstabzugshaube<\/h3>\n<p>GEST CONTROL ist eine Schrank-Dunstabzugshaube zum Einbau. Das einzigartige Design der Ger\u00e4te und der \u00fcberdurchschnittliche Minimalismus unterstreichen den au\u00dfergew\u00f6hnlichen Stil Ihrer K\u00fcche. Der Mechanismus des in das M\u00f6bel integrierten Ger\u00e4ts macht das Ger\u00e4t nahezu unsichtbar, sodass es den Raum nicht \u00fcberfordert und seine Funktion auf clevere Weise erf\u00fcllt. Die schwarze Dunstabzugshaube Solgaz Gest Control ist das perfekte Element einer modernen K\u00fcche.<\/p>\n<\/div><\/div><\/div><\/div><\/div><\/div><\/section><section class=\"l-section wpb_row height_auto\"><div class=\"l-section-h i-cf\"><div class=\"g-cols vc_row via_grid cols_2 laptops-cols_inherit tablets-cols_inherit mobiles-cols_1 valign_middle type_default stacking_default\" style=\"--columns-gap:0rem;\"><div class=\"wpb_column vc_column_container us_custom_ff837323\"><div class=\"vc_column-inner\"><div class=\"wpb_text_column\"><div class=\"wpb_wrapper\"><h3>Schrank-Dunstabzugshaube \u2013 mit Gestensteuerung<\/h3>\n<p>Eine Handbewegung gen\u00fcgt, um das Ger\u00e4t zu starten, was besonders bei vielbesch\u00e4ftigten H\u00e4nden \u00e4u\u00dferst komfortabel ist. Eine Geste gen\u00fcgt, damit die Dunstabzugshaube ihre Funktion erf\u00fcllt. Dar\u00fcber hinaus ist es mit einer LED ausgestattet, die die aktuelle Geschwindigkeit anzeigt. Die LED-Farbe entspricht einer bestimmten Leistungsstufe. F\u00fcr diejenigen, die traditionellere L\u00f6sungen bevorzugen, haben wir zu jeder Dunstabzugshaube auch eine Fernbedienung beigelegt.<\/p>\n<\/div><\/div><\/div><\/div><div class=\"wpb_column vc_column_container\"><div class=\"vc_column-inner\"><div class=\"w-image has_ratio align_none\"><div class=\"w-image-h\"><div style=\"padding-bottom:75%\"><\/div><img decoding=\"async\" width=\"1024\" height=\"640\" src=\"https:\/\/solgaz.eu\/wp-content\/uploads\/2025\/04\/OkapNew03-1-1024x640.jpg\" class=\"attachment-large size-large\" alt=\"\" loading=\"lazy\"><\/div><\/div><\/div><\/div><\/div><\/div><\/section><section class=\"l-section wpb_row height_auto\"><div class=\"l-section-h i-cf\"><div class=\"g-cols vc_row via_grid cols_2 laptops-cols_inherit tablets-cols_inherit mobiles-cols_1 valign_middle type_default stacking_default\" style=\"--columns-gap:0rem;\"><div class=\"wpb_column vc_column_container\"><div class=\"vc_column-inner\"><div class=\"w-image align_none\"><div class=\"w-image-h\"><img decoding=\"async\" width=\"1024\" height=\"640\" src=\"https:\/\/solgaz.eu\/wp-content\/uploads\/2025\/04\/SolgazOkapWhite0000-2-1024x640.jpg\" class=\"attachment-large size-large\" alt=\"\" loading=\"lazy\" srcset=\"https:\/\/solgaz.eu\/wp-content\/uploads\/2025\/04\/SolgazOkapWhite0000-2-1024x640.jpg 1024w, https:\/\/solgaz.eu\/wp-content\/uploads\/2025\/04\/SolgazOkapWhite0000-2-300x188.jpg 300w, https:\/\/solgaz.eu\/wp-content\/uploads\/2025\/04\/SolgazOkapWhite0000-2-768x480.jpg 768w, https:\/\/solgaz.eu\/wp-content\/uploads\/2025\/04\/SolgazOkapWhite0000-2-1536x960.jpg 1536w, https:\/\/solgaz.eu\/wp-content\/uploads\/2025\/04\/SolgazOkapWhite0000-2-600x375.jpg 600w, https:\/\/solgaz.eu\/wp-content\/uploads\/2025\/04\/SolgazOkapWhite0000-2.jpg 1920w\" sizes=\"auto, (max-width: 1024px) 100vw, 1024px\"><\/div><\/div><\/div><\/div><div class=\"wpb_column vc_column_container us_custom_472e4389 has_bg_color\"><div class=\"vc_column-inner\"><div class=\"wpb_text_column\"><div class=\"wpb_wrapper\"><p>Die Schrank-Dunstabzugshaube zum Einbau Solgaz GEST CONTROL zeichnet sich durch eine hohe Arbeitseffizienz aus \u2013 sie filtert bis zu 700 m3 Luft pro Stunde. Das Arbeiten mit dieser Art von Ger\u00e4ten ist bequem und komfortabel \u2013 der maximale Schallpegel betr\u00e4gt nur 68 dB. GEST CONTROL verbraucht nicht viel Strom, da sie \u00fcber die Energieklasse A verf\u00fcgt, was einen sparsamen Betrieb garantiert.  <\/p>\n<p>Unsere Ger\u00e4te zeichnen sich durch ihre hohe Qualit\u00e4t und Funktionalit\u00e4t aus.<\/p>\n<\/div><\/div><\/div><\/div><\/div><\/div><\/section>\n","protected":false},"excerpt":{"rendered":"<p>Unterbau-Dunstabzugshaube \u2013 Gestensteuerung, f\u00fcr den Einbau in einen Unterschrank konzipiert.<\/p>\n<p>Funktionalit\u00e4ten: Sensorsteuerung, leiser Betrieb, hohe Effizienz, LED-Beleuchtung.<\/p>\n","protected":false},"featured_media":45034,"comment_status":"open","ping_status":"closed","template":"","meta":{"_acf_changed":false},"product_cat":[537],"product_tag":[538],"class_list":{"0":"post-47147","1":"product","2":"type-product","3":"status-publish","4":"has-post-thumbnail","6":"product_cat-elektrische-dunstabzugshauben","7":"product_tag-hob-to-hood-kommunikation-zwischen-kochfeld-und-dunstabzugshaube","9":"first","10":"instock","11":"shipping-taxable","12":"purchasable","13":"product-type-simple"},"supplier_id":null,"supplier_sku":"","barcode":null,"atum_controlled":true,"out_stock_date":null,"out_stock_threshold":null,"inheritable":false,"inbound_stock":null,"stock_on_hold":0,"sold_today":0,"sales_last_days":0,"reserved_stock":null,"customer_returns":null,"warehouse_damage":null,"lost_in_post":null,"other_logs":null,"out_stock_days":0,"lost_sales":0,"has_location":null,"update_date":"2026-04-09T00:01:11","atum_locations":[],"atum_stock_status":"instock","restock_status":false,"low_stock_amount":"","sales_update_date":"2026-04-09T00:01:11","calc_backorders":null,"acf":[],"_links":{"self":[{"href":"https:\/\/solgaz.eu\/de\/wp-json\/wp\/v2\/product\/47147","targetHints":{"allow":["GET"]}}],"collection":[{"href":"https:\/\/solgaz.eu\/de\/wp-json\/wp\/v2\/product"}],"about":[{"href":"https:\/\/solgaz.eu\/de\/wp-json\/wp\/v2\/types\/product"}],"replies":[{"embeddable":true,"href":"https:\/\/solgaz.eu\/de\/wp-json\/wp\/v2\/comments?post=47147"}],"wp:featuredmedia":[{"embeddable":true,"href":"https:\/\/solgaz.eu\/de\/wp-json\/wp\/v2\/media\/45034"}],"wp:attachment":[{"href":"https:\/\/solgaz.eu\/de\/wp-json\/wp\/v2\/media?parent=47147"}],"wp:term":[{"taxonomy":"product_cat","embeddable":true,"href":"https:\/\/solgaz.eu\/de\/wp-json\/wp\/v2\/product_cat?post=47147"},{"taxonomy":"product_tag","embeddable":true,"href":"https:\/\/solgaz.eu\/de\/wp-json\/wp\/v2\/product_tag?post=47147"}],"curies":[{"name":"wp","href":"https:\/\/api.w.org\/{rel}","templated":true}]}}