{"id":47146,"date":"2025-04-21T14:51:37","date_gmt":"2025-04-21T14:51:37","guid":{"rendered":"https:\/\/dev.solgaz.eu\/produkt\/solgaz-spg-67-gasofen-zum-einbau\/"},"modified":"2025-05-12T18:01:21","modified_gmt":"2025-05-12T16:01:21","slug":"solgaz-spg-67-gasofen-zum-einbau","status":"publish","type":"product","link":"https:\/\/solgaz.eu\/de\/produkt\/solgaz-spg-67-gasofen-zum-einbau\/","title":{"rendered":"Solgaz SPG-67 Gasofen zum Einbau"},"content":{"rendered":"<section class=\"l-section wpb_row height_auto\"><div class=\"l-section-h i-cf\"><div class=\"g-cols vc_row via_grid cols_2 laptops-cols_inherit tablets-cols_inherit mobiles-cols_1 valign_middle type_default stacking_default\" style=\"--columns-gap:0rem;\"><div class=\"wpb_column vc_column_container\"><div class=\"vc_column-inner\"><div class=\"w-image has_ratio align_none\"><div class=\"w-image-h\"><div style=\"padding-bottom:75%\"><\/div><img decoding=\"async\" width=\"1024\" height=\"542\" src=\"https:\/\/solgaz.eu\/wp-content\/uploads\/2025\/04\/2022_04_01_solgaz_images_1700x900_sk_v08-1024x542.webp\" class=\"attachment-large size-large\" alt=\"\" loading=\"lazy\"><\/div><\/div><\/div><\/div><div class=\"wpb_column vc_column_container us_custom_ff837323\"><div class=\"vc_column-overlay\" style=\"background:var(--color-content-bg-alt)\"><\/div><div class=\"vc_column-inner\"><div class=\"wpb_text_column\"><div class=\"wpb_wrapper\"><h3>Solgaz SPG-67 Gasofen zum Einbau<\/h3>\n<p>Der SOLGAZ SPG-67 Gasbackofen zum Einbau ist ein professionelles Ger\u00e4t auf dem neuesten Stand der Technik, mit dem du selbst das schwierigste Rezept leicht zubereiten kannst. Es ist f\u00fcr das t\u00e4gliche Backen zu Hause konzipiert. Es vereint die Vorteile von Gas mit einem breiten Funktionsumfang. Zusammen mit intelligenten Dunstabzugshauben und innovativen Gaskochfeldern ohne Flamme entsteht ein einzigartiges Team.   <\/p>\n<p>Der Gasofen Solgaz SPG-67 ist \u00e4u\u00dferst elegant. Er wird sich sowohl in einem Pfosten in Schulterh\u00f6he als auch unter einem Kochfeld sch\u00f6n pr\u00e4sentieren. Die Ausr\u00fcstung passt perfekt in einen gro\u00dfen und etwas kleineren Raum. Das minimalistische Design des Backofens unterstreicht die Sch\u00f6nheit jeder K\u00fcche \u2013 sowohl modern als auch klassisch.<\/p>\n<\/div><\/div><\/div><\/div><\/div><\/div><\/section><section class=\"l-section wpb_row height_auto\"><div class=\"l-section-h i-cf\"><div class=\"g-cols vc_row via_grid cols_3 laptops-cols_inherit tablets-cols_inherit mobiles-cols_1 valign_top type_boxes stacking_default\" style=\"--columns-gap:0rem;\"><div class=\"wpb_column vc_column_container\"><div class=\"vc_column-inner\"><div class=\"w-image us_custom_c0223bf0 align_none\"><div class=\"w-image-h\"><img decoding=\"async\" width=\"1024\" height=\"1024\" src=\"https:\/\/solgaz.eu\/wp-content\/uploads\/2025\/04\/ikony__2.svg\" class=\"attachment-large size-large\" alt=\"\" loading=\"lazy\"><\/div><\/div><div class=\"wpb_text_column\"><div class=\"wpb_wrapper\"><p><strong>Design<\/strong><\/p>\n<p>Der Solgaz-Gasofen hat eine glatte, schwarze Oberfl\u00e4che und ist mit eleganten, intuitiven Bedienelementen ausgestattet<\/p>\n<\/div><\/div><\/div><\/div><div class=\"wpb_column vc_column_container\"><div class=\"vc_column-inner\"><div class=\"w-image us_custom_c0223bf0 align_none\"><div class=\"w-image-h\"><img decoding=\"async\" width=\"1024\" height=\"1024\" src=\"https:\/\/solgaz.eu\/wp-content\/uploads\/2025\/04\/ikony__4.svg\" class=\"attachment-large size-large\" alt=\"\" loading=\"lazy\"><\/div><\/div><div class=\"wpb_text_column\"><div class=\"wpb_wrapper\"><p><strong>Grosse Ausstattung<\/strong><\/p>\n<p>SPG-67 ist eines der bestausgestatteten Ger\u00e4te auf dem Markt. Im Inneren finden Sie einen Rost, Backbleche oder einen Drehspie\u00df.<\/p>\n<\/div><\/div><\/div><\/div><div class=\"wpb_column vc_column_container\"><div class=\"vc_column-inner\"><div class=\"w-image us_custom_c0223bf0 align_none\"><div class=\"w-image-h\"><img decoding=\"async\" width=\"1024\" height=\"1024\" src=\"https:\/\/solgaz.eu\/wp-content\/uploads\/2025\/04\/ikony__2.svg\" class=\"attachment-large size-large\" alt=\"\" loading=\"lazy\"><\/div><\/div><div class=\"wpb_text_column\"><div class=\"wpb_wrapper\"><p><strong>Optimale Gr\u00f6sse<\/strong><\/p>\n<p>Der Ofen wurde so konzipiert, dass er sowohl in einem kleineren Raum als auch in einer ger\u00e4umigen K\u00fcche eine gute Figur macht<\/p>\n<\/div><\/div><\/div><\/div><\/div><\/div><\/section><section class=\"l-section wpb_row height_auto\"><div class=\"l-section-h i-cf\"><div class=\"g-cols vc_row via_grid cols_2 laptops-cols_inherit tablets-cols_inherit mobiles-cols_1 valign_middle type_default stacking_default\" style=\"--columns-gap:0rem;\"><div class=\"wpb_column vc_column_container us_custom_ff837323\"><div class=\"vc_column-inner\"><div class=\"wpb_text_column\"><div class=\"wpb_wrapper\"><h3>Gasbackofen zum Einbau SPG-67 \u2013 Design und Funktionalit\u00e4t<\/h3>\n<p>Das elegante Design dieses Produkts wurde mit seiner Funktionalit\u00e4t kombiniert. Die Funktionen und M\u00f6glichkeiten des Gasbackofens SPG-67 erm\u00f6glichen Ihnen die Zubereitung der anspruchsvollsten Gerichte. Der in der R\u00fcckseite des Ger\u00e4ts eingebaute Ventilator verteilt die Temperatur gleichm\u00e4\u00dfig in der Backkammer, sodass Sie perfektes Geb\u00e4ck zubereiten k\u00f6nnen.  <\/p>\n<p>Der Gasbackofen von Solgaz verf\u00fcgt \u00fcber Bratbleche, einen Rost und einen Drehspie\u00df, mit denen sich leckere H\u00e4hnchen zubereiten lassen, w\u00e4hrend das gro\u00dfe Fassungsverm\u00f6gen daf\u00fcr sorgt, dass all Ihre Speisen hineinpassen.<\/p>\n<\/div><\/div><\/div><\/div><div class=\"wpb_column vc_column_container\"><div class=\"vc_column-inner\"><div class=\"w-image has_ratio align_none\"><div class=\"w-image-h\"><div style=\"padding-bottom:75%\"><\/div><img decoding=\"async\" width=\"928\" height=\"530\" src=\"https:\/\/solgaz.eu\/wp-content\/uploads\/2025\/04\/gazowy-Solgaz-SPG-67.webp\" class=\"attachment-large size-large\" alt=\"\" loading=\"lazy\"><\/div><\/div><\/div><\/div><\/div><\/div><\/section><section class=\"l-section wpb_row height_auto\"><div class=\"l-section-h i-cf\"><div class=\"g-cols vc_row via_grid cols_3 laptops-cols_inherit tablets-cols_inherit mobiles-cols_1 valign_top type_boxes stacking_default\" style=\"--columns-gap:0rem;\"><div class=\"wpb_column vc_column_container\"><div class=\"vc_column-inner\"><div class=\"w-image us_custom_c0223bf0 align_none\"><div class=\"w-image-h\"><img decoding=\"async\" width=\"1024\" height=\"1024\" src=\"https:\/\/solgaz.eu\/wp-content\/uploads\/2025\/04\/ikony__7.svg\" class=\"attachment-large size-large\" alt=\"\" loading=\"lazy\"><\/div><\/div><div class=\"wpb_text_column\"><div class=\"wpb_wrapper\"><p><strong>Grosse Kapazit\u00e4t<\/strong><\/p>\n<p>Der Innenraum des SPG-Gasofens fasst 67 Liter. Dadurch k\u00f6nnen Sie sicher sein, dass auch Gerichte wie Truthahn problemlos hineinpassen.<\/p>\n<\/div><\/div><\/div><\/div><div class=\"wpb_column vc_column_container\"><div class=\"vc_column-inner\"><div class=\"w-image us_custom_c0223bf0 align_none\"><div class=\"w-image-h\"><img decoding=\"async\" width=\"1024\" height=\"1024\" src=\"https:\/\/solgaz.eu\/wp-content\/uploads\/2025\/04\/ikony__8.svg\" class=\"attachment-large size-large\" alt=\"\" loading=\"lazy\"><\/div><\/div><div class=\"wpb_text_column\"><div class=\"wpb_wrapper\"><p><strong>Drehspie\u00df<\/strong><\/p>\n<p>Eine wichtige Funktion f\u00fcr alle Liebhaber von Brath\u00e4hnchen<\/p>\n<\/div><\/div><\/div><\/div><div class=\"wpb_column vc_column_container\"><div class=\"vc_column-inner\"><div class=\"w-image us_custom_c0223bf0 align_none\"><div class=\"w-image-h\"><img decoding=\"async\" width=\"1024\" height=\"1024\" src=\"https:\/\/solgaz.eu\/wp-content\/uploads\/2025\/04\/ikony__6.svg\" class=\"attachment-large size-large\" alt=\"\" loading=\"lazy\"><\/div><\/div><div class=\"wpb_text_column\"><div class=\"wpb_wrapper\"><p><strong>Thermokreislauf<\/strong><\/p>\n<p>Erm\u00f6glicht gleichm\u00e4\u00dfiges Backen<\/p>\n<\/div><\/div><\/div><\/div><\/div><\/div><\/section><section class=\"l-section wpb_row height_auto\"><div class=\"l-section-h i-cf\"><div class=\"g-cols vc_row via_grid cols_2 laptops-cols_inherit tablets-cols_inherit mobiles-cols_1 valign_middle type_default stacking_default\" style=\"--columns-gap:0rem;\"><div class=\"wpb_column vc_column_container\"><div class=\"vc_column-inner\"><div class=\"w-image has_ratio align_none\"><div class=\"w-image-h\"><div style=\"padding-bottom:75%\"><\/div><img decoding=\"async\" width=\"1024\" height=\"640\" src=\"https:\/\/solgaz.eu\/wp-content\/uploads\/2025\/04\/PiecVis_C-1024x640.jpg\" class=\"attachment-large size-large\" alt=\"\" loading=\"lazy\"><\/div><\/div><\/div><\/div><div class=\"wpb_column vc_column_container us_custom_ff837323\"><div class=\"vc_column-overlay\" style=\"background:var(--color-content-bg-alt)\"><\/div><div class=\"vc_column-inner\"><div class=\"wpb_text_column\"><div class=\"wpb_wrapper\"><p>Gas\u00f6fen sind leicht zu reinigen. Die Innenseite der Backkammer ist mit einer speziellen Emaille beschichtet, die eine extrem rutschige Oberfl\u00e4che hat. Dank einer solchen Beschichtung ist die Reinigung des Backofens nicht nur sehr schnell, sondern auch bequem.  <\/p>\n<p>Der Gasofen von Solgaz ist ein absolut sicheres Ger\u00e4t, auch in einem Haushalt mit kleinen Kindern. Die dreifach verglaste T\u00fcr sch\u00fctzt vor Handverbrennungen, da die Vorderseite auch beim Backen bei hohen Temperaturen immer k\u00fchl bleibt. Das im Gasofen SPG-67 verwendete zuverl\u00e4ssige Sicherheitssystem vermittelt ein H\u00f6chstma\u00df an Sicherheit.  <\/p>\n<p>Die Kombination der zum Backen notwendigen Funktionen mit der Nutzung von Gas \u2013 der g\u00fcnstigsten verf\u00fcgbaren Energiequelle \u2013 garantiert Einsparungen. Es ist die wirtschaftlichste L\u00f6sung im Betrieb.<\/p>\n<\/div><\/div><\/div><\/div><\/div><\/div><\/section><section class=\"l-section wpb_row height_auto\"><div class=\"l-section-h i-cf\"><div class=\"g-cols vc_row via_grid cols_3 laptops-cols_inherit tablets-cols_inherit mobiles-cols_1 valign_top type_boxes stacking_default\" style=\"--columns-gap:0rem;\"><div class=\"wpb_column vc_column_container\"><div class=\"vc_column-inner\"><div class=\"w-image us_custom_c0223bf0 align_none\"><div class=\"w-image-h\"><img decoding=\"async\" width=\"1024\" height=\"1024\" src=\"https:\/\/solgaz.eu\/wp-content\/uploads\/2025\/04\/ikony__3.svg\" class=\"attachment-large size-large\" alt=\"\" loading=\"lazy\"><\/div><\/div><div class=\"wpb_text_column\"><div class=\"wpb_wrapper\"><p><strong>Einfache Reinigung<br \/>\n<\/strong><\/p>\n<p>Die Innenseite der Kammer ist mit einer speziellen Emaille \u00fcberzogen, die sich durch eine extrem rutschige Oberfl\u00e4che auszeichnet. Dank einer solchen Beschichtung ist die Reinigung des Backofens nicht nur sehr schnell, sondern auch bequem.<\/p>\n<\/div><\/div><\/div><\/div><div class=\"wpb_column vc_column_container\"><div class=\"vc_column-inner\"><div class=\"w-image us_custom_c0223bf0 align_none\"><div class=\"w-image-h\"><img decoding=\"async\" width=\"1024\" height=\"1024\" src=\"https:\/\/solgaz.eu\/wp-content\/uploads\/2025\/04\/ikony__5-1.svg\" class=\"attachment-large size-large\" alt=\"\" loading=\"lazy\"><\/div><\/div><div class=\"wpb_text_column\"><div class=\"wpb_wrapper\"><p><strong>Effizienz<\/strong><\/p>\n<p>Die Kombination der zum Backen notwendigen Funktionen mit der Nutzung von Gas \u2013 der g\u00fcnstigsten verf\u00fcgbaren Energiequelle \u2013 garantiert Einsparungen. Es ist die wirtschaftlichste L\u00f6sung im Betrieb.<\/p>\n<\/div><\/div><\/div><\/div><div class=\"wpb_column vc_column_container\"><div class=\"vc_column-inner\"><div class=\"w-image us_custom_c0223bf0 align_none\"><div class=\"w-image-h\"><img decoding=\"async\" width=\"1024\" height=\"1024\" src=\"https:\/\/solgaz.eu\/wp-content\/uploads\/2025\/04\/ikony__8.svg\" class=\"attachment-large size-large\" alt=\"\" loading=\"lazy\"><\/div><\/div><div class=\"wpb_text_column\"><div class=\"wpb_wrapper\"><p><strong>Sicherheit<\/strong><\/p>\n<p>Ein zuverl\u00e4ssiges Sicherheitssystem im Backofen sorgt f\u00fcr maximale Sicherheit.<\/p>\n<\/div><\/div><\/div><\/div><\/div><\/div><\/section><section class=\"l-section wpb_row height_auto\"><div class=\"l-section-h i-cf\"><div class=\"g-cols vc_row via_grid cols_2 laptops-cols_inherit tablets-cols_inherit mobiles-cols_1 valign_middle type_default stacking_default\" style=\"--columns-gap:0rem;\"><div class=\"wpb_column vc_column_container us_custom_ff837323\"><div class=\"vc_column-inner\"><div class=\"wpb_text_column\"><div class=\"wpb_wrapper\"><h3>Wie funktioniert ein Gasbackofen?<\/h3>\n<p>F\u00fcr den Betrieb des Backofens wird Erdgas aus der Gasanlage verwendet. Der Backofen hat einen sogenannten Gasflammenring im Inneren der Kammer, der sich oben und unten befindet. Dadurch k\u00f6nnen Sie je nach Bedarf zwischen Ober- und Unterheizung w\u00e4hlen. Die Temperatur in der Backkammer wird mit Hilfe des Thermokreislaufs, einem Gebl\u00e4se auf der R\u00fcckseite des Gasofens, gleichm\u00e4\u00dfig verteilt.<\/p>\n<\/div><\/div><\/div><\/div><div class=\"wpb_column vc_column_container\"><div class=\"vc_column-inner\"><div class=\"w-image has_ratio align_none\"><div class=\"w-image-h\"><div style=\"padding-bottom:75%\"><\/div><img decoding=\"async\" width=\"1024\" height=\"640\" src=\"https:\/\/solgaz.eu\/wp-content\/uploads\/2025\/04\/PiecVis_A-1024x640.jpg\" class=\"attachment-large size-large\" alt=\"\" loading=\"lazy\"><\/div><\/div><\/div><\/div><\/div><\/div><\/section>\n","protected":false},"excerpt":{"rendered":"<p>Einbau-Gasbackofen in einem 60 cm Schrank<\/p>\n<p>Sparsam und modern.<\/p>\n<p>Funktionalit\u00e4t: 67 l, Konvektion, Drehspie\u00df, Teleskopf\u00fchrungen.<\/p>\n","protected":false},"featured_media":45108,"comment_status":"open","ping_status":"closed","template":"","meta":{"_acf_changed":false},"product_cat":[515,516],"product_tag":[],"class_list":{"0":"post-47146","1":"product","2":"type-product","3":"status-publish","4":"has-post-thumbnail","6":"product_cat-einbaubackofen","7":"product_cat-gasofen","9":"first","10":"outofstock","11":"shipping-taxable","12":"purchasable","13":"product-type-simple"},"supplier_id":null,"supplier_sku":"","barcode":null,"atum_controlled":true,"out_stock_date":null,"out_stock_threshold":null,"inheritable":false,"inbound_stock":null,"stock_on_hold":16,"sold_today":0,"sales_last_days":0,"reserved_stock":null,"customer_returns":null,"warehouse_damage":null,"lost_in_post":null,"other_logs":null,"out_stock_days":0,"lost_sales":0,"has_location":false,"update_date":"2026-04-07T00:28:01","atum_locations":[],"atum_stock_status":"outofstock","restock_status":false,"low_stock_amount":"","sales_update_date":"2026-04-07T00:28:01","calc_backorders":null,"acf":[],"_links":{"self":[{"href":"https:\/\/solgaz.eu\/de\/wp-json\/wp\/v2\/product\/47146","targetHints":{"allow":["GET"]}}],"collection":[{"href":"https:\/\/solgaz.eu\/de\/wp-json\/wp\/v2\/product"}],"about":[{"href":"https:\/\/solgaz.eu\/de\/wp-json\/wp\/v2\/types\/product"}],"replies":[{"embeddable":true,"href":"https:\/\/solgaz.eu\/de\/wp-json\/wp\/v2\/comments?post=47146"}],"wp:featuredmedia":[{"embeddable":true,"href":"https:\/\/solgaz.eu\/de\/wp-json\/wp\/v2\/media\/45108"}],"wp:attachment":[{"href":"https:\/\/solgaz.eu\/de\/wp-json\/wp\/v2\/media?parent=47146"}],"wp:term":[{"taxonomy":"product_cat","embeddable":true,"href":"https:\/\/solgaz.eu\/de\/wp-json\/wp\/v2\/product_cat?post=47146"},{"taxonomy":"product_tag","embeddable":true,"href":"https:\/\/solgaz.eu\/de\/wp-json\/wp\/v2\/product_tag?post=47146"}],"curies":[{"name":"wp","href":"https:\/\/api.w.org\/{rel}","templated":true}]}}