{"id":47130,"date":"2025-04-21T14:51:38","date_gmt":"2025-04-21T14:51:38","guid":{"rendered":"https:\/\/dev.solgaz.eu\/produkt\/solgaz-optimex-41-gaskochfeld-unter-glas-zum-einbau\/"},"modified":"2026-03-24T21:58:56","modified_gmt":"2026-03-24T20:58:56","slug":"solgaz-optimex-41-gaskochfeld-unter-glas-zum-einbau","status":"publish","type":"product","link":"https:\/\/solgaz.eu\/de\/produkt\/solgaz-optimex-41-gaskochfeld-unter-glas-zum-einbau\/","title":{"rendered":"Solgaz OPTIMEX 4+1 Gaskochfeld unter Glas zum Einbau"},"content":{"rendered":"<section class=\"l-section wpb_row height_auto\"><div class=\"l-section-h i-cf\"><div class=\"g-cols vc_row via_grid cols_2 laptops-cols_inherit tablets-cols_inherit mobiles-cols_1 valign_middle type_default stacking_default\" style=\"--columns-gap:0rem;\"><div class=\"wpb_column vc_column_container\"><div class=\"vc_column-inner\"><div class=\"w-image has_ratio align_none\"><div class=\"w-image-h\"><div style=\"padding-bottom:75%\"><\/div><img decoding=\"async\" width=\"1024\" height=\"542\" src=\"https:\/\/solgaz.eu\/wp-content\/uploads\/2025\/04\/2022_04_01_solgaz_images_1700x900_sk_v05-1024x542-1.webp\" class=\"attachment-large size-large\" alt=\"\" loading=\"lazy\"><\/div><\/div><\/div><\/div><div class=\"wpb_column vc_column_container us_custom_ff837323\"><div class=\"vc_column-overlay\" style=\"background:var(--color-content-bg-alt)\"><\/div><div class=\"vc_column-inner\"><div class=\"wpb_text_column\"><div class=\"wpb_wrapper\"><h3>Solgaz OPTIMEX Gaskochfeld unter Glas zum Einbau<\/h3>\n<p>Das Keramik-Gaskochfeld OPTIMEX 4+1 ist ein f\u00fcr den Schrankbau konzipiertes Ger\u00e4t. Er ist mit vier Kochzonen und einer Freifl\u00e4che-Zone ausgestattet, die kein Gas verbraucht und zum Erw\u00e4rmen von Speisen genutzt werden kann. Optimex 4+1 ist ein weiteres einzigartiges Produkt unter unseren Gaskochfeldern ohne offene Flamme. Das GPC-Kochfeld zeichnet sich gegen\u00fcber seinem Vorg\u00e4nger durch eine gr\u00f6\u00dfere Keramikoberfl\u00e4che, eine ergonomischere Anordnung der Brenner aus, ist au\u00dferdem 1,5 cm niedriger und mit neuen, eleganteren Abluftgitter ausgestattet.<\/p>\n<\/div><\/div><\/div><\/div><\/div><\/div><\/section><section class=\"l-section wpb_row height_auto\"><div class=\"l-section-h i-cf\"><div class=\"g-cols vc_row via_grid cols_2 laptops-cols_inherit tablets-cols_inherit mobiles-cols_1 valign_middle type_default stacking_default\" style=\"--columns-gap:0rem;\"><div class=\"wpb_column vc_column_container us_custom_ff837323\"><div class=\"vc_column-inner\"><div class=\"wpb_text_column\"><div class=\"wpb_wrapper\"><h3>Solgaz Gaskochfeld 4+1 \u2013 technologische Innovationen bei Gaskochfeldern ohne offene Flammen<\/h3>\n<p>Unter der Keramikoberfl\u00e4che sind katalytische Brenner versteckt. Der Vorteil dieser Technologie ist die geringere Kohlendioxidproduktion im Vergleich zu herk\u00f6mmlichen Gasherden, das Fehlen von Fettablagerungen auf K\u00fcchenger\u00e4ten und die einfache Reinhaltung des Gaskochfelds ohne offene Flammen.<\/p>\n<\/div><\/div><\/div><\/div><div class=\"wpb_column vc_column_container\"><div class=\"vc_column-inner\"><div class=\"w-image has_ratio align_none\"><div class=\"w-image-h\"><div style=\"padding-bottom:75%\"><\/div><img decoding=\"async\" width=\"1024\" height=\"640\" src=\"https:\/\/solgaz.eu\/wp-content\/uploads\/2025\/04\/SolKitch0005-1-1024x640.jpg\" class=\"attachment-large size-large\" alt=\"\" loading=\"lazy\"><\/div><\/div><\/div><\/div><\/div><\/div><\/section><section class=\"l-section wpb_row height_auto\"><div class=\"l-section-h i-cf\"><div class=\"g-cols vc_row via_grid cols_3 laptops-cols_inherit tablets-cols_inherit mobiles-cols_1 valign_top type_boxes stacking_default\" style=\"--columns-gap:0rem;\"><div class=\"wpb_column vc_column_container\"><div class=\"vc_column-inner\"><div class=\"w-image us_custom_c0223bf0 align_none\"><div class=\"w-image-h\"><img decoding=\"async\" width=\"1024\" height=\"1024\" src=\"https:\/\/solgaz.eu\/wp-content\/uploads\/2025\/04\/ikony__5.svg\" class=\"attachment-large size-large\" alt=\"\" loading=\"lazy\"><\/div><\/div><div class=\"wpb_text_column\"><div class=\"wpb_wrapper\"><p><strong>Effizienz<\/strong><\/p>\n<p>Solgaz Gaskochfeld 4+1 Optimex verbraucht bis zu 50% weniger Gas als ein herk\u00f6mmlicher Herd. Das Gas wird katalytisch bei 800 Grad verbrannt. Die Brenner arbeiten zyklisch \u2013 sie schalten das Gas aus, wenn die Oberfl\u00e4che ausreichend erhitzt ist, und schalten es wieder ein, wenn es ben\u00f6tigt wird.<\/p>\n<\/div><\/div><\/div><\/div><div class=\"wpb_column vc_column_container\"><div class=\"vc_column-inner\"><div class=\"w-image us_custom_c0223bf0 align_none\"><div class=\"w-image-h\"><img decoding=\"async\" width=\"1024\" height=\"1024\" src=\"https:\/\/solgaz.eu\/wp-content\/uploads\/2025\/04\/ikony__3.svg\" class=\"attachment-large size-large\" alt=\"\" loading=\"lazy\"><\/div><\/div><div class=\"wpb_text_column\"><div class=\"wpb_wrapper\"><p><strong>Keine Brenner auf dem Kochfeld<\/strong><\/p>\n<p>Solgaz Gaskochfeld 4+1 Optimex bedeutet keine hervorstehenden Roste, Brenner und Gitter. Durch die unter der Keramik versteckten Brenner ist es extrem einfach, das Kochfeld sauber zu halten. Eine glatte Oberfl\u00e4che ohne Ecken und Kanten, in denen sich Schmutz ablagert, ist eine Garantie f\u00fcr ein \u00e4sthetisch ansprechendes Aussehen bei der t\u00e4glichen Nutzung.<\/p>\n<\/div><\/div><\/div><\/div><div class=\"wpb_column vc_column_container\"><div class=\"vc_column-inner\"><div class=\"w-image us_custom_c0223bf0 align_none\"><div class=\"w-image-h\"><img decoding=\"async\" width=\"1024\" height=\"1024\" src=\"https:\/\/solgaz.eu\/wp-content\/uploads\/2025\/04\/ikony__8.svg\" class=\"attachment-large size-large\" alt=\"\" loading=\"lazy\"><\/div><\/div><div class=\"wpb_text_column\"><div class=\"wpb_wrapper\"><p><strong>Sicherheit<\/strong><\/p>\n<p>Das doppelte Sicherheitssystem des Kochfelds sorgt f\u00fcr maximale Sicherheit. Katalytische Brenner, die Gas verbrennen, wandeln die aufgenommene W\u00e4rme in Infrarotstrahlung um. Jeder Brenner ist mit einem individuellen Gasverbrennungssystem ausgestattet. Es gibt keinen Anlass f\u00fcr einen unkontrollierten Gasaustritt. Au\u00dferdem schaltet sich das Ger\u00e4t automatisch aus, wenn etwas auf dem Kochfeld \u00fcberkocht, und gibt ein akustisches Signal.<\/p>\n<\/div><\/div><\/div><\/div><\/div><\/div><\/section><section class=\"l-section wpb_row height_auto\"><div class=\"l-section-h i-cf\"><div class=\"g-cols vc_row via_grid cols_2 laptops-cols_inherit tablets-cols_inherit mobiles-cols_1 valign_middle type_default stacking_default\" style=\"--columns-gap:0rem;\"><div class=\"wpb_column vc_column_container\"><div class=\"vc_column-inner\"><div class=\"w-image has_ratio align_none\"><div class=\"w-image-h\"><div style=\"padding-bottom:75%\"><\/div><img decoding=\"async\" width=\"928\" height=\"530\" src=\"https:\/\/solgaz.eu\/wp-content\/uploads\/2025\/04\/image-5-1.webp\" class=\"attachment-large size-large\" alt=\"\" loading=\"lazy\"><\/div><\/div><\/div><\/div><div class=\"wpb_column vc_column_container us_custom_ff837323\"><div class=\"vc_column-overlay\" style=\"background:var(--color-content-bg-alt)\"><\/div><div class=\"vc_column-inner\"><div class=\"wpb_text_column\"><div class=\"wpb_wrapper\"><h3>Gaskochfeld unter Glas Solgaz 4+1 \u2013 Einsparungen und Sicherheit<\/h3>\n<p>Das Kochen auf einem Optimex 4+1 Gaskochfeld ist eine sehr wirtschaftliche L\u00f6sung. Durch den zyklischen Betrieb, die Nutzung einer Freifl\u00e4che und die katalytische Gasverbrennung spart das Ger\u00e4t bis zu 50% des Gasverbrauchs. Die Freifl\u00e4che nimmt kein Gas auf. Zum Heizen wird Hei\u00dfluft von einem der Betriebsbrenner verwendet. Es ist die perfekte L\u00f6sung zum Aufw\u00e4rmen oder Warmhalten von Fertiggerichten.<\/p>\n<\/div><\/div><\/div><\/div><\/div><\/div><\/section><section class=\"l-section wpb_row height_auto\"><div class=\"l-section-h i-cf\"><div class=\"g-cols vc_row via_grid cols_3 laptops-cols_inherit tablets-cols_inherit mobiles-cols_1 valign_top type_boxes stacking_default\" style=\"--columns-gap:0rem;\"><div class=\"wpb_column vc_column_container\"><div class=\"vc_column-inner\"><div class=\"w-image us_custom_c0223bf0 align_none\"><div class=\"w-image-h\"><img decoding=\"async\" width=\"1024\" height=\"1024\" src=\"https:\/\/solgaz.eu\/wp-content\/uploads\/2025\/04\/ikony__2.svg\" class=\"attachment-large size-large\" alt=\"\" loading=\"lazy\"><\/div><\/div><div class=\"wpb_text_column\"><div class=\"wpb_wrapper\"><p><strong>Freifl\u00e4che<\/strong><\/p>\n<p>Das zus\u00e4tzliche Freifeld wird durch hei\u00dfen Dampf erhitzt und ist ideal zum Erhitzen von Lebensmitteln<\/p>\n<\/div><\/div><\/div><\/div><div class=\"wpb_column vc_column_container\"><div class=\"vc_column-inner\"><div class=\"w-image us_custom_c0223bf0 align_none\"><div class=\"w-image-h\"><img decoding=\"async\" width=\"1024\" height=\"1024\" src=\"https:\/\/solgaz.eu\/wp-content\/uploads\/2025\/04\/ikony__6.svg\" class=\"attachment-large size-large\" alt=\"\" loading=\"lazy\"><\/div><\/div><div class=\"wpb_text_column\"><div class=\"wpb_wrapper\"><p><strong>9 Leistungsstufen<\/strong><\/p>\n<p>Der 9-stufige Schieberegler erm\u00f6glicht es dir, die Leistung des Ger\u00e4ts genau auf das zubereitete Essen abzustimmen<\/p>\n<\/div><\/div><\/div><\/div><div class=\"wpb_column vc_column_container\"><div class=\"vc_column-inner\"><div class=\"w-image us_custom_c0223bf0 align_none\"><div class=\"w-image-h\"><img decoding=\"async\" width=\"1024\" height=\"1024\" src=\"https:\/\/solgaz.eu\/wp-content\/uploads\/2025\/04\/ikony__10.svg\" class=\"attachment-large size-large\" alt=\"\" loading=\"lazy\"><\/div><\/div><div class=\"wpb_text_column\"><div class=\"wpb_wrapper\"><p><strong>Kindersicherung<\/strong><\/p>\n<p>Aus Sicherheitsgr\u00fcnden ist das Kochfeld mit einer Taste ausgestattet, die seine Aktivierung blockiert. Dadurch wird verhindert, dass das Ger\u00e4t versehentlich eingeschaltet wird.<\/p>\n<\/div><\/div><\/div><\/div><\/div><\/div><\/section><section class=\"l-section wpb_row height_auto\"><div class=\"l-section-h i-cf\"><div class=\"g-cols vc_row via_grid cols_2 laptops-cols_inherit tablets-cols_inherit mobiles-cols_1 valign_middle type_default stacking_default\" style=\"--columns-gap:0rem;\"><div class=\"wpb_column vc_column_container us_custom_ff837323\"><div class=\"vc_column-inner\"><div class=\"wpb_text_column\"><div class=\"wpb_wrapper\"><p>Die Sicherheit der Optimex 4+1 Gaskochfelder ohne offene Flamme wird durch Systeme gew\u00e4hrleistet, die die Gaszufuhr und die Verbrennung kontrollieren, sowie durch einen Gasflussschutz und eine Anzeige auf dem Bedienfeld. Das intuitive Touch-Bedienfeld, mit dem das Gas-unter-Glas-Kochfeld ausgestattet ist, erh\u00f6ht den Komfort beim Kochen.  <\/p>\n<p>Das Solgaz Optimex 4+1 \u201eGas-unter-Glas\u201c-Kochfeld ist ein Ger\u00e4t, das die Wirtschaftlichkeit und den Komfort von Gas mit dem idealen Aussehen von Induktionskochfeldern verbindet. Das Glas-Gaskochfeld \u201eGas-unter-Glas\u201c ist eine patentierte L\u00f6sung und wird nur von SOLGAZ hergestellt.<\/p>\n<\/div><\/div><\/div><\/div><div class=\"wpb_column vc_column_container\"><div class=\"vc_column-inner\"><div class=\"w-image has_ratio align_none\"><div class=\"w-image-h\"><div style=\"padding-bottom:75%\"><\/div><img decoding=\"async\" width=\"1024\" height=\"640\" src=\"https:\/\/solgaz.eu\/wp-content\/uploads\/2025\/04\/optimex-41-1024x640.jpg\" class=\"attachment-large size-large\" alt=\"\" loading=\"lazy\"><\/div><\/div><\/div><\/div><\/div><\/div><\/section>\n","protected":false},"excerpt":{"rendered":"<p>Gaskochfeld ohne Flammen, Breite 60 cm <\/p>\n<p>Zus\u00e4tzliches Freifeld, bis zu 50 % geringerer Gasverbrauch, doppelte Sicherheitssysteme.<\/p>\n<p>Funktionalit\u00e4t: Timer, Kindersicherung, Touch-Bedienfeld.<\/p>\n","protected":false},"featured_media":44936,"comment_status":"open","ping_status":"closed","template":"","meta":{"_acf_changed":false},"product_cat":[484,485],"product_tag":[],"class_list":{"0":"post-47130","1":"product","2":"type-product","3":"status-publish","4":"has-post-thumbnail","6":"product_cat-gaskochfelder-ohne-offene-flamme","7":"product_cat-optimex-de","9":"first","10":"instock","11":"shipping-taxable","12":"purchasable","13":"product-type-variable"},"supplier_id":null,"supplier_sku":"","barcode":null,"atum_controlled":true,"out_stock_date":null,"out_stock_threshold":null,"inheritable":false,"inbound_stock":null,"stock_on_hold":44,"sold_today":0,"sales_last_days":0,"reserved_stock":null,"customer_returns":null,"warehouse_damage":null,"lost_in_post":null,"other_logs":null,"out_stock_days":0,"lost_sales":0,"has_location":null,"update_date":"2026-04-07T00:28:14","atum_locations":[],"atum_stock_status":"instock","restock_status":false,"low_stock_amount":"","sales_update_date":"2026-04-07T00:28:14","calc_backorders":null,"acf":[],"_links":{"self":[{"href":"https:\/\/solgaz.eu\/de\/wp-json\/wp\/v2\/product\/47130","targetHints":{"allow":["GET"]}}],"collection":[{"href":"https:\/\/solgaz.eu\/de\/wp-json\/wp\/v2\/product"}],"about":[{"href":"https:\/\/solgaz.eu\/de\/wp-json\/wp\/v2\/types\/product"}],"replies":[{"embeddable":true,"href":"https:\/\/solgaz.eu\/de\/wp-json\/wp\/v2\/comments?post=47130"}],"wp:featuredmedia":[{"embeddable":true,"href":"https:\/\/solgaz.eu\/de\/wp-json\/wp\/v2\/media\/44936"}],"wp:attachment":[{"href":"https:\/\/solgaz.eu\/de\/wp-json\/wp\/v2\/media?parent=47130"}],"wp:term":[{"taxonomy":"product_cat","embeddable":true,"href":"https:\/\/solgaz.eu\/de\/wp-json\/wp\/v2\/product_cat?post=47130"},{"taxonomy":"product_tag","embeddable":true,"href":"https:\/\/solgaz.eu\/de\/wp-json\/wp\/v2\/product_tag?post=47130"}],"curies":[{"name":"wp","href":"https:\/\/api.w.org\/{rel}","templated":true}]}}