{"id":47251,"date":"2025-04-25T15:33:32","date_gmt":"2025-04-25T13:33:32","guid":{"rendered":"https:\/\/dev.solgaz.eu\/b2b\/"},"modified":"2025-05-13T08:23:43","modified_gmt":"2025-05-13T06:23:43","slug":"b2b","status":"publish","type":"page","link":"https:\/\/solgaz.eu\/de\/b2b\/","title":{"rendered":"B2B"},"content":{"rendered":"<section class=\"l-section wpb_row height_auto\"><div class=\"l-section-h i-cf\"><div class=\"g-cols vc_row via_grid cols_1 laptops-cols_inherit tablets-cols_inherit mobiles-cols_1 valign_top type_default stacking_default\"><div class=\"wpb_column vc_column_container\"><div class=\"vc_column-inner\"><nav class=\"g-breadcrumbs us_custom_706c5a45 has_text_color separator_icon align_none\" itemscope itemtype=\"http:\/\/schema.org\/BreadcrumbList\"><div class=\"g-breadcrumbs-item\" itemscope itemprop=\"itemListElement\" itemtype=\"http:\/\/schema.org\/ListItem\"><a itemprop=\"item\" href=\"https:\/\/solgaz.eu\/de\/\"><span itemprop=\"name\">Start<\/span><\/a><meta itemprop=\"position\" content=\"1\"\/><\/div><div class=\"g-breadcrumbs-separator\"><i class=\"far fa-angle-right\"><\/i><\/div><div class=\"g-breadcrumbs-item\">Seiten<\/div><\/nav><\/div><\/div><\/div><\/div><\/section><section class=\"l-section wpb_row height_medium\"><div class=\"l-section-h i-cf\"><div class=\"g-cols vc_row via_grid cols_2 laptops-cols_inherit tablets-cols_inherit mobiles-cols_1 valign_middle type_default reversed stacking_default\"><div class=\"wpb_column vc_column_container\"><div class=\"vc_column-inner\"><div class=\"wpb_text_column\"><div class=\"wpb_wrapper\"><h1>Zusammenarbeit mit SOLGAZ<\/h1>\n<h2>Innovation, auf die Sie z\u00e4hlen k\u00f6nnen<\/h2>\n<p>Wir bei SOLGAZ glauben, dass die besten L\u00f6sungen durch Zusammenarbeit entstehen. Seit Jahren entwickeln wir technologisch fortschrittliche Gasger\u00e4te, die \u00fcberall dort zum Einsatz kommen, wo es auf Komfort, Einsparungen und Zuverl\u00e4ssigkeit ankommt \u2013 unabh\u00e4ngig von den Bedingungen. <\/p>\n<p>Unsere einzigartigen Technologien funktionieren \u00fcberall dort, wo der Einsatz von Erdgas oder Gasflaschen rentabel und sinnvoll ist \u2013 von der modernen K\u00fcche \u00fcber Wohnmobile bis hin zu Yachten.<\/p>\n<\/div><\/div><\/div><\/div><div class=\"wpb_column vc_column_container\"><div class=\"vc_column-inner\"><div class=\"w-image align_none\"><div class=\"w-image-h\"><img decoding=\"async\" width=\"1024\" height=\"640\" src=\"https:\/\/solgaz.eu\/wp-content\/uploads\/2025\/04\/Obszar-kompozycji-12-1024x640.png\" class=\"attachment-large size-large\" alt=\"\" loading=\"lazy\" srcset=\"https:\/\/solgaz.eu\/wp-content\/uploads\/2025\/04\/Obszar-kompozycji-12-1024x640.png 1024w, https:\/\/solgaz.eu\/wp-content\/uploads\/2025\/04\/Obszar-kompozycji-12-300x188.png 300w, https:\/\/solgaz.eu\/wp-content\/uploads\/2025\/04\/Obszar-kompozycji-12-768x480.png 768w, https:\/\/solgaz.eu\/wp-content\/uploads\/2025\/04\/Obszar-kompozycji-12-1536x960.png 1536w, https:\/\/solgaz.eu\/wp-content\/uploads\/2025\/04\/Obszar-kompozycji-12-600x375.png 600w, https:\/\/solgaz.eu\/wp-content\/uploads\/2025\/04\/Obszar-kompozycji-12.png 1920w\" sizes=\"auto, (max-width: 1024px) 100vw, 1024px\"><\/div><\/div><\/div><\/div><\/div><\/div><\/section><section class=\"l-section wpb_row height_medium\"><div class=\"l-section-h i-cf\"><div class=\"g-cols vc_row via_grid cols_2 laptops-cols_inherit tablets-cols_inherit mobiles-cols_1 valign_middle type_default stacking_default\"><div class=\"wpb_column vc_column_container\"><div class=\"vc_column-inner\"><div class=\"w-image align_none\"><div class=\"w-image-h\"><img decoding=\"async\" width=\"1024\" height=\"683\" src=\"https:\/\/solgaz.eu\/wp-content\/uploads\/2025\/05\/ok-1024x683.jpg\" class=\"attachment-large size-large\" alt=\"\" loading=\"lazy\" srcset=\"https:\/\/solgaz.eu\/wp-content\/uploads\/2025\/05\/ok-1024x683.jpg 1024w, https:\/\/solgaz.eu\/wp-content\/uploads\/2025\/05\/ok-300x200.jpg 300w, https:\/\/solgaz.eu\/wp-content\/uploads\/2025\/05\/ok-842x562.jpg 842w, https:\/\/solgaz.eu\/wp-content\/uploads\/2025\/05\/ok.jpg 1600w\" sizes=\"auto, (max-width: 1024px) 100vw, 1024px\"><\/div><\/div><\/div><\/div><div class=\"wpb_column vc_column_container\"><div class=\"vc_column-inner\"><div class=\"wpb_text_column\"><div class=\"wpb_wrapper\"><h2>Wen suchen wir?<\/h2>\n<p>Wir sind st\u00e4ndig auf der Suche nach Partnern f\u00fcr eine langfristige und zufriedenstellende Zusammenarbeit:<\/p>\n<ul>\n<li>Unternehmen, die sich auf den Verkauf von Haushaltsger\u00e4ten spezialisiert haben,<\/li>\n<li>Innenarchitekten und Bauunternehmer (insbesondere K\u00fcche),<\/li>\n<li>Generalunternehmer,<\/li>\n<li>Hersteller und Verk\u00e4ufer von Yachten und Wohnmobilen,<\/li>\n<li>Unternehmen, die sich mit dem Bau von Sommerh\u00e4usern befassen.<\/li>\n<\/ul>\n<\/div><\/div><\/div><\/div><\/div><\/div><\/section><section class=\"l-section wpb_row us_custom_c70c97eb height_medium color_alternate with_img\"><div class=\"l-section-img\" role=\"img\" aria-label=\"Bild\" data-img-width=\"1920\" data-img-height=\"1280\" style=\"background-image: url(https:\/\/solgaz.eu\/wp-content\/uploads\/2025\/04\/wiz_piekarnik_kolor_1-1.jpg);\"><\/div><div class=\"l-section-overlay\" style=\"background:rgba(17,17,17,0.64)\"><\/div><div class=\"l-section-h i-cf\"><div class=\"g-cols vc_row via_grid cols_1 laptops-cols_inherit tablets-cols_inherit mobiles-cols_1 valign_middle type_default stacking_default\"><div class=\"wpb_column vc_column_container us_custom_2c45f91b\"><div class=\"vc_column-inner\"><div class=\"wpb_text_column us_custom_e5c0f122\"><div class=\"wpb_wrapper\"><h2 style=\"text-align: center;\">Sie haben eine eigene Idee?<br \/>Sie suchen einen zuverl\u00e4ssigen Lieferanten?<\/h2>\n<p>Wir laden Sie zur Zusammenarbeit ein. Schreiben Sie uns \u2013 wir besprechen gerne die M\u00f6glichkeiten. <\/p>\n<\/div><\/div><div class=\"w-separator size_small\"><\/div><div class=\"w-btn-wrapper align_center\"><a class=\"w-btn us-btn-style_5 us_custom_09d3e09f icon_atleft\" href=\"mailto:wspolpraca@solgaz.com.pl\"><i class=\"fal fa-envelope\"><\/i><span class=\"w-btn-label\">export@solgaz.com.pl<\/span><\/a><\/div><\/div><\/div><\/div><\/div><\/section><section class=\"l-section wpb_row height_medium\" id=\"third\"><div class=\"l-section-h i-cf\"><div class=\"g-cols vc_row via_grid cols_1 laptops-cols_inherit tablets-cols_inherit mobiles-cols_1 valign_top type_default stacking_default\"><div class=\"wpb_column vc_column_container\"><div class=\"vc_column-inner\"><div class=\"wpb_text_column\"><div class=\"wpb_wrapper\"><h2 style=\"text-align: center;\">Warum lohnt sich eine Zusammenarbeit mit SOLGAZ?<\/h2>\n<\/div><\/div><div class=\"w-separator size_huge\"><\/div><div class=\"g-cols wpb_row via_grid cols_3 laptops-cols_inherit tablets-cols_2 mobiles-cols_1 valign_top type_default stacking_default\" style=\"--columns-gap:4rem;\"><div class=\"wpb_column vc_column_container\"><div class=\"vc_column-inner\"><div class=\"w-iconbox iconpos_top style_default color_primary align_center no_title icontype_img\"><div class=\"w-iconbox-icon\" style=\"font-size:6rem;\"><img loading=\"lazy\" decoding=\"async\" width=\"300\" height=\"278\" src=\"https:\/\/solgaz.eu\/wp-content\/uploads\/2025\/04\/technology-icon-2-1.webp\" class=\"attachment-full size-full\" alt=\"\"><\/div><div class=\"w-iconbox-meta\"><div class=\"w-iconbox-text\"><p><strong>Sofortige Verf\u00fcgbarkeit<\/strong> der Produkte und <strong>kurze Auftragsabwicklungszeiten.<\/strong><\/p>\n<\/div><\/div><\/div><\/div><\/div><div class=\"wpb_column vc_column_container\"><div class=\"vc_column-inner\"><div class=\"w-iconbox iconpos_top style_default color_primary align_center no_title icontype_img\"><div class=\"w-iconbox-icon\" style=\"font-size:6rem;\"><svg xmlns=\"http:\/\/www.w3.org\/2000\/svg\" id=\"Capa_1\" data-name=\"Capa 1\" viewBox=\"0 0 63.5 63.5\" class=\"icon svg  replaced-svg\"><path d=\"M312,426.75a.76.76,0,0,0,.75-.75c0-5.36,4.31-9.25,10.25-9.25h4c5.94,0,10.25,3.89,10.25,9.25a.75.75,0,0,0,1.5,0c0-6.23-4.94-10.75-11.75-10.75h-4c-6.81,0-11.75,4.52-11.75,10.75A.76.76,0,0,0,312,426.75Z\" transform=\"translate(-293.25 -415.25)\" style=\"fill:#eb262b\"><\/path><path d=\"M311.44,432.57a2.76,2.76,0,0,0,3.57,1.27,25.63,25.63,0,0,1,10-2.09A28.83,28.83,0,0,1,335.05,434a2.73,2.73,0,0,0,3.47-1.32l1.15-2.3a.75.75,0,0,0-1.34-.68L337.17,432a1.22,1.22,0,0,1-1.56.6A30.14,30.14,0,0,0,325,430.25a26.76,26.76,0,0,0-10.59,2.22,1.25,1.25,0,0,1-1.62-.58l-1.12-2.22a.75.75,0,0,0-1-.34.74.74,0,0,0-.33,1Z\" transform=\"translate(-293.25 -415.25)\" style=\"fill:#eb262b\"><\/path><path d=\"M325,425.25c-1.54,0-7.85,1-8.11,1a.75.75,0,0,0,.22,1.48c1.8-.27,6.71-1,7.89-1s6.09.72,7.89,1H333a.75.75,0,0,0,.11-1.49C332.85,426.22,326.54,425.25,325,425.25Z\" transform=\"translate(-293.25 -415.25)\" style=\"fill:#eb262b\"><\/path><path d=\"M307,457.75a.92.92,0,0,0,.28-.05l8.12-3.25c2.22,3.81,4.92,5.3,9.6,5.3s7.37-1.49,9.6-5.3l8.12,3.25a.92.92,0,0,0,.28.05.75.75,0,0,0,.28-1.45l-10-4a24.54,24.54,0,0,1,.43-4.16,12.24,12.24,0,0,0,3.28-5.83,38.3,38.3,0,0,0,.74-5.27.76.76,0,0,0-.7-.8.77.77,0,0,0-.8.7,36.73,36.73,0,0,1-.7,5,10.87,10.87,0,0,1-21.11,0,37.75,37.75,0,0,1-.69-5,.77.77,0,0,0-.8-.7.76.76,0,0,0-.7.8,39.32,39.32,0,0,0,.73,5.27,12.29,12.29,0,0,0,3.3,5.86s0,0,0,.07a12.28,12.28,0,0,1,.58,4,.77.77,0,0,0-.15,0l-10,4a.75.75,0,0,0,.28,1.45Zm25-8.15c-.21,1.69-.36,4.14.28,5.6-1.74,2.18-3.86,3.05-7.27,3.05s-5.54-.87-7.27-3.05a9.65,9.65,0,0,0,.46-5.47,12.46,12.46,0,0,0,13.8-.13Z\" transform=\"translate(-293.25 -415.25)\" style=\"fill:#eb262b\"><\/path><path d=\"M356,472.25h-5.69l-1.56-1.56v-3.38l1.56-1.56H356a.76.76,0,0,0,.64-.36.73.73,0,0,0,0-.73,9.91,9.91,0,0,0-8.67-5.41,9.76,9.76,0,0,0-8.59,5.14.75.75,0,0,0-.41-.14H311a.75.75,0,0,0-.41.14,9.76,9.76,0,0,0-8.59-5.14,9.91,9.91,0,0,0-8.67,5.41.73.73,0,0,0,0,.73.76.76,0,0,0,.64.36h6.69l1.56,1.56v3.38l-1.56,1.56H294a.77.77,0,0,0-.61.31.75.75,0,0,0-.1.68c1.06,3.19,4.73,5.51,8.71,5.51a9.76,9.76,0,0,0,8.59-5.14.75.75,0,0,0,.41.14h28a.75.75,0,0,0,.41-.14,9.76,9.76,0,0,0,8.59,5.14c4,0,7.65-2.32,8.71-5.51a.75.75,0,0,0-.1-.68A.77.77,0,0,0,356,472.25Zm-8,5a8.26,8.26,0,0,1-7.78-5.5.75.75,0,0,0-1-.45.74.74,0,0,0-.45.95H311.19a.75.75,0,1,0-1.41-.5,8.26,8.26,0,0,1-7.78,5.5,8,8,0,0,1-6.84-3.5H301a.75.75,0,0,0,.53-.22l2-2a.75.75,0,0,0,.22-.53v-4a.75.75,0,0,0-.22-.53l-2-2a.75.75,0,0,0-.53-.22h-5.66a8.18,8.18,0,0,1,14.44,2,.75.75,0,0,0,1,.45.74.74,0,0,0,.45-.95h27.62a.75.75,0,1,0,1.41.5,8.18,8.18,0,0,1,14.44-2H350a.75.75,0,0,0-.53.22l-2,2a.75.75,0,0,0-.22.53v4a.75.75,0,0,0,.22.53l2,2a.75.75,0,0,0,.53.22h4.83A8.11,8.11,0,0,1,348,477.25Z\" transform=\"translate(-293.25 -415.25)\" style=\"fill:#eb262b\"><\/path><\/svg><\/div><div class=\"w-iconbox-meta\"><div class=\"w-iconbox-text\"><p><strong>Professionelle Unterst\u00fctzung<\/strong> in jeder Phase der Auftragsabwicklung. Betreuung durch einen engagierten Mitarbeiter. Produkt und technische <strong>Schulung.<\/strong> <\/p>\n<\/div><\/div><\/div><\/div><\/div><div class=\"wpb_column vc_column_container\"><div class=\"vc_column-inner\"><div class=\"w-iconbox iconpos_top style_default color_primary align_center no_title icontype_img\"><div class=\"w-iconbox-icon\" style=\"font-size:6rem;\"><svg xmlns=\"http:\/\/www.w3.org\/2000\/svg\" id=\"Capa_1\" data-name=\"Capa 1\" viewBox=\"0 0 24.17 24.17\" class=\"icon svg  replaced-svg\"><g id=\"portfolio\"><path d=\"M77,17.48H55.54a1.37,1.37,0,0,0-1.37,1.37v7.69a1.42,1.42,0,0,0,1.3,1.36l1.64.32c1.85.36,4.12.8,6.12,1.08V29a2.73,2.73,0,0,1,.05-.5c-2-.27-4.2-.71-6-1.06l-1.66-.32c-.11,0-.68-.15-.68-.62V18.85a.62.62,0,0,1,.62-.62H77a.62.62,0,0,1,.62.62v7.69c0,.43-.49.58-.7.62-1.28.28-4.76,1-7.66,1.39a2.63,2.63,0,0,1,0,.49v.27c3-.39,6.47-1.13,7.77-1.41a1.43,1.43,0,0,0,1.29-1.36V18.85A1.37,1.37,0,0,0,77,17.48Z\" transform=\"translate(-54.17 -13.32)\" style=\"fill:#eb262b\"><\/path><path d=\"M66.77,31.45h-1a1.38,1.38,0,0,1-1.37-1.37V28.29a1.37,1.37,0,0,1,1.37-1.37h1a1.37,1.37,0,0,1,1.37,1.37v1.79A1.38,1.38,0,0,1,66.77,31.45Zm-1-3.78a.61.61,0,0,0-.61.62v1.79a.61.61,0,0,0,.61.61h1a.61.61,0,0,0,.61-.61V28.29a.61.61,0,0,0-.61-.62Z\" transform=\"translate(-54.17 -13.32)\" style=\"fill:#eb262b\"><\/path><path d=\"M61.34,15.38a8.27,8.27,0,0,1,4.91-1.3,8.27,8.27,0,0,1,4.91,1.3v1h.75V15.21a.39.39,0,0,0-.11-.27c-1-1-3.18-1.62-5.55-1.62s-4.5.62-5.55,1.62a.39.39,0,0,0-.11.27v1.14h.75Z\" transform=\"translate(-54.17 -13.32)\" style=\"fill:#eb262b\"><\/path><path d=\"M76.82,29.11v7a.61.61,0,0,1-.61.62H56.29a.61.61,0,0,1-.61-.62v-7L55.26,29l-.34-.09v7.19a1.37,1.37,0,0,0,1.37,1.37H76.21a1.37,1.37,0,0,0,1.37-1.37v-7.2a2.63,2.63,0,0,1-.3.09Z\" transform=\"translate(-54.17 -13.32)\" style=\"fill:#eb262b\"><\/path><\/g><\/svg><\/div><div class=\"w-iconbox-meta\"><div class=\"w-iconbox-text\"><p>Gute Kooperationsbedingungen, attraktive <strong>Rabatte <\/strong>und <strong>Marketingunterst\u00fctzung<\/strong>.<\/p>\n<\/div><\/div><\/div><\/div><\/div><\/div><\/div><\/div><\/div><\/div><\/section><section class=\"l-section wpb_row height_medium\"><div class=\"l-section-h i-cf\"><div class=\"g-cols vc_row via_grid cols_1 laptops-cols_inherit tablets-cols_inherit mobiles-cols_1 valign_top type_default stacking_default\"><div class=\"wpb_column vc_column_container\"><div class=\"vc_column-inner\"><section class=\"l-section wpb_row us_custom_e491ad69 height_medium\"><div class=\"l-section-h i-cf\"><div class=\"g-cols vc_row via_grid cols_1 laptops-cols_inherit tablets-cols_inherit mobiles-cols_1 valign_middle type_default stacking_default\"><div class=\"wpb_column vc_column_container\"><div class=\"vc_column-inner\"><div class=\"wpb_text_column\"><div class=\"wpb_wrapper\"><h2 style=\"text-align: center;\">Sie haben uns gesch\u00e4tzt<\/h2>\n<\/div><\/div><div class=\"w-separator size_medium\"><\/div><div class=\"g-cols wpb_row via_grid cols_3 laptops-cols_inherit tablets-cols_inherit mobiles-cols_1 valign_top type_default stacking_default\" style=\"--columns-gap:3rem;\"><div class=\"wpb_column vc_column_container\"><div class=\"vc_column-inner\"><div class=\"w-image us_custom_ca4e7b5f has_height align_center\"><div class=\"w-image-h\"><img decoding=\"async\" width=\"545\" height=\"200\" src=\"https:\/\/solgaz.eu\/wp-content\/uploads\/2025\/04\/logos-1-1.webp\" class=\"attachment-full size-full\" alt=\"\" loading=\"lazy\" srcset=\"https:\/\/solgaz.eu\/wp-content\/uploads\/2025\/04\/logos-1-1.webp 545w, https:\/\/solgaz.eu\/wp-content\/uploads\/2025\/04\/logos-1-1-300x110.webp 300w\" sizes=\"auto, (max-width: 545px) 100vw, 545px\"><\/div><\/div><\/div><\/div><div class=\"wpb_column vc_column_container\"><div class=\"vc_column-inner\"><div class=\"w-image us_custom_ca4e7b5f has_height align_center\"><div class=\"w-image-h\"><img decoding=\"async\" width=\"378\" height=\"200\" src=\"https:\/\/solgaz.eu\/wp-content\/uploads\/2025\/04\/logos-2-1.webp\" class=\"attachment-full size-full\" alt=\"\" loading=\"lazy\" srcset=\"https:\/\/solgaz.eu\/wp-content\/uploads\/2025\/04\/logos-2-1.webp 378w, https:\/\/solgaz.eu\/wp-content\/uploads\/2025\/04\/logos-2-1-300x159.webp 300w\" sizes=\"auto, (max-width: 378px) 100vw, 378px\"><\/div><\/div><\/div><\/div><div class=\"wpb_column vc_column_container\"><div class=\"vc_column-inner\"><div class=\"w-image us_custom_ca4e7b5f has_height align_center\"><div class=\"w-image-h\"><img decoding=\"async\" width=\"470\" height=\"200\" src=\"https:\/\/solgaz.eu\/wp-content\/uploads\/2025\/04\/logos-3-1.webp\" class=\"attachment-full size-full\" alt=\"\" loading=\"lazy\" srcset=\"https:\/\/solgaz.eu\/wp-content\/uploads\/2025\/04\/logos-3-1.webp 470w, https:\/\/solgaz.eu\/wp-content\/uploads\/2025\/04\/logos-3-1-300x128.webp 300w\" sizes=\"auto, (max-width: 470px) 100vw, 470px\"><\/div><\/div><\/div><\/div><\/div><\/div><\/div><\/div><\/div><\/section><section class=\"l-section wpb_row us_custom_e491ad69 height_medium\"><div class=\"l-section-h i-cf\"><div class=\"g-cols vc_row via_grid cols_1 laptops-cols_inherit tablets-cols_inherit mobiles-cols_1 valign_middle type_default stacking_default\"><div class=\"wpb_column vc_column_container\"><div class=\"vc_column-inner\"><div class=\"wpb_text_column\"><div class=\"wpb_wrapper\"><h2 style=\"text-align: center;\">Sie schreiben \u00fcber uns <\/h2>\n<\/div><\/div><div class=\"w-separator size_medium\"><\/div><div class=\"g-cols wpb_row via_grid cols_3 laptops-cols_inherit tablets-cols_inherit mobiles-cols_1 valign_top type_default stacking_default\" style=\"--columns-gap:3rem;\"><div class=\"wpb_column vc_column_container\"><div class=\"vc_column-inner\"><div class=\"w-image us_custom_2515fe1d has_height align_center\"><div class=\"w-image-h\"><img decoding=\"async\" width=\"469\" height=\"150\" src=\"https:\/\/solgaz.eu\/wp-content\/uploads\/2025\/04\/logos-4-1.webp\" class=\"attachment-full size-full\" alt=\"\" loading=\"lazy\" srcset=\"https:\/\/solgaz.eu\/wp-content\/uploads\/2025\/04\/logos-4-1.webp 469w, https:\/\/solgaz.eu\/wp-content\/uploads\/2025\/04\/logos-4-1-300x96.webp 300w\" sizes=\"auto, (max-width: 469px) 100vw, 469px\"><\/div><\/div><div class=\"w-separator size_small\"><\/div><div class=\"wpb_text_column\"><div class=\"wpb_wrapper\"><p style=\"text-align: center;\">\u201eElemente der K\u00fcche der Zukunft\u201c<\/p>\n<\/div><\/div><\/div><\/div><div class=\"wpb_column vc_column_container\"><div class=\"vc_column-inner\"><div class=\"w-image us_custom_2515fe1d has_height align_center\"><div class=\"w-image-h\"><img decoding=\"async\" width=\"397\" height=\"150\" src=\"https:\/\/solgaz.eu\/wp-content\/uploads\/2025\/04\/logos-5-1.webp\" class=\"attachment-full size-full\" alt=\"\" loading=\"lazy\" srcset=\"https:\/\/solgaz.eu\/wp-content\/uploads\/2025\/04\/logos-5-1.webp 397w, https:\/\/solgaz.eu\/wp-content\/uploads\/2025\/04\/logos-5-1-300x113.webp 300w\" sizes=\"auto, (max-width: 397px) 100vw, 397px\"><\/div><\/div><div class=\"w-separator size_small\"><\/div><div class=\"wpb_text_column\"><div class=\"wpb_wrapper\"><p>\u201eAn der Wand montiert, wirkt die Haube wie aus dem Weltall.\u201c<\/p>\n<\/div><\/div><\/div><\/div><div class=\"wpb_column vc_column_container\"><div class=\"vc_column-inner\"><div class=\"w-image us_custom_2515fe1d has_height align_center\"><div class=\"w-image-h\"><img decoding=\"async\" width=\"609\" height=\"150\" src=\"https:\/\/solgaz.eu\/wp-content\/uploads\/2025\/04\/logos-6-1.webp\" class=\"attachment-full size-full\" alt=\"\" loading=\"lazy\" srcset=\"https:\/\/solgaz.eu\/wp-content\/uploads\/2025\/04\/logos-6-1.webp 609w, https:\/\/solgaz.eu\/wp-content\/uploads\/2025\/04\/logos-6-1-300x74.webp 300w\" sizes=\"auto, (max-width: 609px) 100vw, 609px\"><\/div><\/div><div class=\"w-separator size_small\"><\/div><div class=\"wpb_text_column\"><div class=\"wpb_wrapper\"><div class=\"col-sm-6 col-lg-4\">\n<div class=\"vc_column-inner\">\n<div class=\"wpb_wrapper\">\n<div class=\"icon-and-text__wrap\">\n<div class=\"content__wrapper\">\n<p style=\"text-align: center;\">\u201eWir m\u00fcssen nicht l\u00e4nger ausl\u00e4ndische L\u00f6sungen und Patente anderer kopieren, um erfolgreich zu sein.\u201c<\/p>\n<\/div>\n<\/div>\n<div class=\"module-divider js-divider\" data-dheight=\"0\" data-theight=\"40\" data-mheight=\"40\"> <\/div>\n<\/div>\n<\/div>\n<\/div>\n<div class=\"col-sm-12\">\n<div class=\"vc_column-inner\">\n<div class=\"wpb_wrapper\"> <\/div>\n<\/div>\n<\/div>\n<\/div><\/div><\/div><\/div><\/div><\/div><\/div><\/div><\/div><\/section>\n<\/div><\/div><\/div><\/div><\/section>\n","protected":false},"excerpt":{"rendered":"","protected":false},"author":1,"featured_media":0,"parent":0,"menu_order":0,"comment_status":"closed","ping_status":"closed","template":"","meta":{"_acf_changed":false,"footnotes":""},"class_list":["post-47251","page","type-page","status-publish","hentry"],"acf":[],"_links":{"self":[{"href":"https:\/\/solgaz.eu\/de\/wp-json\/wp\/v2\/pages\/47251","targetHints":{"allow":["GET"]}}],"collection":[{"href":"https:\/\/solgaz.eu\/de\/wp-json\/wp\/v2\/pages"}],"about":[{"href":"https:\/\/solgaz.eu\/de\/wp-json\/wp\/v2\/types\/page"}],"author":[{"embeddable":true,"href":"https:\/\/solgaz.eu\/de\/wp-json\/wp\/v2\/users\/1"}],"replies":[{"embeddable":true,"href":"https:\/\/solgaz.eu\/de\/wp-json\/wp\/v2\/comments?post=47251"}],"version-history":[{"count":2,"href":"https:\/\/solgaz.eu\/de\/wp-json\/wp\/v2\/pages\/47251\/revisions"}],"predecessor-version":[{"id":47253,"href":"https:\/\/solgaz.eu\/de\/wp-json\/wp\/v2\/pages\/47251\/revisions\/47253"}],"wp:attachment":[{"href":"https:\/\/solgaz.eu\/de\/wp-json\/wp\/v2\/media?parent=47251"}],"curies":[{"name":"wp","href":"https:\/\/api.w.org\/{rel}","templated":true}]}}