{"id":47245,"date":"2025-05-12T20:19:00","date_gmt":"2025-05-12T18:19:00","guid":{"rendered":"https:\/\/dev.solgaz.eu\/die-gas-unter-glas-technologie\/"},"modified":"2025-05-13T08:11:09","modified_gmt":"2025-05-13T06:11:09","slug":"die-gas-unter-glas-technologie","status":"publish","type":"page","link":"https:\/\/solgaz.eu\/de\/die-gas-unter-glas-technologie\/","title":{"rendered":"Die \u201eGas-unter-Glas\u201c-Technologie"},"content":{"rendered":"<section class=\"l-section wpb_row height_auto\"><div class=\"l-section-h i-cf\"><div class=\"g-cols vc_row via_grid cols_1 laptops-cols_inherit tablets-cols_inherit mobiles-cols_1 valign_top type_default stacking_default\"><div class=\"wpb_column vc_column_container\"><div class=\"vc_column-inner\"><nav class=\"g-breadcrumbs us_custom_706c5a45 has_text_color separator_icon align_none\" itemscope itemtype=\"http:\/\/schema.org\/BreadcrumbList\"><div class=\"g-breadcrumbs-item\" itemscope itemprop=\"itemListElement\" itemtype=\"http:\/\/schema.org\/ListItem\"><a itemprop=\"item\" href=\"https:\/\/solgaz.eu\/de\/\"><span itemprop=\"name\">Start<\/span><\/a><meta itemprop=\"position\" content=\"1\"\/><\/div><div class=\"g-breadcrumbs-separator\"><i class=\"far fa-angle-right\"><\/i><\/div><div class=\"g-breadcrumbs-item\">Seiten<\/div><\/nav><\/div><\/div><\/div><\/div><\/section><section class=\"l-section wpb_row height_medium\"><div class=\"l-section-h i-cf\"><div class=\"g-cols vc_row via_grid cols_2-3 laptops-cols_2 tablets-cols_inherit mobiles-cols_1 valign_middle type_default stacking_default\" style=\"--columns-gap:5%;\"><div class=\"wpb_column vc_column_container\"><div class=\"vc_column-inner\"><div class=\"wpb_text_column\"><div class=\"wpb_wrapper\"><h1>Gas-unter-Glas-Kochfelder zum Einbau<\/h1>\n<p>Unsere Gaskochfelder ohne offene Flamme kombinieren das moderne Aussehen von Induktionskochfeldern mit der bekannten und gesch\u00e4tzten Technologie von Gaskochfeldern. So entsteht ein innovatives, stilvolles Ger\u00e4t, das nicht nur gut in deiner K\u00fcche aussieht, sondern auch Energie spart und es dir erm\u00f6glicht, auf h\u00f6chstem Niveau zu kochen. <\/p>\n<p>Die wichtigsten Vorteile des Kochfelds, unter dem die Brenner versteckt sind, sind:<\/p>\n<ul>\n<li>leicht sauber zu halten,<\/li>\n<li>elegantes Design,<\/li>\n<li>sowie Freifl\u00e4chen, die durch hei\u00dfe D\u00e4mpfe erhitzt werden.<\/li>\n<\/ul>\n<p>Die unter Glas verborgenen, mit Touch-Bedienung ausgestatteten Gasbrenner verbrauchen bis zu 50% weniger Gas und sind gegen m\u00f6gliche Gaslecks abgedichtet, was nicht nur Energieeinsparungen, sondern auch ein unsch\u00e4tzbares Sicherheitsgef\u00fchl garantiert. <\/p>\n<\/div><\/div><div class=\"w-separator size_small\"><\/div><div class=\"w-btn-wrapper align_none\"><a class=\"w-btn us-btn-style_6 icon_atright\" href=\"#\"><span class=\"w-btn-label\">Unsere Produkte ansehen<\/span><i class=\"fal fa-arrow-right\"><\/i><\/a><\/div><\/div><\/div><div class=\"wpb_column vc_column_container\"><div class=\"vc_column-inner\"><div class=\"w-image align_none\"><div class=\"w-image-h\"><img decoding=\"async\" width=\"1024\" height=\"640\" src=\"https:\/\/solgaz.eu\/wp-content\/uploads\/2025\/04\/PURE_NOVA_7-2-1024x640.png\" class=\"attachment-large size-large\" alt=\"\" loading=\"lazy\" srcset=\"https:\/\/solgaz.eu\/wp-content\/uploads\/2025\/04\/PURE_NOVA_7-2-1024x640.png 1024w, https:\/\/solgaz.eu\/wp-content\/uploads\/2025\/04\/PURE_NOVA_7-2-300x188.png 300w, https:\/\/solgaz.eu\/wp-content\/uploads\/2025\/04\/PURE_NOVA_7-2-768x480.png 768w, https:\/\/solgaz.eu\/wp-content\/uploads\/2025\/04\/PURE_NOVA_7-2-1536x960.png 1536w, https:\/\/solgaz.eu\/wp-content\/uploads\/2025\/04\/PURE_NOVA_7-2-600x375.png 600w, https:\/\/solgaz.eu\/wp-content\/uploads\/2025\/04\/PURE_NOVA_7-2.png 1920w\" sizes=\"auto, (max-width: 1024px) 100vw, 1024px\"><\/div><\/div><\/div><\/div><\/div><\/div><\/section><section class=\"l-section wpb_row height_medium\"><div class=\"l-section-h i-cf\"><div class=\"g-cols vc_row via_grid cols_3 laptops-cols_inherit tablets-cols_inherit mobiles-cols_1 valign_top type_default stacking_default\"><div class=\"wpb_column vc_column_container\"><div class=\"vc_column-inner\"><div class=\"w-iconbox iconpos_top style_default color_primary align_center no_title icontype_img\"><div class=\"w-iconbox-icon\" style=\"font-size:6rem;\"><img loading=\"lazy\" decoding=\"async\" width=\"393\" height=\"364\" src=\"https:\/\/solgaz.eu\/wp-content\/uploads\/2025\/04\/2022_03_24_solgaz_ikona-20lat_sk_v01.webp\" class=\"attachment-full size-full\" alt=\"\" srcset=\"https:\/\/solgaz.eu\/wp-content\/uploads\/2025\/04\/2022_03_24_solgaz_ikona-20lat_sk_v01.webp 393w, https:\/\/solgaz.eu\/wp-content\/uploads\/2025\/04\/2022_03_24_solgaz_ikona-20lat_sk_v01-300x278.webp 300w\" sizes=\"auto, (max-width: 393px) 100vw, 393px\"><\/div><div class=\"w-iconbox-meta\"><div class=\"w-iconbox-text\"><p> Wir sind seit <strong>\u00fcber 20 Jahren<\/strong> auf dem Markt t\u00e4tig und die von uns hergestellten Produkte wurden in Polen entwickelt und patentiert, was die Einzigartigkeit der f\u00fcr diesen Zweck verwendeten L\u00f6sungen gew\u00e4hrleistet.<\/p>\n<\/div><\/div><\/div><\/div><\/div><div class=\"wpb_column vc_column_container\"><div class=\"vc_column-inner\"><div class=\"w-iconbox iconpos_top style_default color_primary align_center no_title icontype_img\"><div class=\"w-iconbox-icon\" style=\"font-size:6rem;\"><img loading=\"lazy\" decoding=\"async\" width=\"300\" height=\"278\" src=\"https:\/\/solgaz.eu\/wp-content\/uploads\/2025\/05\/technology-icon-2-1-1.webp\" class=\"attachment-full size-full\" alt=\"\"><\/div><div class=\"w-iconbox-meta\"><div class=\"w-iconbox-text\"><p>Wir verbinden das <strong>moderne Design<\/strong> von Induktionskochfeldern mit <strong>der Funktionalit\u00e4t<\/strong> von Gaskochfeldern. Hochwertige Materialien sorgen f\u00fcr Langlebigkeit und einzigartigen Komfort. <\/p>\n<\/div><\/div><\/div><\/div><\/div><div class=\"wpb_column vc_column_container\"><div class=\"vc_column-inner\"><div class=\"w-iconbox iconpos_top style_default color_primary align_center no_title icontype_img\"><div class=\"w-iconbox-icon\" style=\"font-size:6rem;\"><img loading=\"lazy\" decoding=\"async\" width=\"300\" height=\"278\" src=\"https:\/\/solgaz.eu\/wp-content\/uploads\/2025\/05\/technology-icon-3-1.webp\" class=\"attachment-full size-full\" alt=\"\"><\/div><div class=\"w-iconbox-meta\"><div class=\"w-iconbox-text\"><p>Die \u201eGas-unter-Glas\u201c-Technologie verhindert <strong>angebrannte T\u00f6pfe und fettige Ablagerungen<\/strong>, ohne auf die M\u00f6glichkeit zu verzichten, auf h\u00f6chstem Niveau zu kochen.<\/p>\n<\/div><\/div><\/div><\/div><\/div><\/div><\/div><\/section><section class=\"l-section wpb_row height_medium\"><div class=\"l-section-h i-cf\"><div class=\"g-cols vc_row via_grid cols_3 laptops-cols_inherit tablets-cols_inherit mobiles-cols_1 valign_top type_default stacking_default\"><div class=\"wpb_column vc_column_container\"><div class=\"vc_column-inner\"><div class=\"w-iconbox iconpos_top style_default color_primary align_center no_title icontype_img\"><div class=\"w-iconbox-icon\" style=\"font-size:6rem;\"><img loading=\"lazy\" decoding=\"async\" width=\"300\" height=\"278\" src=\"https:\/\/solgaz.eu\/wp-content\/uploads\/2025\/05\/technology-icon-4-1.webp\" class=\"attachment-full size-full\" alt=\"\"><\/div><div class=\"w-iconbox-meta\"><div class=\"w-iconbox-text\"><p>Dank der katalytischen Verbrennung bei 800 Grad und dem zyklischen Betrieb der Brenner <strong>reduziert unser Kochfeld den Gasverbrauch um bis zu 50%<\/strong>.<\/p>\n<\/div><\/div><\/div><\/div><\/div><div class=\"wpb_column vc_column_container\"><div class=\"vc_column-inner\"><div class=\"w-iconbox iconpos_top style_default color_primary align_center no_title icontype_img\"><div class=\"w-iconbox-icon\" style=\"font-size:6rem;\"><img loading=\"lazy\" decoding=\"async\" width=\"300\" height=\"278\" src=\"https:\/\/solgaz.eu\/wp-content\/uploads\/2025\/05\/technology-icon-5-1.webp\" class=\"attachment-full size-full\" alt=\"\"><\/div><div class=\"w-iconbox-meta\"><div class=\"w-iconbox-text\"><p>Durch die einzigartige Anordnung der Brenner k\u00f6nnen zus\u00e4tzliche <strong>Freif\u00e4cher <\/strong>nur mit hei\u00dfen D\u00e4mpfen beheizt werden.<\/p>\n<\/div><\/div><\/div><\/div><\/div><div class=\"wpb_column vc_column_container\"><div class=\"vc_column-inner\"><div class=\"w-iconbox iconpos_top style_default color_primary align_center no_title icontype_img\"><div class=\"w-iconbox-icon\" style=\"font-size:6rem;\"><img loading=\"lazy\" decoding=\"async\" width=\"300\" height=\"278\" src=\"https:\/\/solgaz.eu\/wp-content\/uploads\/2025\/05\/technology-icon-6-1.webp\" class=\"attachment-full size-full\" alt=\"\"><\/div><div class=\"w-iconbox-meta\"><div class=\"w-iconbox-text\"><p>Durch spezielle Sonden wird der Verbrennungsprozess des Gases st\u00e4ndig \u00fcberwacht, was f\u00fcr <strong>absoluten Komfort und ein Gef\u00fchl der Sicherheit sorgt.<\/strong><\/p>\n<\/div><\/div><\/div><\/div><\/div><\/div><\/div><\/section><section class=\"l-section wpb_row height_medium width_custom\" style=\"--site-content-width:1000px;\"><div class=\"l-section-h i-cf\"><div class=\"g-cols vc_row via_grid cols_2 laptops-cols_inherit tablets-cols_inherit mobiles-cols_1 valign_top type_default stacking_default\"><div class=\"wpb_column vc_column_container\"><div class=\"vc_column-inner\"><div class=\"w-iconbox iconpos_top style_default color_primary align_center no_title icontype_img\"><div class=\"w-iconbox-icon\" style=\"font-size:6rem;\"><img loading=\"lazy\" decoding=\"async\" width=\"300\" height=\"278\" src=\"https:\/\/solgaz.eu\/wp-content\/uploads\/2025\/05\/technology-icon-7-1.webp\" class=\"attachment-full size-full\" alt=\"\"><\/div><div class=\"w-iconbox-meta\"><div class=\"w-iconbox-text\"><p>Systeme wie <strong>der Timer, die Zeitschaltuhr und die Kindersicherung<\/strong> sorgen daf\u00fcr, dass der Herd nur dann in Betrieb ist, wenn Sie ihn brauchen, ohne dass du Ihnen Sorgen machen musst, ihn versehentlich in Gang zu setzen.<\/p>\n<\/div><\/div><\/div><\/div><\/div><div class=\"wpb_column vc_column_container\"><div class=\"vc_column-inner\"><div class=\"w-iconbox iconpos_top style_default color_primary align_center no_title icontype_img\"><div class=\"w-iconbox-icon\" style=\"font-size:6rem;\"><img loading=\"lazy\" decoding=\"async\" width=\"300\" height=\"278\" src=\"https:\/\/solgaz.eu\/wp-content\/uploads\/2025\/05\/technology-icon-8-1.webp\" class=\"attachment-full size-full\" alt=\"\"><\/div><div class=\"w-iconbox-meta\"><div class=\"w-iconbox-text\"><p>Unsere Kochfelder <strong>ben\u00f6tigen kein spezielles Kochgeschirr<\/strong>, sodass Sie die Modernit\u00e4t genie\u00dfen k\u00f6nnen, ohne Ihren Lieblingssortiment ersetzen zu m\u00fcssen.<\/p>\n<\/div><\/div><\/div><\/div><\/div><\/div><\/div><\/section><section class=\"l-section wpb_row height_medium\"><div class=\"l-section-h i-cf\"><div class=\"g-cols vc_row via_grid cols_2 laptops-cols_inherit tablets-cols_inherit mobiles-cols_1 valign_top type_boxes stacking_default\" style=\"--columns-gap:0rem;\"><div class=\"wpb_column vc_column_container us_custom_8b3d6790 has_text_color\"><div class=\"vc_column-overlay\" style=\"background:var(--color-chrome-toolbar)\"><\/div><div class=\"vc_column-inner\"><div class=\"w-separator size_medium\"><\/div><div class=\"wpb_text_column\"><div class=\"wpb_wrapper\"><h3>Mehr \u00fcber die Technologie<\/h3>\n<p>Die patentierte Technologie der Gas-unter-Glas-Kochfelder wird von SOLGAZ st\u00e4ndig weiterentwickelt. Bisher hat noch kein Ger\u00e4tehersteller eine so innovative L\u00f6sung auf den Markt gebracht, die es den Kunden erm\u00f6glicht, den Komfort des Gaskochens und die \u00c4sthetik der K\u00fcche mit Induktionskochfeldern zu verbinden. In der neuesten, bereits 2. Generation der Gaskochfelder ohne offene Flamme haben wir Gl\u00fchf\u00e4den verwendet. Diese L\u00f6sung ist weltweit einzigartig.   <\/p>\n<p>Es werden laufend Forschungs- und Entwicklungsarbeiten an neuen Generationen durchgef\u00fchrt. Entwicklung und Technologie sind in der DNA von SOLGAZ verankert. <\/p>\n<\/div><\/div><div class=\"w-separator size_small\"><\/div><div class=\"w-btn-wrapper align_none\"><a class=\"w-btn us-btn-style_6 us_custom_6df4bc3a has_text_color icon_atright\" href=\"https:\/\/solgaz.eu\/sklep\/\"><span class=\"w-btn-label\">Unsere Produkte ansehen<\/span><i class=\"fal fa-arrow-right\"><\/i><\/a><\/div><div class=\"w-separator size_medium\"><\/div><\/div><\/div><div class=\"wpb_column vc_column_container us_custom_7f93ed8f has_bg_color\"><div class=\"vc_column-inner\"><\/div><\/div><\/div><\/div><\/section>\n","protected":false},"excerpt":{"rendered":"","protected":false},"author":1,"featured_media":0,"parent":0,"menu_order":0,"comment_status":"closed","ping_status":"closed","template":"","meta":{"_acf_changed":false,"footnotes":""},"class_list":["post-47245","page","type-page","status-publish","hentry"],"acf":[],"_links":{"self":[{"href":"https:\/\/solgaz.eu\/de\/wp-json\/wp\/v2\/pages\/47245","targetHints":{"allow":["GET"]}}],"collection":[{"href":"https:\/\/solgaz.eu\/de\/wp-json\/wp\/v2\/pages"}],"about":[{"href":"https:\/\/solgaz.eu\/de\/wp-json\/wp\/v2\/types\/page"}],"author":[{"embeddable":true,"href":"https:\/\/solgaz.eu\/de\/wp-json\/wp\/v2\/users\/1"}],"replies":[{"embeddable":true,"href":"https:\/\/solgaz.eu\/de\/wp-json\/wp\/v2\/comments?post=47245"}],"version-history":[{"count":2,"href":"https:\/\/solgaz.eu\/de\/wp-json\/wp\/v2\/pages\/47245\/revisions"}],"predecessor-version":[{"id":47247,"href":"https:\/\/solgaz.eu\/de\/wp-json\/wp\/v2\/pages\/47245\/revisions\/47247"}],"wp:attachment":[{"href":"https:\/\/solgaz.eu\/de\/wp-json\/wp\/v2\/media?parent=47245"}],"curies":[{"name":"wp","href":"https:\/\/api.w.org\/{rel}","templated":true}]}}