{"id":47186,"date":"2025-04-23T10:46:47","date_gmt":"2025-04-23T08:46:47","guid":{"rendered":"https:\/\/dev.solgaz.eu\/?page_id=47186"},"modified":"2025-05-12T19:30:02","modified_gmt":"2025-05-12T17:30:02","slug":"unternehmen","status":"publish","type":"page","link":"https:\/\/solgaz.eu\/de\/unternehmen\/","title":{"rendered":"Unternehmen"},"content":{"rendered":"<section class=\"l-section wpb_row height_auto\"><div class=\"l-section-h i-cf\"><div class=\"g-cols vc_row via_grid cols_1 laptops-cols_inherit tablets-cols_inherit mobiles-cols_1 valign_top type_default stacking_default\"><div class=\"wpb_column vc_column_container\"><div class=\"vc_column-inner\"><nav class=\"g-breadcrumbs us_custom_706c5a45 has_text_color separator_icon align_none\" itemscope itemtype=\"http:\/\/schema.org\/BreadcrumbList\"><div class=\"g-breadcrumbs-item\" itemscope itemprop=\"itemListElement\" itemtype=\"http:\/\/schema.org\/ListItem\"><a itemprop=\"item\" href=\"https:\/\/solgaz.eu\/de\/\"><span itemprop=\"name\">Start<\/span><\/a><meta itemprop=\"position\" content=\"1\"\/><\/div><div class=\"g-breadcrumbs-separator\"><i class=\"far fa-angle-right\"><\/i><\/div><div class=\"g-breadcrumbs-item\">Seiten<\/div><\/nav><\/div><\/div><\/div><\/div><\/section><section class=\"l-section wpb_row height_medium\"><div class=\"l-section-h i-cf\"><div class=\"g-cols vc_row via_grid cols_3-2 laptops-cols_2 tablets-cols_inherit mobiles-cols_1 valign_middle type_default stacking_default\" style=\"--columns-gap:5%;\"><div class=\"wpb_column vc_column_container\"><div class=\"vc_column-inner\"><div class=\"w-image align_none\"><div class=\"w-image-h\"><img decoding=\"async\" width=\"1024\" height=\"640\" src=\"https:\/\/solgaz.eu\/wp-content\/uploads\/2025\/04\/Obszar-kompozycji-12-1024x640.png\" class=\"attachment-large size-large\" alt=\"\" loading=\"lazy\" srcset=\"https:\/\/solgaz.eu\/wp-content\/uploads\/2025\/04\/Obszar-kompozycji-12-1024x640.png 1024w, https:\/\/solgaz.eu\/wp-content\/uploads\/2025\/04\/Obszar-kompozycji-12-300x188.png 300w, https:\/\/solgaz.eu\/wp-content\/uploads\/2025\/04\/Obszar-kompozycji-12-768x480.png 768w, https:\/\/solgaz.eu\/wp-content\/uploads\/2025\/04\/Obszar-kompozycji-12-1536x960.png 1536w, https:\/\/solgaz.eu\/wp-content\/uploads\/2025\/04\/Obszar-kompozycji-12-600x375.png 600w, https:\/\/solgaz.eu\/wp-content\/uploads\/2025\/04\/Obszar-kompozycji-12.png 1920w\" sizes=\"auto, (max-width: 1024px) 100vw, 1024px\"><\/div><\/div><\/div><\/div><div class=\"wpb_column vc_column_container\"><div class=\"vc_column-inner\"><div class=\"wpb_text_column\"><div class=\"wpb_wrapper\"><h1>Marktf\u00fchrer f\u00fcr <em>Gaskochfelder ohne offene Flamme<\/em>.<\/h1>\n<p>Wir sind ein polnisches Unternehmen, das sich auf moderne, funktionale und einzigartige Gaskochfelder spezialisiert hat. Wir haben unser Gesch\u00e4ft in Polen aufgebaut und hier hat unsere patentierte Technologie der Gaskochfelder ohne Flamme ihre Wurzeln.<\/p>\n<p>Heute sind wir f\u00fchrend unter den Herstellern von Gaskochfeldern und Pioniere der innovativen Gas-unter-Glas-Technologie. Anfangs waren SOLGAZ-Produkte haupts\u00e4chlich auf dem polnischen Markt erh\u00e4ltlich, aber mit schnellen Wachstum unseres Unternehmens haben wir beschlossen, unsere Technologie auf dem internationalen Markt einzuf\u00fchren, um letztendlich Ihre K\u00fcchen auf der ganzen Welt zu modernisieren.<\/p>\n<\/div><\/div><div class=\"w-separator size_small\"><\/div><div class=\"w-btn-wrapper align_none\"><a class=\"w-btn us-btn-style_6 icon_atright\" href=\"https:\/\/solgaz.eu\/de\/produkten\/\"><span class=\"w-btn-label\">Unsere Produkte ansehen<\/span><i class=\"fal fa-arrow-right\"><\/i><\/a><\/div><\/div><\/div><\/div><\/div><\/section><section class=\"l-section wpb_row height_medium\"><div class=\"l-section-h i-cf\"><div class=\"g-cols vc_row via_grid cols_3 laptops-cols_inherit tablets-cols_inherit mobiles-cols_1 valign_top type_default stacking_default\"><div class=\"wpb_column vc_column_container\"><div class=\"vc_column-inner\"><div class=\"w-iconbox iconpos_top style_default color_primary align_center no_title icontype_img\"><div class=\"w-iconbox-icon\" style=\"font-size:6rem;\"><img loading=\"lazy\" decoding=\"async\" width=\"393\" height=\"364\" src=\"https:\/\/solgaz.eu\/wp-content\/uploads\/2025\/05\/20jahre-1.webp\" class=\"attachment-full size-full\" alt=\"\" srcset=\"https:\/\/solgaz.eu\/wp-content\/uploads\/2025\/05\/20jahre-1.webp 393w, https:\/\/solgaz.eu\/wp-content\/uploads\/2025\/05\/20jahre-1-300x278.webp 300w\" sizes=\"auto, (max-width: 393px) 100vw, 393px\"><\/div><div class=\"w-iconbox-meta\"><div class=\"w-iconbox-text\"><p><strong>Wir sind seit \u00fcber 20 Jahren auf dem Markt t\u00e4tig<\/strong> und die von uns hergestellten Produkte wurden in Polen entwickelt und patentiert, was die Einzigartigkeit der hierf\u00fcr verwendeten L\u00f6sungen gew\u00e4hrleistet<\/p>\n<\/div><\/div><\/div><\/div><\/div><div class=\"wpb_column vc_column_container\"><div class=\"vc_column-inner\"><div class=\"w-iconbox iconpos_top style_default color_primary align_center no_title icontype_img\"><div class=\"w-iconbox-icon\" style=\"font-size:6rem;\"><img loading=\"lazy\" decoding=\"async\" width=\"300\" height=\"278\" src=\"https:\/\/solgaz.eu\/wp-content\/uploads\/2025\/04\/company-icon-2.webp\" class=\"attachment-full size-full\" alt=\"\"><\/div><div class=\"w-iconbox-meta\"><div class=\"w-iconbox-text\"><p>Wir haben weltweit<br \/><strong>mehr als 200.000<br \/><\/strong>Kochfelder verkauft.<\/p>\n<\/div><\/div><\/div><\/div><\/div><div class=\"wpb_column vc_column_container\"><div class=\"vc_column-inner\"><div class=\"w-iconbox iconpos_top style_default color_primary align_center no_title icontype_img\"><div class=\"w-iconbox-icon\" style=\"font-size:6rem;\"><img loading=\"lazy\" decoding=\"async\" width=\"300\" height=\"278\" src=\"https:\/\/solgaz.eu\/wp-content\/uploads\/2025\/05\/4generation.webp\" class=\"attachment-full size-full\" alt=\"\"><\/div><div class=\"w-iconbox-meta\"><div class=\"w-iconbox-text\"><p>Es werden laufend Forschungs<br \/>und Entwicklungsarbeiten an weiteren<br \/>Editionendurchgef\u00fchrt.<\/p>\n<\/div><\/div><\/div><\/div><\/div><\/div><\/div><\/section><section class=\"l-section wpb_row height_medium\"><div class=\"l-section-h i-cf\"><div class=\"g-cols vc_row via_grid cols_2 laptops-cols_inherit tablets-cols_inherit mobiles-cols_1 valign_top type_boxes stacking_default\" style=\"--columns-gap:0rem;\"><div class=\"wpb_column vc_column_container us_custom_8b3d6790 has_text_color\"><div class=\"vc_column-overlay\" style=\"background:var(--color-chrome-toolbar)\"><\/div><div class=\"vc_column-inner\"><div class=\"w-separator size_medium\"><\/div><div class=\"wpb_text_column\"><div class=\"wpb_wrapper\"><h3>Die \u201eGas-unter-Glas\u201c-Technologie<\/h3>\n<p>Innovative Technologie f\u00fcr Gas-unter-Glas Gaskochfelder ohne offene Flamme. Das Einbau-Gaskochfeld von Solgaz verf\u00fcgt \u00fcber Brenner, die unter einer Glasoberfl\u00e4che versteckt sind. Sie verbinden die Wirtschaftlichkeit und den Komfort von Gas mit dem perfekten Aussehen von Induktionskochfeldern. Das Glas-Gaskochfeld \u201eGas-unter-Glas\u201c ist eine patentierte L\u00f6sung und wird nur von SOLGAZ hergestellt.<\/p>\n<\/div><\/div><div class=\"w-separator size_small\"><\/div><div class=\"w-btn-wrapper align_none\"><a class=\"w-btn us-btn-style_6 us_custom_6df4bc3a has_text_color icon_atright\" href=\"https:\/\/solgaz.eu\/de\/die-gas-unter-glas-technologie\/\"><span class=\"w-btn-label\">Erfahren Sie mehr \u00fcber unsere Technologie<\/span><i class=\"fal fa-arrow-right\"><\/i><\/a><\/div><div class=\"w-separator size_medium\"><\/div><\/div><\/div><div class=\"wpb_column vc_column_container us_custom_7f93ed8f has_bg_color\"><div class=\"vc_column-inner\"><\/div><\/div><\/div><\/div><\/section>\n","protected":false},"excerpt":{"rendered":"","protected":false},"author":1,"featured_media":0,"parent":0,"menu_order":0,"comment_status":"closed","ping_status":"closed","template":"","meta":{"_acf_changed":false,"footnotes":""},"class_list":["post-47186","page","type-page","status-publish","hentry"],"acf":[],"_links":{"self":[{"href":"https:\/\/solgaz.eu\/de\/wp-json\/wp\/v2\/pages\/47186","targetHints":{"allow":["GET"]}}],"collection":[{"href":"https:\/\/solgaz.eu\/de\/wp-json\/wp\/v2\/pages"}],"about":[{"href":"https:\/\/solgaz.eu\/de\/wp-json\/wp\/v2\/types\/page"}],"author":[{"embeddable":true,"href":"https:\/\/solgaz.eu\/de\/wp-json\/wp\/v2\/users\/1"}],"replies":[{"embeddable":true,"href":"https:\/\/solgaz.eu\/de\/wp-json\/wp\/v2\/comments?post=47186"}],"version-history":[{"count":2,"href":"https:\/\/solgaz.eu\/de\/wp-json\/wp\/v2\/pages\/47186\/revisions"}],"predecessor-version":[{"id":47194,"href":"https:\/\/solgaz.eu\/de\/wp-json\/wp\/v2\/pages\/47186\/revisions\/47194"}],"wp:attachment":[{"href":"https:\/\/solgaz.eu\/de\/wp-json\/wp\/v2\/media?parent=47186"}],"curies":[{"name":"wp","href":"https:\/\/api.w.org\/{rel}","templated":true}]}}